{"id":2307,"date":"2025-12-16T23:11:54","date_gmt":"2025-12-16T20:11:54","guid":{"rendered":"https:\/\/test.grshealthtourism.com\/?page_id=2307"},"modified":"2026-02-27T09:44:26","modified_gmt":"2026-02-27T06:44:26","slug":"firma-profili","status":"publish","type":"page","link":"https:\/\/test.grshealthtourism.com\/de\/firma-profili\/","title":{"rendered":"Unternehmensprofil"},"content":{"rendered":"<div data-elementor-type=\"wp-page\" data-elementor-id=\"2307\" class=\"elementor elementor-2307\">\n\t\t\t\t<div class=\"elementor-element elementor-element-416a6817 e-con-full e-flex e-con e-parent\" data-id=\"416a6817\" data-element_type=\"container\">\n\t\t\t\t<div class=\"elementor-element elementor-element-189c1ccc elementor-widget elementor-widget-html\" data-id=\"189c1ccc\" data-element_type=\"widget\" data-widget_type=\"html.default\">\n\t\t\t\t\t<style>\r\n  .detay-banner {\r\n    width: 100%;\r\n    min-height: 280px;\r\n    background: radial-gradient(ellipse at 50% 30%, rgba(180, 180, 180, 0.15) 0%, transparent 50%),\r\n                radial-gradient(ellipse at 30% 70%, rgba(120, 120, 120, 0.08) 0%, transparent 45%),\r\n                radial-gradient(ellipse at 70% 60%, rgba(200, 200, 200, 0.06) 0%, transparent 40%),\r\n                linear-gradient(to bottom, #2a2a2a 0%, #1a1a1a 40%, #0d0d0d 100%);\r\n    display: flex;\r\n    align-items: center;\r\n    justify-content: center;\r\n    position: relative;\r\n    overflow: hidden;\r\n  }\r\n  .detay-banner::before {\r\n    content: '';\r\n    position: absolute;\r\n    top: 0; left: 0; right: 0; bottom: 0;\r\n    background: radial-gradient(ellipse at 50% 40%, rgba(255, 255, 255, 0.05) 0%, transparent 60%);\r\n    pointer-events: none;\r\n  }\r\n  .detay-banner::after {\r\n    content: '';\r\n    position: absolute;\r\n    bottom: 0; left: 0; right: 0;\r\n    height: 2px;\r\n    background: linear-gradient(90deg, transparent 0%, rgba(255, 255, 255, 0.15) 30%, rgba(200, 200, 200, 0.15) 70%, transparent 100%);\r\n  }\r\n  .detay-banner-logo {\r\n    width: 180px;\r\n    height: 180px;\r\n    object-fit: contain;\r\n    position: relative;\r\n    z-index: 1;\r\n    filter: drop-shadow(0 0 40px rgba(255, 255, 255, 0.1)) drop-shadow(0 0 80px rgba(200, 200, 200, 0.05));\r\n  }\r\n  @media (max-width: 767px) {\r\n    .detay-banner { min-height: 200px; }\r\n    .detay-banner-logo { width: 120px; height: 120px; }\r\n  }\r\n  @media (min-width: 768px) and (max-width: 1024px) {\r\n    .detay-banner { min-height: 240px; }\r\n    .detay-banner-logo { width: 150px; height: 150px; }\r\n  }\r\n<\/style>\r\n<div class=\"detay-banner\">\r\n  <img decoding=\"async\" src=\"https:\/\/test.grshealthtourism.com\/wp-content\/uploads\/2025\/12\/grs-favicon.png\" alt=\"GRS Health Tourism\" class=\"detay-banner-logo\">\r\n<\/div>\r\n\t\t\t\t<\/div>\n\t\t\t\t<\/div>\n\t\t<div class=\"elementor-element elementor-element-4d4e1046 e-flex e-con-boxed e-con e-parent\" data-id=\"4d4e1046\" data-element_type=\"container\" data-settings=\"{&quot;background_background&quot;:&quot;classic&quot;}\">\n\t\t\t\t\t<div class=\"e-con-inner\">\n\t\t<div class=\"elementor-element elementor-element-73703f6b e-con-full e-flex e-con e-child\" data-id=\"73703f6b\" data-element_type=\"container\">\n\t\t\t\t<div class=\"elementor-element elementor-element-6b1c1e50 elementor-widget elementor-widget-text-editor\" data-id=\"6b1c1e50\" data-element_type=\"widget\" data-widget_type=\"text-editor.default\">\n\t\t\t\t\t\t\t\t\t<h3>\u201cSA\u011eLIK TUR\u0130ZM\u0130NDE S\u0130Z\u0130 HEDEF PAZARA ULA\u015eTIRIYORUZ\u201d<\/h3><p>Sa\u011fl\u0131k Turizmi alan\u0131nda i\u015fletmenizi ister ba\u015flang\u0131\u00e7 noktas\u0131nda isterseniz herhangi bir a\u015famas\u0131ndan itibaren hedefiniz olan Uluslararas\u0131 Arenaya ta\u015f\u0131yarak s\u00f6z sahibi bir kurulu\u015f haline getiriyoruz.<\/p><h3>\u201cULUSLARARASI SA\u011eLIK TUR\u0130ZM\u0130 EK DE\u011e\u0130L TEK \u0130\u015e\u0130M\u0130Z\u201d<\/h3><p>Muayenehaneler, di\u015f klinikleri, t\u0131p merkezleri, sa\u00e7 ekim merkezleri, estetik merkezleri ve hastaneler i\u00e7in ruhsatland\u0131rma i\u015flemleri ger\u00e7ekle\u015ftiriyoruz. Uluslararas\u0131 sa\u011fl\u0131k turizmi yetki belgesi, uluslararas\u0131 hasta birimlerinin kurulmas\u0131, devlet te\u015fviklerinden yararlanmas\u0131, tesislerin uluslararas\u0131 akreditasyonlar\u0131n\u0131n al\u0131nmas\u0131 ve s\u00fcreklili\u011fin sa\u011flanma s\u00fcrecini eksiksiz tamaml\u0131yoruz. Uluslararas\u0131 pazar yap\u0131s\u0131n\u0131n olu\u015fturulmas\u0131 ile ilgili s\u00fcre\u00e7te de \u00e7\u00f6z\u00fcm \u00f6nerilerimizle sizleri uluslar aras\u0131 arenada \u00f6n s\u0131ralara ta\u015f\u0131yoruz.<\/p>\t\t\t\t\t\t\t\t<\/div>\n\t\t\t\t<\/div>\n\t\t<div class=\"elementor-element elementor-element-7db851da e-con-full e-flex e-con e-child\" data-id=\"7db851da\" data-element_type=\"container\">\n\t\t\t\t<div class=\"elementor-element elementor-element-19596989 elementor-widget elementor-widget-image\" data-id=\"19596989\" data-element_type=\"widget\" data-widget_type=\"image.default\">\n\t\t\t\t\t\t\t\t\t\t\t\t\t\t\t<img fetchpriority=\"high\" decoding=\"async\" width=\"640\" height=\"515\" src=\"https:\/\/test.grshealthtourism.com\/wp-content\/uploads\/2025\/12\/scale_1200-768x618-1.png\" class=\"attachment-large size-large wp-image-2366\" alt=\"\" srcset=\"https:\/\/test.grshealthtourism.com\/wp-content\/uploads\/2025\/12\/scale_1200-768x618-1.png 768w, https:\/\/test.grshealthtourism.com\/wp-content\/uploads\/2025\/12\/scale_1200-768x618-1-300x241.png 300w, https:\/\/test.grshealthtourism.com\/wp-content\/uploads\/2025\/12\/scale_1200-768x618-1-600x483.png 600w\" sizes=\"(max-width: 640px) 100vw, 640px\" \/>\t\t\t\t\t\t\t\t\t\t\t\t\t\t\t<\/div>\n\t\t\t\t<\/div>\n\t\t\t\t\t<\/div>\n\t\t\t\t<\/div>\n\t\t<div class=\"elementor-element elementor-element-44e913d9 e-flex e-con-boxed e-con e-parent\" data-id=\"44e913d9\" data-element_type=\"container\" data-settings=\"{&quot;background_background&quot;:&quot;classic&quot;}\">\n\t\t\t\t\t<div class=\"e-con-inner\">\n\t\t<div class=\"elementor-element elementor-element-6e5d30a2 e-con-full e-flex e-con e-child\" data-id=\"6e5d30a2\" data-element_type=\"container\">\n\t\t\t\t<div class=\"elementor-element elementor-element-4effdcbc elementor-widget elementor-widget-image\" data-id=\"4effdcbc\" data-element_type=\"widget\" data-widget_type=\"image.default\">\n\t\t\t\t\t\t\t\t\t\t\t\t\t\t\t<img decoding=\"async\" width=\"640\" height=\"636\" src=\"https:\/\/test.grshealthtourism.com\/wp-content\/uploads\/2025\/12\/pipeople-1-768x763-1.png\" class=\"attachment-large size-large wp-image-2367\" alt=\"\" srcset=\"https:\/\/test.grshealthtourism.com\/wp-content\/uploads\/2025\/12\/pipeople-1-768x763-1.png 768w, https:\/\/test.grshealthtourism.com\/wp-content\/uploads\/2025\/12\/pipeople-1-768x763-1-300x298.png 300w, https:\/\/test.grshealthtourism.com\/wp-content\/uploads\/2025\/12\/pipeople-1-768x763-1-150x150.png 150w, https:\/\/test.grshealthtourism.com\/wp-content\/uploads\/2025\/12\/pipeople-1-768x763-1-600x596.png 600w, https:\/\/test.grshealthtourism.com\/wp-content\/uploads\/2025\/12\/pipeople-1-768x763-1-100x100.png 100w\" sizes=\"(max-width: 640px) 100vw, 640px\" \/>\t\t\t\t\t\t\t\t\t\t\t\t\t\t\t<\/div>\n\t\t\t\t<\/div>\n\t\t<div class=\"elementor-element elementor-element-1897937c e-con-full e-flex e-con e-child\" data-id=\"1897937c\" data-element_type=\"container\">\n\t\t\t\t<div class=\"elementor-element elementor-element-1e4cefec elementor-widget elementor-widget-text-editor\" data-id=\"1e4cefec\" data-element_type=\"widget\" data-widget_type=\"text-editor.default\">\n\t\t\t\t\t\t\t\t\t<h3>SA\u011eLIK TUR\u0130ZM\u0130\u2019NDE G\u00dc\u00c7L\u00dc ALTYAPI, PROFESYONEL DESTEK!<\/h3><p>Sa\u011fl\u0131k turizmi, \u00fclkemizde en \u00f6nemli ihra\u00e7 kalemlerinden biri haline gelmi\u015f ve her ge\u00e7en g\u00fcn katlanarak b\u00fcy\u00fcmektedir. GRS Health Tourism dan\u0131\u015fmanl\u0131k \u015firketi olarak sa\u011fl\u0131k tesislerimizin uluslararas\u0131 pazara a\u00e7\u0131lmas\u0131 , turizm tesisleri ile seyahat acenteleri gibi kurulu\u015flar\u0131n da sa\u011fl\u0131k turizmi alan\u0131nda faaliyet g\u00f6stermesi i\u00e7in kurulmu\u015ftur. Sa\u011fl\u0131k turizmi alan\u0131nda faaliyet g\u00f6steren oteller, termal tesisler,di\u015f klinikleri, estetik cerrahi, engelli ve ya\u015fl\u0131 bak\u0131m merkezlerinin sa\u011fl\u0131k turizmi sekt\u00f6r\u00fcne girmelerini sa\u011flarken, her s\u00fcre\u00e7te profesyonel ekibimizle 360 derece destek sa\u011fl\u0131yor ve \u00e7\u00f6z\u00fcm orta\u011f\u0131n\u0131z oluyoruz. Geriatri turizm, engelli turizm hakk\u0131nda size t\u00fcm birikimimizi aktar\u0131rken hasta birim s\u00fcrecinde de yan\u0131n\u0131zda yer al\u0131yoruz.<\/p><h3>\u201cSA\u011eLIK TUR\u0130ZM\u0130 DEVLET TE\u015eV\u0130KLER\u0130NDEN YARARLANMANIZI SA\u011eLIYORUZ\u201d<\/h3><p>Sa\u011fl\u0131k turizminde Uluslararas\u0131 s\u00fcrece d\u00e2hil olabilmeniz ad\u0131na, devlet taraf\u0131ndan finanse edilen Sa\u011fl\u0131k Turizmi Te\u015fviklerinden kesintisiz ve maximum d\u00fczeyde yararlanman\u0131z\u0131 sa\u011flayarak sizlerin finans s\u00fcrecini y\u00f6netiyoruz.<\/p>\t\t\t\t\t\t\t\t<\/div>\n\t\t\t\t<\/div>\n\t\t\t\t\t<\/div>\n\t\t\t\t<\/div>\n\t\t<div class=\"elementor-element elementor-element-75f7534a e-flex e-con-boxed e-con e-parent\" data-id=\"75f7534a\" data-element_type=\"container\" data-settings=\"{&quot;background_background&quot;:&quot;classic&quot;}\">\n\t\t\t\t\t<div class=\"e-con-inner\">\n\t\t<div class=\"elementor-element elementor-element-2f614c59 e-con-full e-flex e-con e-child\" data-id=\"2f614c59\" data-element_type=\"container\">\n\t\t\t\t<div class=\"elementor-element elementor-element-15a18af0 elementor-widget elementor-widget-text-editor\" data-id=\"15a18af0\" data-element_type=\"widget\" data-widget_type=\"text-editor.default\">\n\t\t\t\t\t\t\t\t\t<h3>M\u00fc\u015fterilerimizin Bizi Tercih Etme Nedenleri \u2026<\/h3><ul><li>\u0130\u015fletme i\u00e7in t\u00fcm a\u015famalarda konusunda uzman dan\u0131\u015fmanlar\u0131m\u0131zla proje ekibi olarak proje bazl\u0131 \u00e7al\u0131\u015f\u0131yoruz.<\/li><li>Taahh\u00fct edilen her hizmet i\u00e7in i\u015fletmeye \u00f6zel s\u00f6zle\u015fme imzalan\u0131yor, \u0130\u015fletmenin t\u00fcm hak ve sorumluluklar\u0131n\u0131 koruyor hizmetlerini eksiksiz almalar\u0131n\u0131 sa\u011fl\u0131yoruz.<\/li><li>Proje bazl\u0131 dan\u0131\u015fmanl\u0131k hizmetimiz de her a\u015famas\u0131nda geli\u015fme raporlar\u0131 ve i\u015f bitiminde sonu\u00e7 raporlar\u0131n\u0131 sunuyoruz.<\/li><li>Hem firmam\u0131z hem de \u00e7\u00f6z\u00fcm sa\u011flay\u0131c\u0131 firmalar ad\u0131na devlet te\u015fviklerinden reel ve objektif fiyatland\u0131rmalar yap\u0131yor, bundan dolay\u0131 te\u015fviklerden etkin ve s\u00fcrekli yararlanmalar\u0131n\u0131, sa\u011fl\u0131yoruz.<\/li><li>B\u00fcrokratik s\u00fcre\u00e7lerde objektif ve etik kurallara uygun \u00e7al\u0131\u015f\u0131yoruz her a\u015famas\u0131nda proje i\u00e7erisinde yer alan her kuruma detayl\u0131 bilgi veriyoruz.<\/li><li>Dan\u0131\u015fmanl\u0131k hizmeti sona erdi\u011finde kurumun t\u00fcm s\u00fcre\u00e7leri kendi ba\u015f\u0131na y\u00fcr\u00fctmelerini sa\u011fl\u0131yor s\u00fcrekli bir d\u00f6ng\u00fc i\u00e7erisinde tutuyoruz.<\/li><li>Verdi\u011fimiz hizmet bedellerini proje i\u00e7inde tamamlanan ana proseslerin bitiminde d\u00f6nemsel olarak al\u0131yoruz.<\/li><\/ul>\t\t\t\t\t\t\t\t<\/div>\n\t\t\t\t<\/div>\n\t\t\t\t\t<\/div>\n\t\t\t\t<\/div>\n\t\t\t\t<\/div>","protected":false},"excerpt":{"rendered":"<p>\u201cSA\u011eLIK TUR\u0130ZM\u0130NDE S\u0130Z\u0130 HEDEF PAZARA ULA\u015eTIRIYORUZ\u201d Sa\u011fl\u0131k Turizmi alan\u0131nda i\u015fletmenizi ister ba\u015flang\u0131\u00e7 noktas\u0131nda isterseniz herhangi bir a\u015famas\u0131ndan itibaren hedefiniz olan Uluslararas\u0131 Arenaya ta\u015f\u0131yarak s\u00f6z sahibi bir kurulu\u015f haline getiriyoruz. \u201cULUSLARARASI SA\u011eLIK TUR\u0130ZM\u0130 EK DE\u011e\u0130L TEK \u0130\u015e\u0130M\u0130Z\u201d Muayenehaneler, di\u015f klinikleri, t\u0131p merkezleri, sa\u00e7 ekim merkezleri, estetik merkezleri ve hastaneler i\u00e7in ruhsatland\u0131rma i\u015flemleri ger\u00e7ekle\u015ftiriyoruz. Uluslararas\u0131 sa\u011fl\u0131k turizmi [&hellip;]<\/p>","protected":false},"author":1,"featured_media":0,"parent":0,"menu_order":0,"comment_status":"closed","ping_status":"closed","template":"elementor_header_footer","meta":{"_eb_attr":"","_joinchat":[],"footnotes":""},"class_list":["post-2307","page","type-page","status-publish","hentry"],"_links":{"self":[{"href":"https:\/\/test.grshealthtourism.com\/de\/wp-json\/wp\/v2\/pages\/2307","targetHints":{"allow":["GET"]}}],"collection":[{"href":"https:\/\/test.grshealthtourism.com\/de\/wp-json\/wp\/v2\/pages"}],"about":[{"href":"https:\/\/test.grshealthtourism.com\/de\/wp-json\/wp\/v2\/types\/page"}],"author":[{"embeddable":true,"href":"https:\/\/test.grshealthtourism.com\/de\/wp-json\/wp\/v2\/users\/1"}],"replies":[{"embeddable":true,"href":"https:\/\/test.grshealthtourism.com\/de\/wp-json\/wp\/v2\/comments?post=2307"}],"version-history":[{"count":17,"href":"https:\/\/test.grshealthtourism.com\/de\/wp-json\/wp\/v2\/pages\/2307\/revisions"}],"predecessor-version":[{"id":3064,"href":"https:\/\/test.grshealthtourism.com\/de\/wp-json\/wp\/v2\/pages\/2307\/revisions\/3064"}],"wp:attachment":[{"href":"https:\/\/test.grshealthtourism.com\/de\/wp-json\/wp\/v2\/media?parent=2307"}],"curies":[{"name":"wp","href":"https:\/\/api.w.org\/{rel}","templated":true}]}}