{"id":2311,"date":"2025-12-16T23:12:29","date_gmt":"2025-12-16T20:12:29","guid":{"rendered":"https:\/\/test.grshealthtourism.com\/?page_id=2311"},"modified":"2026-02-27T09:45:59","modified_gmt":"2026-02-27T06:45:59","slug":"misyon-vizyon","status":"publish","type":"page","link":"https:\/\/test.grshealthtourism.com\/de\/misyon-vizyon\/","title":{"rendered":"Mission und Vision"},"content":{"rendered":"<div data-elementor-type=\"wp-page\" data-elementor-id=\"2311\" class=\"elementor elementor-2311\">\n\t\t\t\t<div class=\"elementor-element elementor-element-4bdff0d0 e-con-full e-flex e-con e-parent\" data-id=\"4bdff0d0\" data-element_type=\"container\">\n\t\t\t\t<div class=\"elementor-element elementor-element-5dc3975f elementor-widget elementor-widget-html\" data-id=\"5dc3975f\" data-element_type=\"widget\" data-widget_type=\"html.default\">\n\t\t\t\t\t<style>\r\n  .detay-banner {\r\n    width: 100%;\r\n    min-height: 280px;\r\n    background: radial-gradient(ellipse at 50% 30%, rgba(180, 180, 180, 0.15) 0%, transparent 50%),\r\n                radial-gradient(ellipse at 30% 70%, rgba(120, 120, 120, 0.08) 0%, transparent 45%),\r\n                radial-gradient(ellipse at 70% 60%, rgba(200, 200, 200, 0.06) 0%, transparent 40%),\r\n                linear-gradient(to bottom, #2a2a2a 0%, #1a1a1a 40%, #0d0d0d 100%);\r\n    display: flex;\r\n    align-items: center;\r\n    justify-content: center;\r\n    position: relative;\r\n    overflow: hidden;\r\n  }\r\n  .detay-banner::before {\r\n    content: '';\r\n    position: absolute;\r\n    top: 0; left: 0; right: 0; bottom: 0;\r\n    background: radial-gradient(ellipse at 50% 40%, rgba(255, 255, 255, 0.05) 0%, transparent 60%);\r\n    pointer-events: none;\r\n  }\r\n  .detay-banner::after {\r\n    content: '';\r\n    position: absolute;\r\n    bottom: 0; left: 0; right: 0;\r\n    height: 2px;\r\n    background: linear-gradient(90deg, transparent 0%, rgba(255, 255, 255, 0.15) 30%, rgba(200, 200, 200, 0.15) 70%, transparent 100%);\r\n  }\r\n  .detay-banner-logo {\r\n    width: 180px;\r\n    height: 180px;\r\n    object-fit: contain;\r\n    position: relative;\r\n    z-index: 1;\r\n    filter: drop-shadow(0 0 40px rgba(255, 255, 255, 0.1)) drop-shadow(0 0 80px rgba(200, 200, 200, 0.05));\r\n  }\r\n  @media (max-width: 767px) {\r\n    .detay-banner { min-height: 200px; }\r\n    .detay-banner-logo { width: 120px; height: 120px; }\r\n  }\r\n  @media (min-width: 768px) and (max-width: 1024px) {\r\n    .detay-banner { min-height: 240px; }\r\n    .detay-banner-logo { width: 150px; height: 150px; }\r\n  }\r\n<\/style>\r\n<div class=\"detay-banner\">\r\n  <img decoding=\"async\" src=\"https:\/\/test.grshealthtourism.com\/wp-content\/uploads\/2025\/12\/grs-favicon.png\" alt=\"GRS Health Tourism\" class=\"detay-banner-logo\">\r\n<\/div>\r\n\t\t\t\t<\/div>\n\t\t\t\t<\/div>\n\t\t<div class=\"elementor-element elementor-element-64cefeef e-flex e-con-boxed e-con e-parent\" data-id=\"64cefeef\" data-element_type=\"container\" data-settings=\"{&quot;background_background&quot;:&quot;classic&quot;}\">\n\t\t\t\t\t<div class=\"e-con-inner\">\n\t\t<div class=\"elementor-element elementor-element-6ac3d294 e-con-full e-flex e-con e-child\" data-id=\"6ac3d294\" data-element_type=\"container\">\n\t\t\t\t<div class=\"elementor-element elementor-element-2405a44c elementor-widget elementor-widget-text-editor\" data-id=\"2405a44c\" data-element_type=\"widget\" data-widget_type=\"text-editor.default\">\n\t\t\t\t\t\t\t\t\t<h2>Misyonumuz<\/h2><p>GRS Health Tourism Dan\u0131\u015fmanl\u0131k olarak misyonumuz; d\u00fcnyada ve T\u00fcrkiye\u2019de gelece\u011fin en \u00f6nemli sekt\u00f6r\u00fc olacak Sa\u011fl\u0131k Turizmi alan\u0131nda \u00f6nc\u00fc olmak isteyen kurulu\u015flar\u0131n ihtiyac\u0131na uygun \u00e7\u00f6z\u00fcmler geli\u015ftirip, hasta merkezli sa\u011fl\u0131k hizmetlerinin kalite, hizmet ve d\u00fcnya \u00e7ap\u0131ndaki akreditasyonlar\u0131n en iyi standartlar\u0131nda m\u00fckemmellik sa\u011flamak , hastalar ve t\u0131bbi sa\u011flay\u0131c\u0131lar aras\u0131nda en iyi \u00e7\u00f6z\u00fcmleri sunarak yasalara ve y\u00f6netmeliklere ayn\u0131 zamanda etik kurallara s\u0131k\u0131 s\u0131k\u0131ya ba\u011fl\u0131 kalarak, yenilik\u00e7i prensipleri ve ileri teknolojiyi kullanarak firmalara dan\u0131\u015fmanl\u0131k hizmeti vermek.<\/p><h2>Vizyonumuz<\/h2><p>S\u00fcrekli kendimizi geli\u015ftiriyor, i\u015fletme sorunlar\u0131n\u0131 s\u00fcrekli \u015fekil de\u011fi\u015ftirdi\u011fini biliyor, yeni ve inovatif \u00e7\u00f6z\u00fcmler pe\u015finde ko\u015fuyoruz. Y\u00fcksek bilgi birikimimiz ve kendi alan\u0131nda profesyonel dan\u0131\u015fmanlar\u0131m\u0131z ile sa\u011fl\u0131k turizmi alan\u0131nda T\u00fcrkiye\u2018nin en iyi dan\u0131\u015fmanl\u0131k \u015firketi olmay\u0131 hedefliyoruz.<\/p>\t\t\t\t\t\t\t\t<\/div>\n\t\t\t\t<\/div>\n\t\t<div class=\"elementor-element elementor-element-54a28106 e-con-full e-flex e-con e-child\" data-id=\"54a28106\" data-element_type=\"container\">\n\t\t\t\t<div class=\"elementor-element elementor-element-f9c917c elementor-widget elementor-widget-image\" data-id=\"f9c917c\" data-element_type=\"widget\" data-widget_type=\"image.default\">\n\t\t\t\t\t\t\t\t\t\t\t\t\t\t\t<img fetchpriority=\"high\" decoding=\"async\" width=\"640\" height=\"427\" src=\"https:\/\/test.grshealthtourism.com\/wp-content\/uploads\/2025\/12\/new.png\" class=\"attachment-large size-large wp-image-2399\" alt=\"\" srcset=\"https:\/\/test.grshealthtourism.com\/wp-content\/uploads\/2025\/12\/new.png 1024w, https:\/\/test.grshealthtourism.com\/wp-content\/uploads\/2025\/12\/new-300x200.png 300w, https:\/\/test.grshealthtourism.com\/wp-content\/uploads\/2025\/12\/new-768x512.png 768w, https:\/\/test.grshealthtourism.com\/wp-content\/uploads\/2025\/12\/new-600x400.png 600w\" sizes=\"(max-width: 640px) 100vw, 640px\" \/>\t\t\t\t\t\t\t\t\t\t\t\t\t\t\t<\/div>\n\t\t\t\t<\/div>\n\t\t\t\t\t<\/div>\n\t\t\t\t<\/div>\n\t\t\t\t<\/div>","protected":false},"excerpt":{"rendered":"<p>Misyonumuz GRS Health Tourism Dan\u0131\u015fmanl\u0131k olarak misyonumuz; d\u00fcnyada ve T\u00fcrkiye\u2019de gelece\u011fin en \u00f6nemli sekt\u00f6r\u00fc olacak Sa\u011fl\u0131k Turizmi alan\u0131nda \u00f6nc\u00fc olmak isteyen kurulu\u015flar\u0131n ihtiyac\u0131na uygun \u00e7\u00f6z\u00fcmler geli\u015ftirip, hasta merkezli sa\u011fl\u0131k hizmetlerinin kalite, hizmet ve d\u00fcnya \u00e7ap\u0131ndaki akreditasyonlar\u0131n en iyi standartlar\u0131nda m\u00fckemmellik sa\u011flamak , hastalar ve t\u0131bbi sa\u011flay\u0131c\u0131lar aras\u0131nda en iyi \u00e7\u00f6z\u00fcmleri sunarak yasalara ve y\u00f6netmeliklere ayn\u0131 [&hellip;]<\/p>","protected":false},"author":1,"featured_media":0,"parent":0,"menu_order":0,"comment_status":"closed","ping_status":"closed","template":"elementor_header_footer","meta":{"_eb_attr":"","_joinchat":[],"footnotes":""},"class_list":["post-2311","page","type-page","status-publish","hentry"],"_links":{"self":[{"href":"https:\/\/test.grshealthtourism.com\/de\/wp-json\/wp\/v2\/pages\/2311","targetHints":{"allow":["GET"]}}],"collection":[{"href":"https:\/\/test.grshealthtourism.com\/de\/wp-json\/wp\/v2\/pages"}],"about":[{"href":"https:\/\/test.grshealthtourism.com\/de\/wp-json\/wp\/v2\/types\/page"}],"author":[{"embeddable":true,"href":"https:\/\/test.grshealthtourism.com\/de\/wp-json\/wp\/v2\/users\/1"}],"replies":[{"embeddable":true,"href":"https:\/\/test.grshealthtourism.com\/de\/wp-json\/wp\/v2\/comments?post=2311"}],"version-history":[{"count":14,"href":"https:\/\/test.grshealthtourism.com\/de\/wp-json\/wp\/v2\/pages\/2311\/revisions"}],"predecessor-version":[{"id":3070,"href":"https:\/\/test.grshealthtourism.com\/de\/wp-json\/wp\/v2\/pages\/2311\/revisions\/3070"}],"wp:attachment":[{"href":"https:\/\/test.grshealthtourism.com\/de\/wp-json\/wp\/v2\/media?parent=2311"}],"curies":[{"name":"wp","href":"https:\/\/api.w.org\/{rel}","templated":true}]}}