{"id":2313,"date":"2025-12-16T23:12:43","date_gmt":"2025-12-16T20:12:43","guid":{"rendered":"https:\/\/test.grshealthtourism.com\/?page_id=2313"},"modified":"2026-02-27T09:46:23","modified_gmt":"2026-02-27T06:46:23","slug":"calisma-yapimiz","status":"publish","type":"page","link":"https:\/\/test.grshealthtourism.com\/de\/calisma-yapimiz\/","title":{"rendered":"Unsere Arbeitsstruktur"},"content":{"rendered":"<div data-elementor-type=\"wp-page\" data-elementor-id=\"2313\" class=\"elementor elementor-2313\">\n\t\t\t\t<div class=\"elementor-element elementor-element-2c52593e e-con-full e-flex e-con e-parent\" data-id=\"2c52593e\" data-element_type=\"container\">\n\t\t\t\t<div class=\"elementor-element elementor-element-505e036a elementor-widget elementor-widget-html\" data-id=\"505e036a\" data-element_type=\"widget\" data-widget_type=\"html.default\">\n\t\t\t\t\t<style>\r\n  .detay-banner {\r\n    width: 100%;\r\n    min-height: 280px;\r\n    background: radial-gradient(ellipse at 50% 30%, rgba(180, 180, 180, 0.15) 0%, transparent 50%),\r\n                radial-gradient(ellipse at 30% 70%, rgba(120, 120, 120, 0.08) 0%, transparent 45%),\r\n                radial-gradient(ellipse at 70% 60%, rgba(200, 200, 200, 0.06) 0%, transparent 40%),\r\n                linear-gradient(to bottom, #2a2a2a 0%, #1a1a1a 40%, #0d0d0d 100%);\r\n    display: flex;\r\n    align-items: center;\r\n    justify-content: center;\r\n    position: relative;\r\n    overflow: hidden;\r\n  }\r\n  .detay-banner::before {\r\n    content: '';\r\n    position: absolute;\r\n    top: 0; left: 0; right: 0; bottom: 0;\r\n    background: radial-gradient(ellipse at 50% 40%, rgba(255, 255, 255, 0.05) 0%, transparent 60%);\r\n    pointer-events: none;\r\n  }\r\n  .detay-banner::after {\r\n    content: '';\r\n    position: absolute;\r\n    bottom: 0; left: 0; right: 0;\r\n    height: 2px;\r\n    background: linear-gradient(90deg, transparent 0%, rgba(255, 255, 255, 0.15) 30%, rgba(200, 200, 200, 0.15) 70%, transparent 100%);\r\n  }\r\n  .detay-banner-logo {\r\n    width: 180px;\r\n    height: 180px;\r\n    object-fit: contain;\r\n    position: relative;\r\n    z-index: 1;\r\n    filter: drop-shadow(0 0 40px rgba(255, 255, 255, 0.1)) drop-shadow(0 0 80px rgba(200, 200, 200, 0.05));\r\n  }\r\n  @media (max-width: 767px) {\r\n    .detay-banner { min-height: 200px; }\r\n    .detay-banner-logo { width: 120px; height: 120px; }\r\n  }\r\n  @media (min-width: 768px) and (max-width: 1024px) {\r\n    .detay-banner { min-height: 240px; }\r\n    .detay-banner-logo { width: 150px; height: 150px; }\r\n  }\r\n<\/style>\r\n<div class=\"detay-banner\">\r\n  <img decoding=\"async\" src=\"https:\/\/test.grshealthtourism.com\/wp-content\/uploads\/2025\/12\/grs-favicon.png\" alt=\"GRS Health Tourism\" class=\"detay-banner-logo\">\r\n<\/div>\r\n\t\t\t\t<\/div>\n\t\t\t\t<\/div>\n\t\t<div class=\"elementor-element elementor-element-680273fa e-flex e-con-boxed e-con e-parent\" data-id=\"680273fa\" data-element_type=\"container\" data-settings=\"{&quot;background_background&quot;:&quot;classic&quot;}\">\n\t\t\t\t\t<div class=\"e-con-inner\">\n\t\t<div class=\"elementor-element elementor-element-1108984b e-con-full e-flex e-con e-child\" data-id=\"1108984b\" data-element_type=\"container\">\n\t\t\t\t<div class=\"elementor-element elementor-element-33dbfa98 elementor-widget elementor-widget-text-editor\" data-id=\"33dbfa98\" data-element_type=\"widget\" data-widget_type=\"text-editor.default\">\n\t\t\t\t\t\t\t\t\t<h1 class=\"vw-page-title\">Unsere Arbeitsstruktur<\/h1><p>Sa\u011fl\u0131k turizmi \u00fclkemizde ve d\u00fcnyada yeni bir trend olmas\u0131 ile birlikte h\u0131zla b\u00fcy\u00fcyen bir yap\u0131ya sahiptir. Bu konuda sa\u011fl\u0131k altyap\u0131s\u0131n\u0131 tamamlam\u0131\u015f \u00fclkeler i\u00e7in ise \u00f6nemli bir gelir kayna\u011f\u0131 haline d\u00f6n\u00fc\u015fm\u00fc\u015ft\u00fcr.<\/p><p><strong>M\u00fckemmel sonu\u00e7lar elde etmek i\u00e7in yurtd\u0131\u015f\u0131nda ve \u00fclkemizde alan\u0131nda uzman \u015firketlerle birlikte \u00e7al\u0131\u015f\u0131yoruz.<\/strong><\/p><p>Sa\u011fl\u0131k turizmi, \u00fclkesinden al\u0131nan bir hastan\u0131n tedavi edilip \u00fclkesine gidene kadar ya\u015fanan bir s\u00fcre\u00e7 y\u00f6netimidir. Sa\u011fl\u0131k altyap\u0131s\u0131, tesis kalitemiz, hizmet sunumunda ki hekimlerimiz ne kadar iyi olsa da bu s\u00fcre\u00e7 y\u00f6netiminde her \u015feyin eksiksiz ve m\u00fckemmel olmas\u0131 beklenir. Bu anlamda sa\u011fl\u0131k hizmetinin sunumunun yan\u0131 s\u0131ra \u00fclkemizde ruhsatland\u0131rma, Sa\u011fl\u0131k Turizmi Te\u015fvik ve Sa\u011fl\u0131k Turizmi Devlet desteklerinden yararlanma, Personel E\u011fitimi ve \u0130stihdam\u0131, Uluslararas\u0131 Sa\u011fl\u0131k Birimi kurulmas\u0131 ve y\u00f6netilmesi, Ulusal d\u00fczeyde Akreditasyon, Uluslararas\u0131 arenada ise d\u0131\u015f pazar analizi, uluslararas\u0131 akreditasyon, arac\u0131 kurulu\u015flar ve yurtd\u0131\u015f\u0131 partnerlikler gibi s\u00fcre\u00e7lerinin y\u00f6netilmesi gereklidir.<\/p><p><strong>GRS Health Tourism Dan\u0131\u015fmanl\u0131k<\/strong>\u00a0olarak konusunda uzman dan\u0131\u015fmanlar\u0131m\u0131zla birlikte ulusal ve uluslararas\u0131 d\u00fczeyde t\u00fcm yetkileri kazanm\u0131\u015f, devlet te\u015fvik ve desteklerinden yararlanma kabiliyetleri ile birlikte elimizdeki hizmeti en iyi \u015fekilde pazarlay\u0131p \u00fclkemize ve sa\u011fl\u0131k turizmi tesislerine\u00a0 katma de\u011fer kazand\u0131rmak i\u00e7in \u00e7al\u0131\u015f\u0131yoruz.<\/p>\t\t\t\t\t\t\t\t<\/div>\n\t\t\t\t<\/div>\n\t\t<div class=\"elementor-element elementor-element-13e43fe8 e-con-full e-flex e-con e-child\" data-id=\"13e43fe8\" data-element_type=\"container\">\n\t\t\t\t<div class=\"elementor-element elementor-element-5e779f06 elementor-widget elementor-widget-image\" data-id=\"5e779f06\" data-element_type=\"widget\" data-widget_type=\"image.default\">\n\t\t\t\t\t\t\t\t\t\t\t\t\t\t\t<img fetchpriority=\"high\" decoding=\"async\" width=\"640\" height=\"412\" src=\"https:\/\/test.grshealthtourism.com\/wp-content\/uploads\/2025\/12\/Fotolia_53776842_V-1024x659-1.jpg\" class=\"attachment-large size-large wp-image-2403\" alt=\"\" srcset=\"https:\/\/test.grshealthtourism.com\/wp-content\/uploads\/2025\/12\/Fotolia_53776842_V-1024x659-1.jpg 1024w, https:\/\/test.grshealthtourism.com\/wp-content\/uploads\/2025\/12\/Fotolia_53776842_V-1024x659-1-300x193.jpg 300w, https:\/\/test.grshealthtourism.com\/wp-content\/uploads\/2025\/12\/Fotolia_53776842_V-1024x659-1-768x494.jpg 768w, https:\/\/test.grshealthtourism.com\/wp-content\/uploads\/2025\/12\/Fotolia_53776842_V-1024x659-1-600x386.jpg 600w\" sizes=\"(max-width: 640px) 100vw, 640px\" \/>\t\t\t\t\t\t\t\t\t\t\t\t\t\t\t<\/div>\n\t\t\t\t<\/div>\n\t\t\t\t\t<\/div>\n\t\t\t\t<\/div>\n\t\t<div class=\"elementor-element elementor-element-15008645 e-con-full e-flex e-con e-parent\" data-id=\"15008645\" data-element_type=\"container\" data-settings=\"{&quot;background_background&quot;:&quot;classic&quot;}\">\n\t\t\t\t<div class=\"elementor-element elementor-element-7a93cbc8 elementor-widget elementor-widget-html\" data-id=\"7a93cbc8\" data-element_type=\"widget\" data-widget_type=\"html.default\">\n\t\t\t\t\t<style>\r\n  .danismanlik-section {\r\n    max-width: 900px;\r\n    margin: 0 auto;\r\n    padding: 40px 20px;\r\n    font-family: 'Segoe UI', Arial, sans-serif;\r\n  }\r\n\r\n  .danismanlik-card {\r\n    background: #1a1a1a;\r\n    border-radius: 16px;\r\n    padding: 40px;\r\n    border: 1px solid rgba(255, 255, 255, 0.08);\r\n  }\r\n\r\n  .danismanlik-baslik-link {\r\n    display: inline-flex;\r\n    align-items: center;\r\n    gap: 10px;\r\n    margin-bottom: 8px;\r\n    text-decoration: none;\r\n    padding: 10px 20px;\r\n    border-radius: 10px;\r\n    background: rgba(255, 255, 255, 0.05);\r\n    border: 1px solid rgba(255, 255, 255, 0.12);\r\n    transition: all 0.3s ease;\r\n    cursor: pointer;\r\n  }\r\n\r\n  .danismanlik-baslik-link:hover {\r\n    background: rgba(255, 255, 255, 0.1);\r\n    border-color: rgba(255, 255, 255, 0.4);\r\n    transform: translateX(6px);\r\n    box-shadow: 0 4px 20px rgba(0, 0, 0, 0.3);\r\n    text-decoration: none;\r\n  }\r\n\r\n  .danismanlik-baslik-icon {\r\n    color: #ffffff;\r\n    font-size: 24px;\r\n  }\r\n\r\n  .danismanlik-baslik-link h3 {\r\n    font-size: 24px;\r\n    font-weight: 700;\r\n    color: #ffffff;\r\n    margin: 0;\r\n  }\r\n\r\n  .danismanlik-baslik-arrow {\r\n    margin-left: 6px;\r\n    transition: transform 0.3s ease;\r\n  }\r\n\r\n  .danismanlik-baslik-link:hover .danismanlik-baslik-arrow {\r\n    transform: translateX(4px);\r\n  }\r\n\r\n  .danismanlik-alt-baslik {\r\n    font-size: 15px;\r\n    color: #d4d4d4;\r\n    margin-bottom: 25px;\r\n    font-style: italic;\r\n  }\r\n\r\n  .danismanlik-aciklama {\r\n    font-size: 15px;\r\n    color: #d4d4d4;\r\n    line-height: 1.8;\r\n    margin-bottom: 28px;\r\n  }\r\n\r\n  .danismanlik-divider {\r\n    height: 1px;\r\n    background: rgba(255, 255, 255, 0.08);\r\n    margin-bottom: 28px;\r\n  }\r\n\r\n  .danismanlik-liste {\r\n    list-style: none;\r\n    padding: 0;\r\n    margin: 0;\r\n    display: flex;\r\n    flex-direction: column;\r\n    gap: 12px;\r\n  }\r\n\r\n  .danismanlik-liste li {\r\n    display: flex;\r\n    align-items: flex-start;\r\n    gap: 10px;\r\n    font-size: 14px;\r\n    color: #d4d4d4;\r\n    line-height: 1.7;\r\n    padding: 12px 16px;\r\n    background: rgba(255, 255, 255, 0.03);\r\n    border-radius: 10px;\r\n    border-left: 3px solid rgba(255, 255, 255, 0.3);\r\n  }\r\n\r\n  .danismanlik-liste-icon {\r\n    flex-shrink: 0;\r\n    color: #ffffff;\r\n    margin-top: 2px;\r\n  }\r\n\r\n  @media (max-width: 767px) {\r\n    .danismanlik-card {\r\n      padding: 25px 18px;\r\n    }\r\n\r\n    .danismanlik-baslik-link {\r\n      padding: 8px 14px;\r\n    }\r\n\r\n    .danismanlik-baslik-link h3 {\r\n      font-size: 18px;\r\n    }\r\n\r\n    .danismanlik-aciklama {\r\n      font-size: 14px;\r\n    }\r\n\r\n    .danismanlik-liste li {\r\n      font-size: 13px;\r\n      padding: 10px 12px;\r\n    }\r\n  }\r\n<\/style>\r\n\r\n<div class=\"danismanlik-section\">\r\n  <div class=\"danismanlik-card\">\r\n\r\n    <a href=\"#\" class=\"danismanlik-baslik-link\" id=\"danismanlikLink\">\r\n      <span class=\"danismanlik-baslik-icon\">\u2714\ufe0e<\/span>\r\n      <h3>Dan\u0131\u015fmanl\u0131k Talep Formumuzu Doldurun<\/h3>\r\n      <svg class=\"danismanlik-baslik-arrow\" width=\"20\" height=\"20\" viewbox=\"0 0 24 24\" fill=\"none\" stroke=\"#ffffff\" stroke-width=\"2.5\" stroke-linecap=\"round\" stroke-linejoin=\"round\"><path d=\"M5 12h14\"\/><path d=\"m12 5 7 7-7 7\"\/><\/svg>\r\n    <\/a>\r\n\r\n    <p class=\"danismanlik-alt-baslik\">De\u011ferlendirip en k\u0131sa s\u00fcrede uzman ekibimiz ile sizi ziyaret edelim.<\/p>\r\n\r\n    <p class=\"danismanlik-aciklama\">Dan\u0131\u015fmanl\u0131k formuna kay\u0131t olduktan sonra talep edilen hizmet ve firma bilgileri ile birlikte size \u00f6zel \u00fccretsiz bir \u00f6n de\u011ferlendirme raporu g\u00f6nderiyoruz. Daha sonra \u00f6n de\u011ferlendirme raporunda mutab\u0131k kal\u0131nan konular\u0131 de\u011ferlendirmek \u00fczere talep edilen hizmet \u00e7er\u00e7evesinde dan\u0131\u015fmanlar\u0131m\u0131z ve \u00e7al\u0131\u015fma ekibimizle birlikte tesis ziyareti yap\u0131l\u0131yor. Bu ziyaretimiz esnas\u0131nda ruhsatland\u0131rma, uluslararas\u0131 pazar yap\u0131s\u0131na kadar t\u00fcm s\u00fcre\u00e7ler tan\u0131mlan\u0131yoruz.<\/p>\r\n\r\n    <div class=\"danismanlik-divider\"><\/div>\r\n\r\n    <ul class=\"danismanlik-liste\">\r\n      <li>\r\n        <span class=\"danismanlik-liste-icon\">\u2022<\/span>\r\n        Birinci a\u015famadan itibaren dan\u0131\u015fman firma ile tesis aras\u0131nda tesis y\u00fck\u00fcml\u00fcl\u00fc\u011f\u00fcn\u00fc i\u00e7eren bir s\u00f6zle\u015fme imzalan\u0131yor\r\n      <\/li>\r\n      <li>\r\n        <span class=\"danismanlik-liste-icon\">\u2022<\/span>\r\n        S\u00f6zle\u015fme \u00f6ncesi i\u015f plan\u0131n\u0131 i\u00e7eren \u00f6n de\u011ferlendirme raporu \u00fccretsiz sunulur\r\n      <\/li>\r\n      <li>\r\n        <span class=\"danismanlik-liste-icon\">\u2022<\/span>\r\n        Tesisin yasal mercilere beyan etmesi gereken bilgi ve belgeler (e-imza, zorunlu personel istihdam\u0131\u2026vb) tesisin y\u00fck\u00fcml\u00fcl\u00fc\u011f\u00fcnde olup bundan kaynakl\u0131 gecikmeler tesisin sorumlulu\u011fundad\u0131r\r\n      <\/li>\r\n      <li>\r\n        <span class=\"danismanlik-liste-icon\">\u2022<\/span>\r\n        Tesisin proje s\u00fcrecinde talep etti\u011fi ek hizmetler ekstra olarak de\u011ferlendirilir. Kar\u015f\u0131l\u0131kl\u0131 mutabakat olunarak karar verilir\r\n      <\/li>\r\n      <li>\r\n        <span class=\"danismanlik-liste-icon\">\u2022<\/span>\r\n        Tesisin Uluslararas\u0131 Pazarlama Faaliyetleri i\u00e7in \u00f6denen (interaktif pazarlama, reklam, tan\u0131t\u0131m, yay\u0131n kurulu\u015flar\u0131) ve akreditasyon kurulu\u015flar\u0131na \u00f6denen belgelenme giderleri ile devlete \u00f6denen resmi har\u00e7lar tesis y\u00fck\u00fcml\u00fcl\u00fc\u011f\u00fcnde olup dan\u0131\u015fmanl\u0131k hizmeti i\u00e7erisinde de\u011ferlendirilmez\r\n      <\/li>\r\n      <li>\r\n        <span class=\"danismanlik-liste-icon\">\u2022<\/span>\r\n        Tesis ziyaretleri gereken durumlarda konaklama ve ula\u015f\u0131m masraflar\u0131 tesise aittir\r\n      <\/li>\r\n    <\/ul>\r\n\r\n  <\/div>\r\n<\/div>\r\n\r\n<script>\r\n(function() {\r\n  var path = window.location.pathname;\r\n  var langPrefix = '';\r\n  var slug = '\/grs-htc-hizmet-talep-formu\/';\r\n\r\n  if (path.indexOf('\/en\/') === 0) langPrefix = '\/en';\r\n  else if (path.indexOf('\/de\/') === 0) langPrefix = '\/de';\r\n  else if (path.indexOf('\/ru\/') === 0) langPrefix = '\/ru';\r\n\r\n  document.getElementById('danismanlikLink').href = langPrefix + slug;\r\n})();\r\n<\/script>\r\n\t\t\t\t<\/div>\n\t\t\t\t<\/div>\n\t\t\t\t<\/div>","protected":false},"excerpt":{"rendered":"<p>\u00c7al\u0131\u015fma Yap\u0131m\u0131z Sa\u011fl\u0131k turizmi \u00fclkemizde ve d\u00fcnyada yeni bir trend olmas\u0131 ile birlikte h\u0131zla b\u00fcy\u00fcyen bir yap\u0131ya sahiptir. Bu konuda sa\u011fl\u0131k altyap\u0131s\u0131n\u0131 tamamlam\u0131\u015f \u00fclkeler i\u00e7in ise \u00f6nemli bir gelir kayna\u011f\u0131 haline d\u00f6n\u00fc\u015fm\u00fc\u015ft\u00fcr. M\u00fckemmel sonu\u00e7lar elde etmek i\u00e7in yurtd\u0131\u015f\u0131nda ve \u00fclkemizde alan\u0131nda uzman \u015firketlerle birlikte \u00e7al\u0131\u015f\u0131yoruz. Sa\u011fl\u0131k turizmi, \u00fclkesinden al\u0131nan bir hastan\u0131n tedavi edilip \u00fclkesine gidene [&hellip;]<\/p>","protected":false},"author":1,"featured_media":0,"parent":0,"menu_order":0,"comment_status":"closed","ping_status":"closed","template":"elementor_header_footer","meta":{"_eb_attr":"","_joinchat":[],"footnotes":""},"class_list":["post-2313","page","type-page","status-publish","hentry"],"_links":{"self":[{"href":"https:\/\/test.grshealthtourism.com\/de\/wp-json\/wp\/v2\/pages\/2313","targetHints":{"allow":["GET"]}}],"collection":[{"href":"https:\/\/test.grshealthtourism.com\/de\/wp-json\/wp\/v2\/pages"}],"about":[{"href":"https:\/\/test.grshealthtourism.com\/de\/wp-json\/wp\/v2\/types\/page"}],"author":[{"embeddable":true,"href":"https:\/\/test.grshealthtourism.com\/de\/wp-json\/wp\/v2\/users\/1"}],"replies":[{"embeddable":true,"href":"https:\/\/test.grshealthtourism.com\/de\/wp-json\/wp\/v2\/comments?post=2313"}],"version-history":[{"count":14,"href":"https:\/\/test.grshealthtourism.com\/de\/wp-json\/wp\/v2\/pages\/2313\/revisions"}],"predecessor-version":[{"id":3073,"href":"https:\/\/test.grshealthtourism.com\/de\/wp-json\/wp\/v2\/pages\/2313\/revisions\/3073"}],"wp:attachment":[{"href":"https:\/\/test.grshealthtourism.com\/de\/wp-json\/wp\/v2\/media?parent=2313"}],"curies":[{"name":"wp","href":"https:\/\/api.w.org\/{rel}","templated":true}]}}