{"id":2323,"date":"2025-12-16T23:15:19","date_gmt":"2025-12-16T20:15:19","guid":{"rendered":"https:\/\/test.grshealthtourism.com\/?page_id=2323"},"modified":"2026-02-27T10:03:10","modified_gmt":"2026-02-27T07:03:10","slug":"uluslararasi-hasta-birimi-surec-yonetimi","status":"publish","type":"page","link":"https:\/\/test.grshealthtourism.com\/de\/uluslararasi-hasta-birimi-surec-yonetimi\/","title":{"rendered":"Prozessmanagement der internationalen Patienteneinheit"},"content":{"rendered":"<div data-elementor-type=\"wp-page\" data-elementor-id=\"2323\" class=\"elementor elementor-2323\">\n\t\t\t\t<div class=\"elementor-element elementor-element-f623654 e-con-full e-flex e-con e-parent\" data-id=\"f623654\" data-element_type=\"container\" data-settings=\"{&quot;background_background&quot;:&quot;classic&quot;}\">\n\t\t\t\t<div class=\"elementor-element elementor-element-7f75dbc elementor-widget elementor-widget-html\" data-id=\"7f75dbc\" data-element_type=\"widget\" data-widget_type=\"html.default\">\n\t\t\t\t\t<style>\r\n  .detay-banner {\r\n    width: 100%;\r\n    min-height: 280px;\r\n    background: radial-gradient(ellipse at 50% 30%, rgba(180, 180, 180, 0.15) 0%, transparent 50%),\r\n                radial-gradient(ellipse at 30% 70%, rgba(120, 120, 120, 0.08) 0%, transparent 45%),\r\n                radial-gradient(ellipse at 70% 60%, rgba(200, 200, 200, 0.06) 0%, transparent 40%),\r\n                linear-gradient(to bottom, #2a2a2a 0%, #1a1a1a 40%, #0d0d0d 100%);\r\n    display: flex;\r\n    align-items: center;\r\n    justify-content: center;\r\n    position: relative;\r\n    overflow: hidden;\r\n  }\r\n  .detay-banner::before {\r\n    content: '';\r\n    position: absolute;\r\n    top: 0; left: 0; right: 0; bottom: 0;\r\n    background: radial-gradient(ellipse at 50% 40%, rgba(255, 255, 255, 0.05) 0%, transparent 60%);\r\n    pointer-events: none;\r\n  }\r\n  .detay-banner::after {\r\n    content: '';\r\n    position: absolute;\r\n    bottom: 0; left: 0; right: 0;\r\n    height: 2px;\r\n    background: linear-gradient(90deg, transparent 0%, rgba(255, 255, 255, 0.15) 30%, rgba(200, 200, 200, 0.15) 70%, transparent 100%);\r\n  }\r\n  .detay-banner-logo {\r\n    width: 180px;\r\n    height: 180px;\r\n    object-fit: contain;\r\n    position: relative;\r\n    z-index: 1;\r\n    filter: drop-shadow(0 0 40px rgba(255, 255, 255, 0.1)) drop-shadow(0 0 80px rgba(200, 200, 200, 0.05));\r\n  }\r\n  @media (max-width: 767px) {\r\n    .detay-banner { min-height: 200px; }\r\n    .detay-banner-logo { width: 120px; height: 120px; }\r\n  }\r\n  @media (min-width: 768px) and (max-width: 1024px) {\r\n    .detay-banner { min-height: 240px; }\r\n    .detay-banner-logo { width: 150px; height: 150px; }\r\n  }\r\n<\/style>\r\n<div class=\"detay-banner\">\r\n  <img decoding=\"async\" src=\"https:\/\/test.grshealthtourism.com\/wp-content\/uploads\/2025\/12\/grs-favicon.png\" alt=\"GRS Health Tourism\" class=\"detay-banner-logo\">\r\n<\/div>\r\n\t\t\t\t<\/div>\n\t\t\t\t<\/div>\n\t\t<div class=\"elementor-element elementor-element-da40c64 e-con-full e-flex e-con e-parent\" data-id=\"da40c64\" data-element_type=\"container\" data-settings=\"{&quot;background_background&quot;:&quot;classic&quot;}\">\n\t\t\t\t<div class=\"elementor-element elementor-element-0e217f1 elementor-widget elementor-widget-html\" data-id=\"0e217f1\" data-element_type=\"widget\" data-widget_type=\"html.default\">\n\t\t\t\t\t<style>\r\n  .hasta-birim-section {\r\n    max-width: 1200px;\r\n    margin: 0 auto;\r\n    padding: 60px 30px;\r\n    font-family: 'Segoe UI', Arial, sans-serif;\r\n  }\r\n\r\n  .hasta-birim-baslik {\r\n    text-align: center;\r\n    margin-bottom: 50px;\r\n  }\r\n\r\n  .hasta-birim-baslik h2 {\r\n    font-size: 32px;\r\n    font-weight: 700;\r\n    color: #111111;\r\n    margin: 0 0 12px 0;\r\n    letter-spacing: -0.5px;\r\n  }\r\n\r\n  .hasta-birim-baslik p {\r\n    font-size: 15px;\r\n    color: #666;\r\n    margin: 0;\r\n    max-width: 640px;\r\n    margin-left: auto;\r\n    margin-right: auto;\r\n    line-height: 1.6;\r\n  }\r\n\r\n  .hasta-birim-kart {\r\n    display: flex;\r\n    align-items: flex-start;\r\n    gap: 40px;\r\n    background: #1a1a1a;\r\n    border: 1px solid rgba(255, 255, 255, 0.06);\r\n    border-radius: 16px;\r\n    padding: 40px;\r\n    margin-bottom: 30px;\r\n    transition: all 0.4s ease;\r\n    position: relative;\r\n    overflow: hidden;\r\n  }\r\n\r\n  .hasta-birim-kart::before {\r\n    content: '';\r\n    position: absolute;\r\n    left: 0;\r\n    top: 0;\r\n    bottom: 0;\r\n    width: 3px;\r\n    background: linear-gradient(to bottom, rgba(255, 255, 255, 0.4), rgba(255, 255, 255, 0.05));\r\n    border-radius: 3px 0 0 3px;\r\n    transition: all 0.4s ease;\r\n  }\r\n\r\n  .hasta-birim-kart:hover {\r\n    transform: translateY(-4px);\r\n    border-color: rgba(255, 255, 255, 0.15);\r\n    box-shadow: 0 12px 40px rgba(0, 0, 0, 0.4);\r\n    background: #1e1e1e;\r\n  }\r\n\r\n  .hasta-birim-kart:hover::before {\r\n    width: 4px;\r\n    background: linear-gradient(to bottom, rgba(255, 255, 255, 0.7), rgba(255, 255, 255, 0.15));\r\n  }\r\n\r\n  .hasta-birim-gorsel {\r\n    flex-shrink: 0;\r\n    width: 160px;\r\n    height: 160px;\r\n    border-radius: 14px;\r\n    background: #222;\r\n    border: 1px solid rgba(255, 255, 255, 0.08);\r\n    display: flex;\r\n    align-items: center;\r\n    justify-content: center;\r\n    padding: 20px;\r\n    box-sizing: border-box;\r\n    transition: all 0.4s ease;\r\n  }\r\n\r\n  .hasta-birim-kart:hover .hasta-birim-gorsel {\r\n    border-color: rgba(255, 255, 255, 0.2);\r\n    box-shadow: 0 4px 20px rgba(0, 0, 0, 0.3);\r\n  }\r\n\r\n  .hasta-birim-gorsel img {\r\n    max-width: 100%;\r\n    max-height: 100%;\r\n    object-fit: contain;\r\n    display: block;\r\n  }\r\n\r\n  .hasta-birim-icerik {\r\n    flex: 1;\r\n    min-width: 0;\r\n  }\r\n\r\n  .hasta-birim-icerik h3 {\r\n    font-size: 22px;\r\n    font-weight: 700;\r\n    color: #ffffff;\r\n    margin: 0 0 16px 0;\r\n    letter-spacing: -0.3px;\r\n    transition: color 0.3s ease;\r\n  }\r\n\r\n  .hasta-birim-kart:hover .hasta-birim-icerik h3 {\r\n    color: #e0e0e0;\r\n  }\r\n\r\n  .hasta-birim-icerik p {\r\n    font-size: 14.5px;\r\n    color: #d4d4d4;\r\n    line-height: 1.8;\r\n    margin: 0 0 14px 0;\r\n  }\r\n\r\n  .hasta-birim-icerik p:last-of-type {\r\n    margin-bottom: 0;\r\n  }\r\n\r\n  .hasta-birim-divider {\r\n    width: 50px;\r\n    height: 2px;\r\n    background: rgba(255, 255, 255, 0.15);\r\n    margin: 16px 0;\r\n    border-radius: 2px;\r\n    transition: all 0.4s ease;\r\n  }\r\n\r\n  .hasta-birim-kart:hover .hasta-birim-divider {\r\n    width: 80px;\r\n    background: rgba(255, 255, 255, 0.3);\r\n  }\r\n\r\n  .hasta-birim-listebaslik {\r\n    font-size: 14px;\r\n    font-weight: 600;\r\n    color: rgba(255, 255, 255, 0.95);\r\n    margin: 18px 0 10px 0;\r\n  }\r\n\r\n  .hasta-birim-icerik ul {\r\n    margin: 0 0 8px 0;\r\n    padding-left: 20px;\r\n    color: #d4d4d4;\r\n    font-size: 14.5px;\r\n    line-height: 1.85;\r\n  }\r\n\r\n  .hasta-birim-icerik ul li {\r\n    margin-bottom: 4px;\r\n  }\r\n\r\n  .hasta-birim-kart-numara {\r\n    position: absolute;\r\n    top: 20px;\r\n    right: 25px;\r\n    font-size: 48px;\r\n    font-weight: 800;\r\n    color: rgba(255, 255, 255, 0.08);\r\n    line-height: 1;\r\n    pointer-events: none;\r\n    transition: color 0.4s ease;\r\n  }\r\n\r\n  .hasta-birim-kart:hover .hasta-birim-kart-numara {\r\n    color: rgba(255, 255, 255, 0.15);\r\n  }\r\n\r\n  @media (max-width: 767px) {\r\n    .hasta-birim-section {\r\n      padding: 40px 16px;\r\n    }\r\n\r\n    .hasta-birim-baslik h2 {\r\n      font-size: 24px;\r\n    }\r\n\r\n    .hasta-birim-kart {\r\n      flex-direction: column;\r\n      align-items: center;\r\n      text-align: center;\r\n      padding: 30px 20px;\r\n      gap: 24px;\r\n      margin-bottom: 20px;\r\n    }\r\n\r\n    .hasta-birim-kart::before {\r\n      left: 0;\r\n      right: 0;\r\n      top: 0;\r\n      bottom: auto;\r\n      width: auto !important;\r\n      height: 3px;\r\n      background: linear-gradient(to right, rgba(255, 255, 255, 0.05), rgba(255, 255, 255, 0.4), rgba(255, 255, 255, 0.05)) !important;\r\n      border-radius: 3px 3px 0 0;\r\n    }\r\n\r\n    .hasta-birim-gorsel {\r\n      width: 120px;\r\n      height: 120px;\r\n    }\r\n\r\n    .hasta-birim-icerik ul {\r\n      padding-left: 18px;\r\n      text-align: left;\r\n    }\r\n  }\r\n<\/style>\r\n\r\n<div class=\"hasta-birim-section\">\r\n\r\n  <div class=\"hasta-birim-baslik\">\r\n    <h2>Prozessmanagement der internationalen Patienteneinheit<\/h2>\r\n    <p>Sa\u011fl\u0131k tesisleri, sa\u011fl\u0131k otelleri ve seyahat acenteleri i\u00e7in uluslararas\u0131 hasta y\u00f6netim s\u00fcre\u00e7lerinde yan\u0131n\u0131zday\u0131z.<\/p>\r\n  <\/div>\r\n\r\n  <!-- Sa\u011fl\u0131k Tesisleri -->\r\n  <div class=\"hasta-birim-kart\">\r\n    <span class=\"hasta-birim-kart-numara\">01<\/span>\r\n    <div class=\"hasta-birim-gorsel\">\r\n      <img decoding=\"async\" src=\"https:\/\/test.grshealthtourism.com\/wp-content\/uploads\/2026\/01\/hastane-logo.png\" alt=\"Sa\u011fl\u0131k Tesisleri\">\r\n    <\/div>\r\n    <div class=\"hasta-birim-icerik\">\r\n      <h3>Sa\u011fl\u0131k Tesisleri<\/h3>\r\n      <div class=\"hasta-birim-divider\"><\/div>\r\n      <p>Sa\u011fl\u0131k Bakanl\u0131\u011f\u0131ndan ruhsatland\u0131r\u0131lm\u0131\u015f muayenehaneler, poliklinikler, a\u011f\u0131z di\u015f sa\u011fl\u0131\u011f\u0131 merkezleri ve poliklinikleri, genetik laboratuvarlar\u0131, konaklamal\u0131 fizik tedavi ve rehabilitasyon merkezleri, t\u0131p merkezleri, \u00f6zel dal merkezleri, hastaneler ve vak\u0131f \u00fcniversiteleri hastanelerinin uluslararas\u0131 hasta birimi s\u00fcre\u00e7lerini sizin ad\u0131n\u0131za takip ediyor ve ekibimizle \u00e7\u00f6z\u00fcm odakl\u0131 olarak t\u00fcm s\u00fcre\u00e7 boyunca yan\u0131n\u0131zda bulunuyoruz.<\/p>\r\n      <p class=\"hasta-birim-listebaslik\">Bu hizmetlerimiz;<\/p>\r\n      <ul>\r\n        <li>Personel e\u011fitimi<\/li>\r\n        <li>Sigorta kapsam\u0131ndaki hastalar i\u00e7in: Sigortadan faydalanma, poli\u00e7e yorumlama, fiyatland\u0131rma, provizyon, faturaland\u0131rma, tahakkuk, tahsilat<\/li>\r\n        <li>M\u00fcnferit ba\u015fvuran hasta, yurt i\u00e7i arac\u0131 kurulu\u015f, yurt d\u0131\u015f\u0131 arac\u0131 kurulu\u015f ile ba\u015fvuran hasta<\/li>\r\n        <li>Anla\u015fmal\u0131 kurulu\u015f ile hasta s\u00fcre\u00e7 y\u00f6netimi (Di\u011fer \u00fclke devlet birimleri, yard\u0131m kurulu\u015flar\u0131, fonlar, vak\u0131flar vb.)<\/li>\r\n        <li>Devlet destek ve te\u015fviklerinden yararlanma kabiliyetinin kazand\u0131r\u0131lmas\u0131<\/li>\r\n      <\/ul>\r\n    <\/div>\r\n  <\/div>\r\n\r\n  <!-- Sa\u011fl\u0131k Oteli -->\r\n  <div class=\"hasta-birim-kart\">\r\n    <span class=\"hasta-birim-kart-numara\">02<\/span>\r\n    <div class=\"hasta-birim-gorsel\">\r\n      <img decoding=\"async\" src=\"https:\/\/test.grshealthtourism.com\/wp-content\/uploads\/2026\/01\/hotel-logo.png\" alt=\"Sa\u011fl\u0131k Oteli\">\r\n    <\/div>\r\n    <div class=\"hasta-birim-icerik\">\r\n      <h3>Sa\u011fl\u0131k Oteli<\/h3>\r\n      <div class=\"hasta-birim-divider\"><\/div>\r\n      <p>Otellerin konaklama tesislerinin i\u00e7erisinde sa\u011fl\u0131k kurulu\u015fu olarak ruhsatland\u0131r\u0131lan ve uluslararas\u0131 sa\u011fl\u0131k yetki belgesi bulunan tesislerin uluslararas\u0131 hasta y\u00f6netim s\u00fcre\u00e7leri konusunda \u015firketimiz sizin yan\u0131n\u0131zda.<\/p>\r\n      <p class=\"hasta-birim-listebaslik\">Bu hizmetlerimiz;<\/p>\r\n      <ul>\r\n        <li>Personel e\u011fitimi<\/li>\r\n        <li>Sigorta kapsam\u0131ndaki hastalar i\u00e7in: Sigortadan faydalanma, poli\u00e7e yorumlama, fiyatland\u0131rma, provizyon, faturaland\u0131rma, tahakkuk, tahsilat<\/li>\r\n        <li>M\u00fcnferit ba\u015fvuran hasta, yurt i\u00e7i arac\u0131 kurulu\u015f, yurt d\u0131\u015f\u0131 arac\u0131 kurulu\u015f ile ba\u015fvuran hasta<\/li>\r\n        <li>Anla\u015fmal\u0131 kurulu\u015f ile hasta s\u00fcre\u00e7 y\u00f6netimi (\u015eirketler, dernekler, vak\u0131flar, fonlar vb.)<\/li>\r\n        <li>Devlet destek ve te\u015fviklerinden yararlanma kabiliyetinin kazand\u0131r\u0131lmas\u0131<\/li>\r\n      <\/ul>\r\n    <\/div>\r\n  <\/div>\r\n\r\n  <!-- Seyahat Acenteleri -->\r\n  <div class=\"hasta-birim-kart\">\r\n    <span class=\"hasta-birim-kart-numara\">03<\/span>\r\n    <div class=\"hasta-birim-gorsel\">\r\n      <img decoding=\"async\" src=\"https:\/\/test.grshealthtourism.com\/wp-content\/uploads\/2026\/01\/seyahat-acentasi.png\" alt=\"Seyahat Acenteleri\">\r\n    <\/div>\r\n    <div class=\"hasta-birim-icerik\">\r\n      <h3>Seyahat Acenteleri<\/h3>\r\n      <div class=\"hasta-birim-divider\"><\/div>\r\n      <p>Kurumunuz Uluslararas\u0131 Sa\u011fl\u0131k Turizmi Seyahat Acenteleri \u2013 Arac\u0131 kurulu\u015flar yetki belgesi ald\u0131ktan sonra seyahat acentesi uluslararas\u0131 sa\u011fl\u0131k turizmi yapmaya yetkili ve bu faaliyetler i\u00e7in devlet te\u015fviklerinden yararlanmaya aday bir kurulu\u015f haline gelmektedir. Firmam\u0131z bu konudaki t\u00fcm s\u00fcre\u00e7leri sizin ad\u0131n\u0131za takip etmektedir. Ayr\u0131ca uluslararas\u0131 hasta y\u00f6netim s\u00fcre\u00e7leri konusunda da \u015firketimiz sizin yan\u0131n\u0131zda.<\/p>\r\n      <p class=\"hasta-birim-listebaslik\">Bu hizmetlerimiz;<\/p>\r\n      <ul>\r\n        <li>Personel e\u011fitimi<\/li>\r\n        <li>Sigorta kapsam\u0131ndaki hastalar i\u00e7in: Sigortadan faydalanma, poli\u00e7e yorumlama, fiyatland\u0131rma, provizyon, faturaland\u0131rma, tahakkuk, tahsilat<\/li>\r\n        <li>M\u00fcnferit ba\u015fvuran hasta, arac\u0131 kurulu\u015f, yurt d\u0131\u015f\u0131 arac\u0131 kurulu\u015f ile ba\u015fvuran hasta s\u00fcre\u00e7 y\u00f6netimi<\/li>\r\n        <li>Anla\u015fmal\u0131 kurulu\u015f ile hasta s\u00fcre\u00e7 y\u00f6netimi (Di\u011fer \u00fclke devlet birimleri, yard\u0131m kurulu\u015flar\u0131, fonlar, vak\u0131flar vb.)<\/li>\r\n        <li>Devlet destek ve te\u015fviklerinden yararlanma kabiliyetinin kazand\u0131r\u0131lmas\u0131<\/li>\r\n      <\/ul>\r\n    <\/div>\r\n  <\/div>\r\n\r\n<\/div>\r\n\t\t\t\t<\/div>\n\t\t\t\t<\/div>\n\t\t\t\t<\/div>","protected":false},"excerpt":{"rendered":"<p>Uluslararas\u0131 Hasta Birimi S\u00fcre\u00e7 Y\u00f6netimi Sa\u011fl\u0131k tesisleri, sa\u011fl\u0131k otelleri ve seyahat acenteleri i\u00e7in uluslararas\u0131 hasta y\u00f6netim s\u00fcre\u00e7lerinde yan\u0131n\u0131zday\u0131z. 01 Sa\u011fl\u0131k Tesisleri Sa\u011fl\u0131k Bakanl\u0131\u011f\u0131ndan ruhsatland\u0131r\u0131lm\u0131\u015f muayenehaneler, poliklinikler, a\u011f\u0131z di\u015f sa\u011fl\u0131\u011f\u0131 merkezleri ve poliklinikleri, genetik laboratuvarlar\u0131, konaklamal\u0131 fizik tedavi ve rehabilitasyon merkezleri, t\u0131p merkezleri, \u00f6zel dal merkezleri, hastaneler ve vak\u0131f \u00fcniversiteleri hastanelerinin uluslararas\u0131 hasta birimi s\u00fcre\u00e7lerini sizin [&hellip;]<\/p>","protected":false},"author":1,"featured_media":0,"parent":0,"menu_order":0,"comment_status":"closed","ping_status":"closed","template":"elementor_header_footer","meta":{"_eb_attr":"","_joinchat":[],"footnotes":""},"class_list":["post-2323","page","type-page","status-publish","hentry"],"_links":{"self":[{"href":"https:\/\/test.grshealthtourism.com\/de\/wp-json\/wp\/v2\/pages\/2323","targetHints":{"allow":["GET"]}}],"collection":[{"href":"https:\/\/test.grshealthtourism.com\/de\/wp-json\/wp\/v2\/pages"}],"about":[{"href":"https:\/\/test.grshealthtourism.com\/de\/wp-json\/wp\/v2\/types\/page"}],"author":[{"embeddable":true,"href":"https:\/\/test.grshealthtourism.com\/de\/wp-json\/wp\/v2\/users\/1"}],"replies":[{"embeddable":true,"href":"https:\/\/test.grshealthtourism.com\/de\/wp-json\/wp\/v2\/comments?post=2323"}],"version-history":[{"count":42,"href":"https:\/\/test.grshealthtourism.com\/de\/wp-json\/wp\/v2\/pages\/2323\/revisions"}],"predecessor-version":[{"id":3110,"href":"https:\/\/test.grshealthtourism.com\/de\/wp-json\/wp\/v2\/pages\/2323\/revisions\/3110"}],"wp:attachment":[{"href":"https:\/\/test.grshealthtourism.com\/de\/wp-json\/wp\/v2\/media?parent=2323"}],"curies":[{"name":"wp","href":"https:\/\/api.w.org\/{rel}","templated":true}]}}