{"id":2327,"date":"2025-12-16T23:15:49","date_gmt":"2025-12-16T20:15:49","guid":{"rendered":"https:\/\/test.grshealthtourism.com\/?page_id=2327"},"modified":"2026-02-27T10:04:14","modified_gmt":"2026-02-27T07:04:14","slug":"uluslararasi-pazar-yapisi","status":"publish","type":"page","link":"https:\/\/test.grshealthtourism.com\/de\/uluslararasi-pazar-yapisi\/","title":{"rendered":"Internationale Marktstruktur"},"content":{"rendered":"<div data-elementor-type=\"wp-page\" data-elementor-id=\"2327\" class=\"elementor elementor-2327\">\n\t\t\t\t<div class=\"elementor-element elementor-element-fea0c6b e-con-full e-flex e-con e-parent\" data-id=\"fea0c6b\" data-element_type=\"container\" data-settings=\"{&quot;background_background&quot;:&quot;classic&quot;}\">\n\t\t\t\t<div class=\"elementor-element elementor-element-abf1e80 elementor-widget elementor-widget-html\" data-id=\"abf1e80\" data-element_type=\"widget\" data-widget_type=\"html.default\">\n\t\t\t\t\t<style>\r\n  .detay-banner {\r\n    width: 100%;\r\n    min-height: 280px;\r\n    background: radial-gradient(ellipse at 50% 30%, rgba(180, 180, 180, 0.15) 0%, transparent 50%),\r\n                radial-gradient(ellipse at 30% 70%, rgba(120, 120, 120, 0.08) 0%, transparent 45%),\r\n                radial-gradient(ellipse at 70% 60%, rgba(200, 200, 200, 0.06) 0%, transparent 40%),\r\n                linear-gradient(to bottom, #2a2a2a 0%, #1a1a1a 40%, #0d0d0d 100%);\r\n    display: flex;\r\n    align-items: center;\r\n    justify-content: center;\r\n    position: relative;\r\n    overflow: hidden;\r\n  }\r\n  .detay-banner::before {\r\n    content: '';\r\n    position: absolute;\r\n    top: 0; left: 0; right: 0; bottom: 0;\r\n    background: radial-gradient(ellipse at 50% 40%, rgba(255, 255, 255, 0.05) 0%, transparent 60%);\r\n    pointer-events: none;\r\n  }\r\n  .detay-banner::after {\r\n    content: '';\r\n    position: absolute;\r\n    bottom: 0; left: 0; right: 0;\r\n    height: 2px;\r\n    background: linear-gradient(90deg, transparent 0%, rgba(255, 255, 255, 0.15) 30%, rgba(200, 200, 200, 0.15) 70%, transparent 100%);\r\n  }\r\n  .detay-banner-logo {\r\n    width: 180px;\r\n    height: 180px;\r\n    object-fit: contain;\r\n    position: relative;\r\n    z-index: 1;\r\n    filter: drop-shadow(0 0 40px rgba(255, 255, 255, 0.1)) drop-shadow(0 0 80px rgba(200, 200, 200, 0.05));\r\n  }\r\n  @media (max-width: 767px) {\r\n    .detay-banner { min-height: 200px; }\r\n    .detay-banner-logo { width: 120px; height: 120px; }\r\n  }\r\n  @media (min-width: 768px) and (max-width: 1024px) {\r\n    .detay-banner { min-height: 240px; }\r\n    .detay-banner-logo { width: 150px; height: 150px; }\r\n  }\r\n<\/style>\r\n<div class=\"detay-banner\">\r\n  <img decoding=\"async\" src=\"https:\/\/test.grshealthtourism.com\/wp-content\/uploads\/2025\/12\/grs-favicon.png\" alt=\"GRS Health Tourism\" class=\"detay-banner-logo\">\r\n<\/div>\r\n\t\t\t\t<\/div>\n\t\t\t\t<\/div>\n\t\t<div class=\"elementor-element elementor-element-86003c0 e-con-full e-flex e-con e-parent\" data-id=\"86003c0\" data-element_type=\"container\" data-settings=\"{&quot;background_background&quot;:&quot;classic&quot;}\">\n\t\t\t\t<div class=\"elementor-element elementor-element-93fe5d0 elementor-widget elementor-widget-html\" data-id=\"93fe5d0\" data-element_type=\"widget\" data-widget_type=\"html.default\">\n\t\t\t\t\t<style>\r\n  .pazar-yapi-section {\r\n    max-width: 1200px;\r\n    margin: 0 auto;\r\n    padding: 60px 30px;\r\n    font-family: 'Segoe UI', Arial, sans-serif;\r\n  }\r\n\r\n  .pazar-yapi-baslik {\r\n    text-align: center;\r\n    margin-bottom: 50px;\r\n  }\r\n\r\n  .pazar-yapi-baslik h2 {\r\n    font-size: 32px;\r\n    font-weight: 700;\r\n    color: #111111;\r\n    margin: 0 0 12px 0;\r\n    letter-spacing: -0.5px;\r\n  }\r\n\r\n  .pazar-yapi-baslik p {\r\n    font-size: 15px;\r\n    color: #666;\r\n    margin: 0;\r\n    max-width: 680px;\r\n    margin-left: auto;\r\n    margin-right: auto;\r\n    line-height: 1.6;\r\n  }\r\n\r\n  .pazar-yapi-kart {\r\n    display: flex;\r\n    align-items: flex-start;\r\n    gap: 40px;\r\n    background: #1a1a1a;\r\n    border: 1px solid rgba(255, 255, 255, 0.06);\r\n    border-radius: 16px;\r\n    padding: 40px;\r\n    margin-bottom: 30px;\r\n    transition: all 0.4s ease;\r\n    position: relative;\r\n    overflow: hidden;\r\n  }\r\n\r\n  .pazar-yapi-kart::before {\r\n    content: '';\r\n    position: absolute;\r\n    left: 0;\r\n    top: 0;\r\n    bottom: 0;\r\n    width: 3px;\r\n    background: linear-gradient(to bottom, rgba(255, 255, 255, 0.4), rgba(255, 255, 255, 0.05));\r\n    border-radius: 3px 0 0 3px;\r\n    transition: all 0.4s ease;\r\n  }\r\n\r\n  .pazar-yapi-kart:hover {\r\n    transform: translateY(-4px);\r\n    border-color: rgba(255, 255, 255, 0.15);\r\n    box-shadow: 0 12px 40px rgba(0, 0, 0, 0.4);\r\n    background: #1e1e1e;\r\n  }\r\n\r\n  .pazar-yapi-kart:hover::before {\r\n    width: 4px;\r\n    background: linear-gradient(to bottom, rgba(255, 255, 255, 0.7), rgba(255, 255, 255, 0.15));\r\n  }\r\n\r\n  .pazar-yapi-gorsel {\r\n    flex-shrink: 0;\r\n    width: 160px;\r\n    height: 160px;\r\n    border-radius: 14px;\r\n    background: #222;\r\n    border: 1px solid rgba(255, 255, 255, 0.08);\r\n    display: flex;\r\n    align-items: center;\r\n    justify-content: center;\r\n    padding: 20px;\r\n    box-sizing: border-box;\r\n    transition: all 0.4s ease;\r\n  }\r\n\r\n  .pazar-yapi-kart:hover .pazar-yapi-gorsel {\r\n    border-color: rgba(255, 255, 255, 0.2);\r\n    box-shadow: 0 4px 20px rgba(0, 0, 0, 0.3);\r\n  }\r\n\r\n  .pazar-yapi-gorsel img {\r\n    max-width: 100%;\r\n    max-height: 100%;\r\n    object-fit: contain;\r\n    display: block;\r\n  }\r\n\r\n  .pazar-yapi-icerik {\r\n    flex: 1;\r\n    min-width: 0;\r\n  }\r\n\r\n  .pazar-yapi-icerik h3 {\r\n    font-size: 22px;\r\n    font-weight: 700;\r\n    color: #ffffff;\r\n    margin: 0 0 16px 0;\r\n    letter-spacing: -0.3px;\r\n    transition: color 0.3s ease;\r\n  }\r\n\r\n  .pazar-yapi-kart:hover .pazar-yapi-icerik h3 {\r\n    color: #e0e0e0;\r\n  }\r\n\r\n  .pazar-yapi-icerik p {\r\n    font-size: 14.5px;\r\n    color: #d4d4d4;\r\n    line-height: 1.8;\r\n    margin: 0 0 14px 0;\r\n  }\r\n\r\n  .pazar-yapi-icerik p:last-of-type {\r\n    margin-bottom: 0;\r\n  }\r\n\r\n  .pazar-yapi-divider {\r\n    width: 50px;\r\n    height: 2px;\r\n    background: rgba(255, 255, 255, 0.15);\r\n    margin: 16px 0;\r\n    border-radius: 2px;\r\n    transition: all 0.4s ease;\r\n  }\r\n\r\n  .pazar-yapi-kart:hover .pazar-yapi-divider {\r\n    width: 80px;\r\n    background: rgba(255, 255, 255, 0.3);\r\n  }\r\n\r\n  .pazar-yapi-icerik ul {\r\n    margin: 0 0 8px 0;\r\n    padding-left: 20px;\r\n    color: #d4d4d4;\r\n    font-size: 14.5px;\r\n    line-height: 1.85;\r\n  }\r\n\r\n  .pazar-yapi-icerik ul li {\r\n    margin-bottom: 4px;\r\n  }\r\n\r\n  .pazar-yapi-kart-numara {\r\n    position: absolute;\r\n    top: 20px;\r\n    right: 25px;\r\n    font-size: 48px;\r\n    font-weight: 800;\r\n    color: rgba(255, 255, 255, 0.08);\r\n    line-height: 1;\r\n    pointer-events: none;\r\n    transition: color 0.4s ease;\r\n  }\r\n\r\n  .pazar-yapi-kart:hover .pazar-yapi-kart-numara {\r\n    color: rgba(255, 255, 255, 0.15);\r\n  }\r\n\r\n  @media (max-width: 767px) {\r\n    .pazar-yapi-section {\r\n      padding: 40px 16px;\r\n    }\r\n\r\n    .pazar-yapi-baslik h2 {\r\n      font-size: 24px;\r\n    }\r\n\r\n    .pazar-yapi-kart {\r\n      flex-direction: column;\r\n      align-items: center;\r\n      text-align: center;\r\n      padding: 30px 20px;\r\n      gap: 24px;\r\n      margin-bottom: 20px;\r\n    }\r\n\r\n    .pazar-yapi-kart::before {\r\n      left: 0;\r\n      right: 0;\r\n      top: 0;\r\n      bottom: auto;\r\n      width: auto !important;\r\n      height: 3px;\r\n      background: linear-gradient(to right, rgba(255, 255, 255, 0.05), rgba(255, 255, 255, 0.4), rgba(255, 255, 255, 0.05)) !important;\r\n      border-radius: 3px 3px 0 0;\r\n    }\r\n\r\n    .pazar-yapi-gorsel {\r\n      width: 120px;\r\n      height: 120px;\r\n    }\r\n\r\n    .pazar-yapi-icerik ul {\r\n      padding-left: 18px;\r\n      text-align: left;\r\n    }\r\n  }\r\n<\/style>\r\n\r\n<div class=\"pazar-yapi-section\">\r\n\r\n  <div class=\"pazar-yapi-baslik\">\r\n    <h2>Internationale Marktstruktur<\/h2>\r\n    <p>Hedef pazarlara eri\u015fim, fuar ve B2B stratejileri, al\u0131m heyeti ve ticaret heyeti organizasyonlar\u0131 ile uluslararas\u0131 pazar\u0131n kap\u0131lar\u0131n\u0131 a\u00e7\u0131yoruz.<\/p>\r\n  <\/div>\r\n\r\n  <!-- Sa\u011fl\u0131k Tesisleri -->\r\n  <div class=\"pazar-yapi-kart\">\r\n    <span class=\"pazar-yapi-kart-numara\">01<\/span>\r\n    <div class=\"pazar-yapi-gorsel\">\r\n      <img decoding=\"async\" src=\"https:\/\/test.grshealthtourism.com\/wp-content\/uploads\/2026\/01\/hastane-logo.png\" alt=\"Sa\u011fl\u0131k Tesisleri\">\r\n    <\/div>\r\n    <div class=\"pazar-yapi-icerik\">\r\n      <h3>Sa\u011fl\u0131k Tesisleri<\/h3>\r\n      <div class=\"pazar-yapi-divider\"><\/div>\r\n      <p>Sa\u011fl\u0131k Bakanl\u0131\u011f\u0131ndan ruhsatland\u0131r\u0131lm\u0131\u015f muayenehaneler, poliklinikler, a\u011f\u0131z di\u015f sa\u011fl\u0131\u011f\u0131 merkezleri ve poliklinikleri, genetik laboratuvarlar\u0131, konaklamal\u0131 fizik tedavi ve rehabilitasyon merkezleri, t\u0131p merkezleri, \u00f6zel dal merkezleri, hastaneler ve vak\u0131f \u00fcniversiteleri hastanelerinin uluslararas\u0131 hasta birimi s\u00fcre\u00e7lerini sizin ad\u0131n\u0131za takip ediyor, uluslararas\u0131 pazara kap\u0131lar\u0131n\u0131z\u0131 a\u00e7\u0131yoruz.<\/p>\r\n      <ul>\r\n        <li>Hedef pazar \u00fclke se\u00e7imi<\/li>\r\n        <li>Hedef pazarda do\u011fru kaynaklara do\u011frudan eri\u015fim<\/li>\r\n        <li>\u0130nteraktif pazarlama<\/li>\r\n        <li>Kendi networklerimizle ba\u011flant\u0131 kurma<\/li>\r\n        <li>Mailing (mailing yap\u0131lan ki\u015filer ve kurumlar\u0131n t\u00fcm bilgileri)<\/li>\r\n        <li>Reklam, tan\u0131t\u0131m, pazarlama faaliyetleri<\/li>\r\n        <li>Sanal fuar ve B2B ile pazar olu\u015fturma stratejileri<\/li>\r\n        <li>Fuar ve B2B'ler ile pazar olu\u015fturma stratejileri<\/li>\r\n        <li>Al\u0131m heyeti organizasyonlar\u0131<\/li>\r\n        <li>Ticaret heyeti organizasyonlar\u0131<\/li>\r\n        <li>Workshop organizasyonlar\u0131<\/li>\r\n        <li>Yurt d\u0131\u015f\u0131 ofis a\u00e7\u0131lmas\u0131<\/li>\r\n      <\/ul>\r\n    <\/div>\r\n  <\/div>\r\n\r\n  <!-- Sa\u011fl\u0131k Oteli -->\r\n  <div class=\"pazar-yapi-kart\">\r\n    <span class=\"pazar-yapi-kart-numara\">02<\/span>\r\n    <div class=\"pazar-yapi-gorsel\">\r\n      <img decoding=\"async\" src=\"https:\/\/test.grshealthtourism.com\/wp-content\/uploads\/2026\/01\/hotel-logo.png\" alt=\"Sa\u011fl\u0131k Oteli\">\r\n    <\/div>\r\n    <div class=\"pazar-yapi-icerik\">\r\n      <h3>Sa\u011fl\u0131k Oteli<\/h3>\r\n      <div class=\"pazar-yapi-divider\"><\/div>\r\n      <p>Otellerin konaklama tesislerinin i\u00e7erisinde sa\u011fl\u0131k kurulu\u015fu olarak ruhsatland\u0131r\u0131lan ve uluslararas\u0131 sa\u011fl\u0131k yetki belgesi bulunan tesislere uluslararas\u0131 pazar\u0131n kap\u0131lar\u0131n\u0131 sizler i\u00e7in a\u00e7\u0131yoruz.<\/p>\r\n      <ul>\r\n        <li>Hedef pazar \u00fclke se\u00e7imi<\/li>\r\n        <li>Hedef pazarda do\u011fru kaynaklara do\u011frudan eri\u015fim<\/li>\r\n        <li>\u0130nteraktif pazarlama<\/li>\r\n        <li>Kendi networklerimizle ba\u011flant\u0131 kurma<\/li>\r\n        <li>Mailing (mailing yap\u0131lan ki\u015filer ve kurumlar\u0131n t\u00fcm bilgileri)<\/li>\r\n        <li>Reklam, tan\u0131t\u0131m, pazarlama faaliyetleri<\/li>\r\n        <li>Sanal fuar ve B2B ile pazar olu\u015fturma stratejileri<\/li>\r\n        <li>Fuar ve B2B'ler ile pazar olu\u015fturma stratejileri<\/li>\r\n        <li>Al\u0131m heyeti organizasyonlar\u0131<\/li>\r\n        <li>Ticaret heyeti organizasyonlar\u0131<\/li>\r\n        <li>Workshop organizasyonlar\u0131<\/li>\r\n        <li>Tatil konsepti ile birle\u015ftiren sat\u0131\u015f y\u00f6ntemleri<\/li>\r\n        <li>Yurt d\u0131\u015f\u0131 ofis a\u00e7\u0131lmas\u0131<\/li>\r\n      <\/ul>\r\n    <\/div>\r\n  <\/div>\r\n\r\n  <!-- Seyahat Acenteleri -->\r\n  <div class=\"pazar-yapi-kart\">\r\n    <span class=\"pazar-yapi-kart-numara\">03<\/span>\r\n    <div class=\"pazar-yapi-gorsel\">\r\n      <img decoding=\"async\" src=\"https:\/\/test.grshealthtourism.com\/wp-content\/uploads\/2026\/01\/seyahat-acentasi.png\" alt=\"Seyahat Acenteleri\">\r\n    <\/div>\r\n    <div class=\"pazar-yapi-icerik\">\r\n      <h3>Seyahat Acenteleri<\/h3>\r\n      <div class=\"pazar-yapi-divider\"><\/div>\r\n      <p>Kurumunuz Uluslararas\u0131 Sa\u011fl\u0131k Turizmi Seyahat Acenteleri \u2013 Arac\u0131 kurulu\u015flar yetki belgesi ald\u0131ktan sonra sizlere uluslararas\u0131 pazar\u0131n kap\u0131lar\u0131n\u0131 a\u00e7\u0131yoruz.<\/p>\r\n      <ul>\r\n        <li>Hedef pazar \u00fclke se\u00e7imi<\/li>\r\n        <li>Hedef pazarda do\u011fru kaynaklara do\u011frudan eri\u015fim<\/li>\r\n        <li>\u0130nteraktif pazarlama<\/li>\r\n        <li>Kendi networklerimizle ba\u011flant\u0131 kurma<\/li>\r\n        <li>Mailing (mailing yap\u0131lan ki\u015filer ve kurumlar\u0131n t\u00fcm bilgileri)<\/li>\r\n        <li>Reklam, tan\u0131t\u0131m, pazarlama faaliyetleri<\/li>\r\n        <li>Sanal fuar ve B2B ile pazar olu\u015fturma stratejileri<\/li>\r\n        <li>Fuar ve B2B'ler ile pazar olu\u015fturma stratejileri<\/li>\r\n        <li>Al\u0131m heyeti organizasyonlar\u0131<\/li>\r\n        <li>Ticaret heyeti organizasyonlar\u0131<\/li>\r\n        <li>Workshop organizasyonlar\u0131<\/li>\r\n      <\/ul>\r\n      <p>Uluslararas\u0131 arenaya haz\u0131r bir hale getirmek i\u00e7in dan\u0131\u015fmanl\u0131k deste\u011fi ile maliyeti en aza indiriyoruz ve uluslararas\u0131 pazar i\u00e7in yap\u0131lan t\u00fcm hizmetlerde devlet te\u015fviklerinden yararland\u0131r\u0131p en uygun maliyetle hedef kitleye ula\u015fman\u0131z\u0131 sa\u011fl\u0131yoruz.<\/p>\r\n    <\/div>\r\n  <\/div>\r\n\r\n<\/div>\r\n\t\t\t\t<\/div>\n\t\t\t\t<\/div>\n\t\t\t\t<\/div>","protected":false},"excerpt":{"rendered":"<p>Uluslararas\u0131 Pazar Yap\u0131s\u0131 Hedef pazarlara eri\u015fim, fuar ve B2B stratejileri, al\u0131m heyeti ve ticaret heyeti organizasyonlar\u0131 ile uluslararas\u0131 pazar\u0131n kap\u0131lar\u0131n\u0131 a\u00e7\u0131yoruz. 01 Sa\u011fl\u0131k Tesisleri Sa\u011fl\u0131k Bakanl\u0131\u011f\u0131ndan ruhsatland\u0131r\u0131lm\u0131\u015f muayenehaneler, poliklinikler, a\u011f\u0131z di\u015f sa\u011fl\u0131\u011f\u0131 merkezleri ve poliklinikleri, genetik laboratuvarlar\u0131, konaklamal\u0131 fizik tedavi ve rehabilitasyon merkezleri, t\u0131p merkezleri, \u00f6zel dal merkezleri, hastaneler ve vak\u0131f \u00fcniversiteleri hastanelerinin uluslararas\u0131 hasta [&hellip;]<\/p>","protected":false},"author":1,"featured_media":0,"parent":0,"menu_order":0,"comment_status":"closed","ping_status":"closed","template":"elementor_header_footer","meta":{"_eb_attr":"","_joinchat":[],"footnotes":""},"class_list":["post-2327","page","type-page","status-publish","hentry"],"_links":{"self":[{"href":"https:\/\/test.grshealthtourism.com\/de\/wp-json\/wp\/v2\/pages\/2327","targetHints":{"allow":["GET"]}}],"collection":[{"href":"https:\/\/test.grshealthtourism.com\/de\/wp-json\/wp\/v2\/pages"}],"about":[{"href":"https:\/\/test.grshealthtourism.com\/de\/wp-json\/wp\/v2\/types\/page"}],"author":[{"embeddable":true,"href":"https:\/\/test.grshealthtourism.com\/de\/wp-json\/wp\/v2\/users\/1"}],"replies":[{"embeddable":true,"href":"https:\/\/test.grshealthtourism.com\/de\/wp-json\/wp\/v2\/comments?post=2327"}],"version-history":[{"count":20,"href":"https:\/\/test.grshealthtourism.com\/de\/wp-json\/wp\/v2\/pages\/2327\/revisions"}],"predecessor-version":[{"id":3116,"href":"https:\/\/test.grshealthtourism.com\/de\/wp-json\/wp\/v2\/pages\/2327\/revisions\/3116"}],"wp:attachment":[{"href":"https:\/\/test.grshealthtourism.com\/de\/wp-json\/wp\/v2\/media?parent=2327"}],"curies":[{"name":"wp","href":"https:\/\/api.w.org\/{rel}","templated":true}]}}