{"id":2333,"date":"2025-12-16T23:16:41","date_gmt":"2025-12-16T20:16:41","guid":{"rendered":"https:\/\/test.grshealthtourism.com\/?page_id=2333"},"modified":"2026-02-27T10:05:28","modified_gmt":"2026-02-27T07:05:28","slug":"devlet-tesvikleri","status":"publish","type":"page","link":"https:\/\/test.grshealthtourism.com\/de\/devlet-tesvikleri\/","title":{"rendered":"staatliche Subventionen"},"content":{"rendered":"<div data-elementor-type=\"wp-page\" data-elementor-id=\"2333\" class=\"elementor elementor-2333\">\n\t\t\t\t<div class=\"elementor-element elementor-element-50d0f15 e-con-full e-flex e-con e-parent\" data-id=\"50d0f15\" data-element_type=\"container\" data-settings=\"{&quot;background_background&quot;:&quot;classic&quot;}\">\n\t\t\t\t<div class=\"elementor-element elementor-element-38cbb7e elementor-widget elementor-widget-html\" data-id=\"38cbb7e\" data-element_type=\"widget\" data-widget_type=\"html.default\">\n\t\t\t\t\t<style>\r\n  .detay-banner {\r\n    width: 100%;\r\n    min-height: 280px;\r\n    background: radial-gradient(ellipse at 50% 30%, rgba(180, 180, 180, 0.15) 0%, transparent 50%),\r\n                radial-gradient(ellipse at 30% 70%, rgba(120, 120, 120, 0.08) 0%, transparent 45%),\r\n                radial-gradient(ellipse at 70% 60%, rgba(200, 200, 200, 0.06) 0%, transparent 40%),\r\n                linear-gradient(to bottom, #2a2a2a 0%, #1a1a1a 40%, #0d0d0d 100%);\r\n    display: flex;\r\n    align-items: center;\r\n    justify-content: center;\r\n    position: relative;\r\n    overflow: hidden;\r\n  }\r\n  .detay-banner::before {\r\n    content: '';\r\n    position: absolute;\r\n    top: 0; left: 0; right: 0; bottom: 0;\r\n    background: radial-gradient(ellipse at 50% 40%, rgba(255, 255, 255, 0.05) 0%, transparent 60%);\r\n    pointer-events: none;\r\n  }\r\n  .detay-banner::after {\r\n    content: '';\r\n    position: absolute;\r\n    bottom: 0; left: 0; right: 0;\r\n    height: 2px;\r\n    background: linear-gradient(90deg, transparent 0%, rgba(255, 255, 255, 0.15) 30%, rgba(200, 200, 200, 0.15) 70%, transparent 100%);\r\n  }\r\n  .detay-banner-logo {\r\n    width: 180px;\r\n    height: 180px;\r\n    object-fit: contain;\r\n    position: relative;\r\n    z-index: 1;\r\n    filter: drop-shadow(0 0 40px rgba(255, 255, 255, 0.1)) drop-shadow(0 0 80px rgba(200, 200, 200, 0.05));\r\n  }\r\n  @media (max-width: 767px) {\r\n    .detay-banner { min-height: 200px; }\r\n    .detay-banner-logo { width: 120px; height: 120px; }\r\n  }\r\n  @media (min-width: 768px) and (max-width: 1024px) {\r\n    .detay-banner { min-height: 240px; }\r\n    .detay-banner-logo { width: 150px; height: 150px; }\r\n  }\r\n<\/style>\r\n<div class=\"detay-banner\">\r\n  <img decoding=\"async\" src=\"https:\/\/test.grshealthtourism.com\/wp-content\/uploads\/2025\/12\/grs-favicon.png\" alt=\"GRS Health Tourism\" class=\"detay-banner-logo\">\r\n<\/div>\r\n\t\t\t\t<\/div>\n\t\t\t\t<\/div>\n\t\t<div class=\"elementor-element elementor-element-7cf440b e-flex e-con-boxed e-con e-parent\" data-id=\"7cf440b\" data-element_type=\"container\" data-settings=\"{&quot;background_background&quot;:&quot;classic&quot;}\">\n\t\t\t\t\t<div class=\"e-con-inner\">\n\t\t\t\t<div class=\"elementor-element elementor-element-86da58f elementor-widget elementor-widget-text-editor\" data-id=\"86da58f\" data-element_type=\"widget\" data-widget_type=\"text-editor.default\">\n\t\t\t\t\t\t\t\t\t<h1 class=\"vw-page-title\">staatliche Subventionen<\/h1><p>5448 say\u0131l\u0131 Hizmet \u0130hracat\u0131n\u0131n Tan\u0131mlanmas\u0131, S\u0131n\u0131fland\u0131r\u0131lmas\u0131 Ve Desteklenmesi Hakk\u0131nda karar \u00e7er\u00e7evesinde Sa\u011fl\u0131k ve Spor Turizmi Devlet Te\u015fvikleri genelge kapsam\u0131nda y\u00fcr\u00fcrl\u00fcl\u00fc\u011fe girmi\u015ftir. Ticaret Bakanl\u0131\u011f\u0131\u2019n\u0131n ukdesinde ve Hizmet \u0130hracat\u00e7\u0131lar Birli\u011finin denetimi ile sekt\u00f6rde devletimiz taraf\u0131ndan Hizmet \u0130hracat\u0131n\u0131n yap\u0131lmas\u0131 ad\u0131na muntazam destekler verilmektedir. Bu te\u015fvikler ile birlikte son mevzuata g\u00f6re ilave te\u015fvikler de eklenmi\u015ftir. Ayr\u0131ca Sa\u011fl\u0131k Turizmi sekt\u00f6r\u00fcnde faaliyet g\u00f6steren yararlan\u0131c\u0131lara, Termal Oteller, Sa\u011fl\u0131k Otelleri ve Spor Turizmi ile ilgilenen konaklama tesisleri ve Spor Turizmi yapan seyahat acenteleri de bu kapsamda de\u011ferlendirilmeye ba\u015flanm\u0131\u015ft\u0131r.<\/p><p>Netice itibariyle Sa\u011fl\u0131k ve Spor Turizmi Te\u015fvikleri ayn\u0131 karar kapsam\u0131nda y\u00fcr\u00fct\u00fclmekte olup \u00fclkemizde hizmet ihracat\u0131 yapacak Sa\u011fl\u0131k ve Spor Turizmi tesislerinin maksimum derece de devlet te\u015fviklerinden yararlan\u0131lmas\u0131 sa\u011flan\u0131lm\u0131\u015ft\u0131r. Bizler de GRS Health Tourism Dan\u0131\u015fmanl\u0131k olarak Sa\u011fl\u0131k ve Spor turizmi Devlet te\u015fviklerinden yararlanmak isteyen kurulu\u015flara t\u00fcm a\u015famalarda eksiksiz hizmet vermekteyiz.<\/p><ol><li><ol><li><strong>TESC\u0130L KORUMA DESTE\u011e\u0130:<\/strong>\u00a0Marka ve tescilinizin korunmas\u0131na ili\u015fkin giderlerin desteklenmesi ile ilgili ba\u015fvurular\u0131 kapsar. Bu ba\u015fvurular markan\u0131z\u0131n tescillenmesi ile markan\u0131z\u0131n Yurt \u0130\u00e7i ve Yurt d\u0131\u015f\u0131nda sizin taraf\u0131n\u0131zdan kullan\u0131lmas\u0131n\u0131 sa\u011flar.Ayn\u0131 zamanda sizin taraf\u0131n\u0131zdan tescil edilmesi ile ilgili bir destek t\u00fcr\u00fcd\u00fcr.<\/li><li><strong>PAZARA G\u0130R\u0130\u015e DESTE\u011e\u0130:<\/strong>\u00a0Uluslararas\u0131 Hizmet Ticaretinde rakip \u00fclkelerin \u00fcst\u00fcne \u00e7\u0131karacak Hizmet Kalitesini, Uluslararas\u0131 arenada tescilleyen ve denetleyen akreditasyon firmalar\u0131n\u0131n;<ul><li>Uluslararas\u0131 hastalara verilecek Sa\u011fl\u0131k Turizmi hizmetinin akredite edilmesi, denetlenmesi<\/li><li>Kurumun yapt\u0131\u011f\u0131 ve Ticaret Bakanl\u0131\u011f\u0131n\u0131n Destekledi\u011fi Belge ve Sertifikalar listesinde bulunan kurumlardan al\u0131nan Belgelendirme ve Denetleme giderleri tescil kapsam\u0131na girmektedir.<\/li><\/ul><\/li><li><strong>ACENTE KOM\u0130SYON DESTE\u011e\u0130:<\/strong>\u00a0\u00dclkemizde Sa\u011fl\u0131k turisti, Lisansl\u0131 Sporcu ve Spor Tak\u0131m\u0131 Kafilesi getirilmesine y\u00f6nelik Acentelerle yap\u0131lan Komisyon harcamalar\u0131n\u0131 desteklemeye y\u00f6nelik ba\u015fvurular\u0131 i\u00e7erir. Yurt i\u00e7inde ve Yurt d\u0131\u015f\u0131nda faaliyet g\u00f6steren Lisansl\u0131 Sa\u011fl\u0131k Turizmi Seyahat Acentesi ve Yurt d\u0131\u015f\u0131nda kendi \u00fclkesindeki kriterlere g\u00f6re lisanslanm\u0131\u015f Sa\u011fl\u0131k ve Spor Turizmi Seyahat Acentelerine hasta ve Sporcu kafilesi getirmesi i\u00e7in \u00f6denen komisyonlar\u0131n geri al\u0131nmas\u0131na dair yap\u0131lan bir destek t\u00fcr\u00fcd\u00fcr.<\/li><li><strong>KOMPL\u0130KASYON ve SA\u011eLIK S\u0130GORTASI DESTE\u011e\u0130:<\/strong>\u00a0G\u00fcn\u00fcm\u00fczde turistlerin belli bir s\u00fcre Turizm amac\u0131 ile gittikleri \u00fclkelerde yapt\u0131rd\u0131klar\u0131 Seyahat Sigortas\u0131na benzer Medikal Seyahat Sigortalar\u0131 kapsam\u0131nda \u00f6nceden tan\u0131s\u0131 konulmu\u015f te\u015fhislere ili\u015fkin t\u00fcm s\u00fcre\u00e7leri, komplikasyonlar\u0131 ve Seyahat esnas\u0131nda ba\u015f\u0131na gelebilecek ani durumlara kar\u015f\u0131n Sigorta kapsam\u0131na al\u0131nmas\u0131na ili\u015fkin Seyahat ve Komplikasyon Sigortalar\u0131n\u0131n Poli\u00e7elerine \u00f6demi\u015f olduklar\u0131 tutarlar\u0131n te\u015fvik kapsam\u0131nda geri al\u0131nmas\u0131n\u0131 ifade eder.<\/li><li><strong>\u0130ST\u0130HDAM DESTE\u011e\u0130:<\/strong>\u00a0Sa\u011fl\u0131k kurulu\u015flar\u0131n\u0131n ve Sa\u011fl\u0131k Turizmi Arac\u0131 kurulu\u015flar\u0131n\u0131n \u0130stihdam ettikleri Personellerin (Uluslararas\u0131 arenada Hasta getirmek ya da Uluslararas\u0131 Arenadaki hastalarla ilgilenen) de\u011ferlendirilmesidir. Halkla \u0130li\u015fkiler, Sat\u0131\u015f Pazarlama, Uluslararas\u0131 Hasta Birim Y\u00f6neticisi gibi personellerin istihdam\u0131n\u0131 kolayla\u015ft\u0131racak ve Uluslararas\u0131 hasta getirilme s\u00fcrecinde katk\u0131 sa\u011flayan personellerin te\u015fvikinden bahsedilmektedir.<\/li><li><strong>YABANCI D\u0130L ve SA\u011eLIK TUR\u0130ZM\u0130 E\u011e\u0130T\u0130M\u0130 DESTE\u011e\u0130:<\/strong>\u00a0\u00dclkemizde Sa\u011fl\u0131k Turizmi konusunda Lisans ve \u00d6n lisans mezunlar\u0131n\u0131n \u00e7ok az olmas\u0131 kaynakl\u0131 sekt\u00f6r\u00fcn yeti\u015ftirdi\u011fi Personellere yeni bir yetkinlik kazand\u0131r\u0131lmas\u0131 amac\u0131yla ekstra bir Yabanc\u0131 Dil E\u011fitimi almalar\u0131n\u0131 ve Yurt i\u00e7inde \u2013 Yurt D\u0131\u015f\u0131nda ge\u00e7erli kurumlardan al\u0131nan e\u011fitimlerin desteklenmesi ama\u00e7lanm\u0131\u015ft\u0131r.<\/li><li><strong>HASTA YOL DESTE\u011e\u0130:<\/strong>\u00a0T\u00fcrkiye\u2019ye getirilen hastalar\u0131n baz\u0131 kriterler kapsam\u0131nda desteklenmesi ama\u00e7lanm\u0131\u015ft\u0131r.<\/li><li><strong>REKLAM, TANITIM ve PAZARLAMA DESTEKLER\u0130:<\/strong>\u00a0En \u00e7ok ba\u015fvurulan desteklerden biri olup dijital d\u00fcnyada yapt\u0131\u011f\u0131m\u0131z her t\u00fcrl\u00fc harcamalar\u0131n belli bir kaide ve kurallar \u00e7er\u00e7evesinde desteklenmesidir. Web sitesi bak\u0131m\u0131, g\u00fcncellenmesi; Sosyal Medya Reklamlar\u0131; Dijital Platformlarda verilen her t\u00fcrl\u00fc \u00fccretli reklamlar; Medikal Portallara yap\u0131lan \u00dcyelikler; Radyo, Televizyon, Dergi, A\u00e7\u0131k Hava, Billboard reklamlar\u0131; Emailing Hizmetleri; Sms Hizmetleri; Yabanc\u0131lara y\u00f6nelik Yurt D\u0131\u015f\u0131nda verilmi\u015f reklamlar gibi bir\u00e7ok hizmet destek kapsam\u0131ndad\u0131r.<\/li><li><strong>YURT \u0130\u00c7\u0130 ve YURT DI\u015eI ETK\u0130NL\u0130K KATILIM DESTE\u011e\u0130:<\/strong>\u00a0Sa\u011fl\u0131k Turizmi ve Spor Turizmi sekt\u00f6r\u00fcnde yararlan\u0131c\u0131lar\u0131n Bakanl\u0131k nezdinde onaylanm\u0131\u015f Uluslararas\u0131 konsepte uygun ve Uluslararas\u0131 Network\u00fc geli\u015ftirmeyi ama\u00e7layan Etkinliklere kat\u0131lmas\u0131 kapsam\u0131nda Kat\u0131l\u0131m giderleri ile ilgili bir\u00e7ok giderin desteklenmesini i\u00e7erir.<\/li><li><strong>YURT DI\u015eI TANITIM ve E\u011e\u0130T\u0130M DESTE\u011e\u0130:<\/strong>\u00a0Sa\u011fl\u0131k Turizmi yararlan\u0131c\u0131lar\u0131n\u0131n ve i\u015fbirli\u011fi kurulu\u015flar\u0131n\u0131n, yurt d\u0131\u015f\u0131ndaki temsilcilerinin kat\u0131l\u0131mlar\u0131 ile d\u00fczenlenen Yurt i\u00e7indeki herhangi bir tan\u0131t\u0131m ve e\u011fitim program\u0131na kat\u0131l\u0131mla ilgili giderlerin desteklenmesini ifade eder.<\/li><li><strong>\u00dcR\u00dcN YERLE\u015eT\u0130RME DESTE\u011e\u0130:<\/strong>\u00a0\u00dcr\u00fcn yerle\u015ftirme giderlerinin desteklenmesidir. Genel m\u00fcd\u00fcrl\u00fckten \u00f6n onay al\u0131narak yap\u0131l\u0131r. Yurt d\u0131\u015f\u0131ndaki g\u00f6sterimi yap\u0131lan filmlerdeki ve dijital oyunlardaki \u00dcr\u00fcn yerle\u015ftirmelerinin desteklenmesi bu te\u015fvik kapsam\u0131ndad\u0131r.<\/li><\/ol><\/li><\/ol>\t\t\t\t\t\t\t\t<\/div>\n\t\t\t\t\t<\/div>\n\t\t\t\t<\/div>\n\t\t\t\t<\/div>","protected":false},"excerpt":{"rendered":"<p>Devlet Te\u015fvikleri 5448 say\u0131l\u0131 Hizmet \u0130hracat\u0131n\u0131n Tan\u0131mlanmas\u0131, S\u0131n\u0131fland\u0131r\u0131lmas\u0131 Ve Desteklenmesi Hakk\u0131nda karar \u00e7er\u00e7evesinde Sa\u011fl\u0131k ve Spor Turizmi Devlet Te\u015fvikleri genelge kapsam\u0131nda y\u00fcr\u00fcrl\u00fcl\u00fc\u011fe girmi\u015ftir. Ticaret Bakanl\u0131\u011f\u0131\u2019n\u0131n ukdesinde ve Hizmet \u0130hracat\u00e7\u0131lar Birli\u011finin denetimi ile sekt\u00f6rde devletimiz taraf\u0131ndan Hizmet \u0130hracat\u0131n\u0131n yap\u0131lmas\u0131 ad\u0131na muntazam destekler verilmektedir. Bu te\u015fvikler ile birlikte son mevzuata g\u00f6re ilave te\u015fvikler de eklenmi\u015ftir. Ayr\u0131ca Sa\u011fl\u0131k [&hellip;]<\/p>","protected":false},"author":1,"featured_media":0,"parent":0,"menu_order":0,"comment_status":"closed","ping_status":"closed","template":"elementor_header_footer","meta":{"_eb_attr":"","_joinchat":[],"footnotes":""},"class_list":["post-2333","page","type-page","status-publish","hentry"],"_links":{"self":[{"href":"https:\/\/test.grshealthtourism.com\/de\/wp-json\/wp\/v2\/pages\/2333","targetHints":{"allow":["GET"]}}],"collection":[{"href":"https:\/\/test.grshealthtourism.com\/de\/wp-json\/wp\/v2\/pages"}],"about":[{"href":"https:\/\/test.grshealthtourism.com\/de\/wp-json\/wp\/v2\/types\/page"}],"author":[{"embeddable":true,"href":"https:\/\/test.grshealthtourism.com\/de\/wp-json\/wp\/v2\/users\/1"}],"replies":[{"embeddable":true,"href":"https:\/\/test.grshealthtourism.com\/de\/wp-json\/wp\/v2\/comments?post=2333"}],"version-history":[{"count":14,"href":"https:\/\/test.grshealthtourism.com\/de\/wp-json\/wp\/v2\/pages\/2333\/revisions"}],"predecessor-version":[{"id":3125,"href":"https:\/\/test.grshealthtourism.com\/de\/wp-json\/wp\/v2\/pages\/2333\/revisions\/3125"}],"wp:attachment":[{"href":"https:\/\/test.grshealthtourism.com\/de\/wp-json\/wp\/v2\/media?parent=2333"}],"curies":[{"name":"wp","href":"https:\/\/api.w.org\/{rel}","templated":true}]}}