{"id":2719,"date":"2026-02-20T14:51:46","date_gmt":"2026-02-20T11:51:46","guid":{"rendered":"https:\/\/test.grshealthtourism.com\/?page_id=2719"},"modified":"2026-02-27T09:59:49","modified_gmt":"2026-02-27T06:59:49","slug":"well-hotel","status":"publish","type":"page","link":"https:\/\/test.grshealthtourism.com\/de\/well-hotel\/","title":{"rendered":"Well Hotel"},"content":{"rendered":"<div data-elementor-type=\"wp-page\" data-elementor-id=\"2719\" class=\"elementor elementor-2719\">\n\t\t\t\t<div class=\"elementor-element elementor-element-a6844f6 e-con-full e-flex e-con e-parent\" data-id=\"a6844f6\" data-element_type=\"container\" data-settings=\"{&quot;background_background&quot;:&quot;classic&quot;}\">\n\t\t\t\t<div class=\"elementor-element elementor-element-cf17451 elementor-widget elementor-widget-html\" data-id=\"cf17451\" data-element_type=\"widget\" data-widget_type=\"html.default\">\n\t\t\t\t\t<style>\r\n  .detay-banner {\r\n    width: 100%;\r\n    min-height: 280px;\r\n    background: radial-gradient(ellipse at 50% 30%, rgba(180, 180, 180, 0.15) 0%, transparent 50%),\r\n                radial-gradient(ellipse at 30% 70%, rgba(120, 120, 120, 0.08) 0%, transparent 45%),\r\n                radial-gradient(ellipse at 70% 60%, rgba(200, 200, 200, 0.06) 0%, transparent 40%),\r\n                linear-gradient(to bottom, #2a2a2a 0%, #1a1a1a 40%, #0d0d0d 100%);\r\n    display: flex;\r\n    align-items: center;\r\n    justify-content: center;\r\n    position: relative;\r\n    overflow: hidden;\r\n  }\r\n\r\n  .detay-banner::before {\r\n    content: '';\r\n    position: absolute;\r\n    top: 0;\r\n    left: 0;\r\n    right: 0;\r\n    bottom: 0;\r\n    background: radial-gradient(ellipse at 50% 40%, rgba(255, 255, 255, 0.05) 0%, transparent 60%);\r\n    pointer-events: none;\r\n  }\r\n\r\n  .detay-banner::after {\r\n    content: '';\r\n    position: absolute;\r\n    bottom: 0;\r\n    left: 0;\r\n    right: 0;\r\n    height: 2px;\r\n    background: linear-gradient(90deg, transparent 0%, rgba(255, 255, 255, 0.15) 30%, rgba(200, 200, 200, 0.15) 70%, transparent 100%);\r\n  }\r\n\r\n  .detay-banner-logo {\r\n    width: 180px;\r\n    height: 180px;\r\n    object-fit: contain;\r\n    position: relative;\r\n    z-index: 1;\r\n    filter: drop-shadow(0 0 40px rgba(255, 255, 255, 0.1)) drop-shadow(0 0 80px rgba(200, 200, 200, 0.05));\r\n  }\r\n\r\n  .detay-container {\r\n    max-width: 900px;\r\n    margin: 0 auto;\r\n    padding: 40px 20px;\r\n    font-family: 'Segoe UI', Arial, sans-serif;\r\n  }\r\n\r\n  .detay-hero {\r\n    position: relative;\r\n    border-radius: 20px;\r\n    padding: 2px;\r\n    background: linear-gradient(135deg, #00d2ff, #7b2ff7, #ff0080);\r\n    margin-bottom: 50px;\r\n  }\r\n\r\n  .detay-hero-inner {\r\n    background: linear-gradient(145deg, #1a1a1a, #222);\r\n    border-radius: 18px;\r\n    padding: 50px 40px;\r\n    display: flex;\r\n    align-items: center;\r\n    gap: 30px;\r\n  }\r\n\r\n  .detay-hero-logo {\r\n    width: 140px;\r\n    height: 140px;\r\n    border-radius: 16px;\r\n    background: rgba(255,255,255,0.06);\r\n    border: 1px solid rgba(255,255,255,0.08);\r\n    display: flex;\r\n    align-items: center;\r\n    justify-content: center;\r\n    padding: 15px;\r\n    box-sizing: border-box;\r\n    flex-shrink: 0;\r\n  }\r\n\r\n  .detay-hero-logo img {\r\n    max-width: 100%;\r\n    max-height: 100%;\r\n    object-fit: contain;\r\n    border-radius: 8px;\r\n  }\r\n\r\n  .detay-hero-text h1 {\r\n    font-size: 36px;\r\n    font-weight: 700;\r\n    color: #fff;\r\n    margin: 0 0 8px 0;\r\n    background: linear-gradient(135deg, #00d2ff, #7b2ff7);\r\n    -webkit-background-clip: text;\r\n    -webkit-text-fill-color: transparent;\r\n    background-clip: text;\r\n  }\r\n\r\n  .detay-hero-text p {\r\n    font-size: 16px;\r\n    color: #b0b0b0;\r\n    margin: 0;\r\n    line-height: 1.6;\r\n  }\r\n\r\n  .detay-section {\r\n    margin-bottom: 45px;\r\n  }\r\n\r\n  .detay-section-title {\r\n    font-size: 24px;\r\n    font-weight: 700;\r\n    color: #1a1a1a;\r\n    margin-bottom: 20px;\r\n    padding-bottom: 12px;\r\n    border-bottom: 3px solid;\r\n    border-image: linear-gradient(135deg, #00d2ff, #7b2ff7) 1;\r\n    display: inline-block;\r\n  }\r\n\r\n  .detay-text {\r\n    font-size: 15px;\r\n    line-height: 1.9;\r\n    color: #444;\r\n  }\r\n\r\n  .detay-text p {\r\n    margin-bottom: 16px;\r\n  }\r\n\r\n  .detay-highlight-box {\r\n    position: relative;\r\n    border-radius: 16px;\r\n    padding: 2px;\r\n    background: linear-gradient(135deg, #2a2a2a, #333);\r\n    margin-bottom: 45px;\r\n  }\r\n\r\n  .detay-highlight-inner {\r\n    background: linear-gradient(145deg, #1a1a1a, #222);\r\n    border-radius: 14px;\r\n    padding: 30px;\r\n  }\r\n\r\n  .detay-highlight-inner p {\r\n    font-size: 15px;\r\n    line-height: 1.9;\r\n    color: #d4d4d4;\r\n    margin: 0 0 12px 0;\r\n  }\r\n\r\n  .detay-highlight-inner p:last-child {\r\n    margin-bottom: 0;\r\n  }\r\n\r\n  .detay-hizmetler {\r\n    display: grid;\r\n    grid-template-columns: repeat(2, 1fr);\r\n    gap: 16px;\r\n    margin-top: 20px;\r\n  }\r\n\r\n  .detay-hizmet-item {\r\n    display: flex;\r\n    align-items: center;\r\n    gap: 12px;\r\n    padding: 16px 20px;\r\n    border-radius: 12px;\r\n    background: linear-gradient(145deg, #1a1a1a, #222);\r\n    border: 1px solid #2a2a2a;\r\n    transition: all 0.3s ease;\r\n  }\r\n\r\n  .detay-hizmet-item:hover {\r\n    border-color: #7b2ff7;\r\n    box-shadow: 0 0 20px rgba(123, 47, 247, 0.15);\r\n    transform: translateX(4px);\r\n  }\r\n\r\n  .detay-hizmet-icon {\r\n    width: 36px;\r\n    height: 36px;\r\n    border-radius: 50%;\r\n    background: linear-gradient(135deg, #00d2ff, #7b2ff7);\r\n    display: flex;\r\n    align-items: center;\r\n    justify-content: center;\r\n    flex-shrink: 0;\r\n  }\r\n\r\n  .detay-hizmet-icon svg {\r\n    width: 18px;\r\n    height: 18px;\r\n    stroke: #fff;\r\n    fill: none;\r\n    stroke-width: 2.5;\r\n    stroke-linecap: round;\r\n    stroke-linejoin: round;\r\n  }\r\n\r\n  .detay-hizmet-item span {\r\n    font-size: 14px;\r\n    font-weight: 500;\r\n    color: #d4d4d4;\r\n  }\r\n\r\n  .detay-profil-kartlar {\r\n    display: grid;\r\n    grid-template-columns: repeat(3, 1fr);\r\n    gap: 20px;\r\n    margin-top: 20px;\r\n  }\r\n\r\n  .detay-profil-kart-wrap {\r\n    position: relative;\r\n    border-radius: 16px;\r\n    padding: 2px;\r\n    background: linear-gradient(135deg, #2a2a2a, #333);\r\n    transition: all 0.4s ease;\r\n  }\r\n\r\n  .detay-profil-kart-wrap:hover {\r\n    background: linear-gradient(135deg, #00d2ff, #7b2ff7);\r\n    box-shadow: 0 0 25px rgba(123, 47, 247, 0.2);\r\n  }\r\n\r\n  .detay-profil-kart {\r\n    background: linear-gradient(145deg, #1a1a1a, #222);\r\n    border-radius: 14px;\r\n    padding: 28px 22px;\r\n    height: 100%;\r\n    box-sizing: border-box;\r\n  }\r\n\r\n  .detay-profil-kart-icon {\r\n    font-size: 28px;\r\n    margin-bottom: 12px;\r\n  }\r\n\r\n  .detay-profil-kart h4 {\r\n    font-size: 15px;\r\n    font-weight: 700;\r\n    color: #fff;\r\n    margin: 0 0 8px 0;\r\n  }\r\n\r\n  .detay-profil-kart p {\r\n    font-size: 13px;\r\n    color: #aaa;\r\n    margin: 0;\r\n    line-height: 1.6;\r\n  }\r\n\r\n  .detay-liste {\r\n    list-style: none;\r\n    padding: 0;\r\n    margin: 20px 0 0 0;\r\n  }\r\n\r\n  .detay-liste li {\r\n    display: flex;\r\n    align-items: flex-start;\r\n    gap: 12px;\r\n    padding: 14px 0;\r\n    border-bottom: 1px solid #eee;\r\n    font-size: 15px;\r\n    line-height: 1.7;\r\n    color: #444;\r\n  }\r\n\r\n  .detay-liste li:last-child {\r\n    border-bottom: none;\r\n  }\r\n\r\n  .detay-liste-icon {\r\n    width: 24px;\r\n    height: 24px;\r\n    border-radius: 50%;\r\n    background: linear-gradient(135deg, #00d2ff, #7b2ff7);\r\n    display: flex;\r\n    align-items: center;\r\n    justify-content: center;\r\n    flex-shrink: 0;\r\n    margin-top: 2px;\r\n  }\r\n\r\n  .detay-liste-icon svg {\r\n    width: 14px;\r\n    height: 14px;\r\n    stroke: #fff;\r\n    fill: none;\r\n    stroke-width: 2.5;\r\n    stroke-linecap: round;\r\n    stroke-linejoin: round;\r\n  }\r\n\r\n  .detay-avantajlar {\r\n    display: grid;\r\n    grid-template-columns: repeat(3, 1fr);\r\n    gap: 20px;\r\n    margin-top: 20px;\r\n  }\r\n\r\n  .detay-avantaj-kart-wrap {\r\n    position: relative;\r\n    border-radius: 16px;\r\n    padding: 2px;\r\n    background: linear-gradient(135deg, #2a2a2a, #333);\r\n    transition: all 0.4s ease;\r\n  }\r\n\r\n  .detay-avantaj-kart-wrap:hover {\r\n    background: linear-gradient(135deg, #00d2ff, #7b2ff7);\r\n    box-shadow: 0 0 25px rgba(123, 47, 247, 0.2);\r\n  }\r\n\r\n  .detay-avantaj-kart {\r\n    background: linear-gradient(145deg, #1a1a1a, #222);\r\n    border-radius: 14px;\r\n    padding: 28px;\r\n    text-align: center;\r\n    height: 100%;\r\n    box-sizing: border-box;\r\n  }\r\n\r\n  .detay-avantaj-icon {\r\n    font-size: 32px;\r\n    margin-bottom: 14px;\r\n  }\r\n\r\n  .detay-avantaj-kart h4 {\r\n    font-size: 16px;\r\n    font-weight: 700;\r\n    color: #fff;\r\n    margin: 0 0 8px 0;\r\n  }\r\n\r\n  .detay-avantaj-kart p {\r\n    font-size: 13px;\r\n    color: #aaa;\r\n    margin: 0;\r\n    line-height: 1.6;\r\n  }\r\n\r\n  .detay-cta {\r\n    position: relative;\r\n    border-radius: 20px;\r\n    padding: 2px;\r\n    background: linear-gradient(135deg, #00d2ff, #7b2ff7, #ff0080);\r\n    margin-top: 50px;\r\n  }\r\n\r\n  .detay-cta-inner {\r\n    background: linear-gradient(145deg, #1a1a1a, #222);\r\n    border-radius: 18px;\r\n    padding: 45px;\r\n    text-align: center;\r\n  }\r\n\r\n  .detay-cta-inner h3 {\r\n    font-size: 26px;\r\n    font-weight: 700;\r\n    color: #fff;\r\n    margin: 0 0 12px 0;\r\n  }\r\n\r\n  .detay-cta-inner p {\r\n    font-size: 15px;\r\n    color: #aaa;\r\n    margin: 0 0 28px 0;\r\n    line-height: 1.6;\r\n  }\r\n\r\n  .detay-cta-buton {\r\n    display: inline-flex;\r\n    align-items: center;\r\n    gap: 10px;\r\n    background: linear-gradient(135deg, #00d2ff, #7b2ff7);\r\n    color: #ffffff;\r\n    padding: 16px 40px;\r\n    border-radius: 50px;\r\n    text-decoration: none;\r\n    font-size: 16px;\r\n    font-weight: 600;\r\n    transition: all 0.3s ease;\r\n    box-shadow: 0 4px 20px rgba(123, 47, 247, 0.3);\r\n  }\r\n\r\n  .detay-cta-buton:hover {\r\n    transform: translateY(-3px);\r\n    box-shadow: 0 8px 35px rgba(123, 47, 247, 0.5);\r\n    color: #ffffff;\r\n    text-decoration: none;\r\n  }\r\n\r\n  .detay-geri-buton {\r\n    display: inline-flex;\r\n    align-items: center;\r\n    gap: 8px;\r\n    color: #ffffff;\r\n    background: linear-gradient(135deg, #7b2ff7, #00d2ff);\r\n    text-decoration: none;\r\n    font-size: 14px;\r\n    font-weight: 600;\r\n    margin-bottom: 30px;\r\n    padding: 12px 24px;\r\n    border-radius: 50px;\r\n    transition: all 0.3s ease;\r\n    box-shadow: 0 4px 15px rgba(123, 47, 247, 0.3);\r\n  }\r\n\r\n  .detay-geri-buton:hover {\r\n    transform: translateX(-4px);\r\n    box-shadow: 0 6px 25px rgba(123, 47, 247, 0.5);\r\n    color: #ffffff;\r\n    text-decoration: none;\r\n  }\r\n\r\n  @media (max-width: 767px) {\r\n    .detay-banner {\r\n      min-height: 200px;\r\n    }\r\n\r\n    .detay-banner-logo {\r\n      width: 120px;\r\n      height: 120px;\r\n    }\r\n\r\n    .detay-geri-buton {\r\n      display: inline-flex !important;\r\n      font-size: 13px;\r\n      padding: 10px 20px;\r\n    }\r\n\r\n    .detay-hero-inner {\r\n      flex-direction: column;\r\n      text-align: center;\r\n      padding: 30px 20px;\r\n    }\r\n\r\n    .detay-hero-text h1 {\r\n      font-size: 26px;\r\n    }\r\n\r\n    .detay-hizmetler {\r\n      grid-template-columns: 1fr;\r\n    }\r\n\r\n    .detay-profil-kartlar {\r\n      grid-template-columns: 1fr;\r\n    }\r\n\r\n    .detay-avantajlar {\r\n      grid-template-columns: 1fr;\r\n    }\r\n\r\n    .detay-cta-inner {\r\n      padding: 30px 20px;\r\n    }\r\n\r\n    .detay-cta-inner h3 {\r\n      font-size: 22px;\r\n    }\r\n  }\r\n\r\n  @media (min-width: 768px) and (max-width: 1024px) {\r\n    .detay-banner {\r\n      min-height: 240px;\r\n    }\r\n\r\n    .detay-banner-logo {\r\n      width: 150px;\r\n      height: 150px;\r\n    }\r\n  }\r\n<\/style>\r\n\r\n<div class=\"detay-banner\">\r\n  <img decoding=\"async\" src=\"https:\/\/test.grshealthtourism.com\/wp-content\/uploads\/2025\/12\/grs-favicon.png\" alt=\"GRS Health Tourism\" class=\"detay-banner-logo\">\r\n<\/div>\r\n\r\n<div class=\"detay-container\">\r\n\r\n  <a href=\"#\" class=\"detay-geri-buton\" id=\"geriButon\">\r\n    <svg width=\"16\" height=\"16\" viewbox=\"0 0 24 24\" fill=\"none\" stroke=\"currentColor\" stroke-width=\"2.5\" stroke-linecap=\"round\" stroke-linejoin=\"round\"><path d=\"M19 12H5\"\/><path d=\"m12 19-7-7 7-7\"\/><\/svg>\r\n    <span id=\"geriButonText\">T\u00fcm Akreditasyonlar<\/span>\r\n  <\/a>\r\n\r\n  <script>\r\n  (function() {\r\n    var path = window.location.pathname;\r\n    var langPrefix = '';\r\n    var btnText = 'T\u00fcm Akreditasyonlar';\r\n    var slug = '\/uluslararasi-kalite-akreditasyon-firmalari-yeni\/';\r\n\r\n    if (path.indexOf('\/en\/') === 0) {\r\n      langPrefix = '\/en';\r\n      btnText = 'All Accreditations';\r\n    } else if (path.indexOf('\/de\/') === 0) {\r\n      langPrefix = '\/de';\r\n      btnText = 'Alle Akkreditierungen';\r\n    } else if (path.indexOf('\/ru\/') === 0) {\r\n      langPrefix = '\/ru';\r\n      btnText = '\u0412\u0441\u0435 \u0430\u043a\u043a\u0440\u0435\u0434\u0438\u0442\u0430\u0446\u0438\u0438';\r\n    }\r\n\r\n    document.getElementById('geriButon').href = langPrefix + slug;\r\n    document.getElementById('geriButonText').textContent = btnText;\r\n  })();\r\n  <\/script>\r\n\r\n  <!-- HERO -->\r\n  <div class=\"detay-hero\">\r\n    <div class=\"detay-hero-inner\">\r\n      <div class=\"detay-hero-logo\">\r\n        <img decoding=\"async\" src=\"https:\/\/test.grshealthtourism.com\/wp-content\/uploads\/2025\/12\/well-hotel-healt-travel-turkey-150x150-1.png\" alt=\"WellHotel Logo\">\r\n      <\/div>\r\n      <div class=\"detay-hero-text\">\r\n        <h1>WellHotel\u00ae<\/h1>\r\n        <p>Bir otel, tatil k\u00f6y\u00fc veya kapl\u0131calar\u0131n g\u00fcnl\u00fck hizmetlerini genel olarak art\u0131rabilir ve sa\u011fl\u0131k hizmetleri sunan di\u011ferlerine k\u0131yasla tesisin \u00f6ne \u00e7\u0131kmas\u0131na yard\u0131mc\u0131 olacak ara\u00e7lar sunan sertifikasyon program\u0131d\u0131r.<\/p>\r\n      <\/div>\r\n    <\/div>\r\n  <\/div>\r\n\r\n  <!-- DETAYLI A\u00c7IKLAMA -->\r\n  <div class=\"detay-section\">\r\n    <div class=\"detay-section-title\">WellHotel\u00ae Hakk\u0131nda<\/div>\r\n    <div class=\"detay-text\">\r\n      <p>WellHotel\u00ae; Tatil K\u00f6yleri, Oteller ve Apart Otelleriyle ilgili konaklama faaliyetlerini ve sa\u011fl\u0131k otellerini geli\u015ftirmek i\u00e7in tasarlanm\u0131\u015f bir sertifika program\u0131d\u0131r.<\/p>\r\n      <p>WellHotel\u00ae Sertifikasyonuna yat\u0131r\u0131m yapmak, kurulu\u015funuzun bir Wellness Oteli, Sa\u011fl\u0131k Tesisi veya Wellness Spa olarak m\u00fckemmelle\u015fmesine yard\u0131mc\u0131 olacakt\u0131r.<\/p>\r\n    <\/div>\r\n  <\/div>\r\n\r\n  <!-- HEDEF K\u0130TLE PROF\u0130LLER\u0130 -->\r\n  <div class=\"detay-section\">\r\n    <div class=\"detay-section-title\">Hedef Misafir Profilleri<\/div>\r\n    <div class=\"detay-profil-kartlar\">\r\n      <div class=\"detay-profil-kart-wrap\">\r\n        <div class=\"detay-profil-kart\">\r\n          <div class=\"detay-profil-kart-icon\">\ud83e\uddd8<\/div>\r\n          <h4>The Wellness Traveler<\/h4>\r\n          <p>Ya\u015fam tarz\u0131n\u0131 s\u00fcrd\u00fcrmek veya geli\u015ftirmek arzusuyla bir var\u0131\u015f noktas\u0131na seyahat etmek isteyen ki\u015filere y\u00f6nelik.<\/p>\r\n        <\/div>\r\n      <\/div>\r\n      <div class=\"detay-profil-kart-wrap\">\r\n        <div class=\"detay-profil-kart\">\r\n          <div class=\"detay-profil-kart-icon\">\ud83d\udcbc<\/div>\r\n          <h4>The Business Traveler<\/h4>\r\n          <p>Sa\u011fl\u0131kl\u0131, t\u0131bbi ya\u015fam tarz\u0131 hizmetleri sunan bir konaklamal\u0131 tesis se\u00e7en ve i\u015f i\u00e7in seyahat eden ki\u015filere y\u00f6nelik.<\/p>\r\n        <\/div>\r\n      <\/div>\r\n      <div class=\"detay-profil-kart-wrap\">\r\n        <div class=\"detay-profil-kart\">\r\n          <div class=\"detay-profil-kart-icon\">\ud83c\udfe5<\/div>\r\n          <h4>The Recuperating Patient<\/h4>\r\n          <p>Bir prosed\u00fcr i\u00e7in yak\u0131ndaki bir t\u0131bbi tesise gittikten sonra iyile\u015fmek i\u00e7in bir yere ihtiya\u00e7 duyan ki\u015filere y\u00f6nelik.<\/p>\r\n        <\/div>\r\n      <\/div>\r\n    <\/div>\r\n  <\/div>\r\n\r\n  <!-- \u00d6NE \u00c7IKAN B\u0130LG\u0130 -->\r\n  <div class=\"detay-highlight-box\">\r\n    <div class=\"detay-highlight-inner\">\r\n      <p>2015 y\u0131l\u0131nda 575 milyon i\u00e7 Wellness turizmi seyahati yap\u0131ld\u0131. Bu, 2013'e g\u00f6re y\u00fczde 17'lik bir art\u0131\u015f\u0131 ifade etmektedir. WellHotel\u00ae sertifikasyonu ile \u00fclkeler ve b\u00f6lgeler kendilerini sa\u011fl\u0131k ve t\u0131p i\u00e7in uygun bir hedef olarak markala\u015ft\u0131rabilecektir.<\/p>\r\n    <\/div>\r\n  <\/div>\r\n\r\n  <!-- KAPSAM -->\r\n  <div class=\"detay-section\">\r\n    <div class=\"detay-section-title\">Kapsam Alanlar\u0131<\/div>\r\n    <div class=\"detay-hizmetler\">\r\n      <div class=\"detay-hizmet-item\">\r\n        <div class=\"detay-hizmet-icon\">\r\n          <svg viewbox=\"0 0 24 24\"><polyline points=\"20 6 9 17 4 12\"\/><\/svg>\r\n        <\/div>\r\n        <span>Tatil K\u00f6yleri<\/span>\r\n      <\/div>\r\n      <div class=\"detay-hizmet-item\">\r\n        <div class=\"detay-hizmet-icon\">\r\n          <svg viewbox=\"0 0 24 24\"><polyline points=\"20 6 9 17 4 12\"\/><\/svg>\r\n        <\/div>\r\n        <span>Oteller<\/span>\r\n      <\/div>\r\n      <div class=\"detay-hizmet-item\">\r\n        <div class=\"detay-hizmet-icon\">\r\n          <svg viewbox=\"0 0 24 24\"><polyline points=\"20 6 9 17 4 12\"\/><\/svg>\r\n        <\/div>\r\n        <span>Apart Oteller<\/span>\r\n      <\/div>\r\n      <div class=\"detay-hizmet-item\">\r\n        <div class=\"detay-hizmet-icon\">\r\n          <svg viewbox=\"0 0 24 24\"><polyline points=\"20 6 9 17 4 12\"\/><\/svg>\r\n        <\/div>\r\n        <span>Sa\u011fl\u0131k Otelleri<\/span>\r\n      <\/div>\r\n    <\/div>\r\n  <\/div>\r\n\r\n  <!-- FAYDALAR -->\r\n  <div class=\"detay-section\">\r\n    <div class=\"detay-section-title\">Sertifikasyonun Faydalar\u0131<\/div>\r\n    <ul class=\"detay-liste\">\r\n      <li>\r\n        <div class=\"detay-liste-icon\"><svg viewbox=\"0 0 24 24\"><polyline points=\"20 6 9 17 4 12\"\/><\/svg><\/div>\r\n        \u00dclkeler ve b\u00f6lgeler kendilerini sa\u011fl\u0131k ve t\u0131p i\u00e7in uygun bir hedef olarak markala\u015ft\u0131rabilecek.\r\n      <\/li>\r\n      <li>\r\n        <div class=\"detay-liste-icon\"><svg viewbox=\"0 0 24 24\"><polyline points=\"20 6 9 17 4 12\"\/><\/svg><\/div>\r\n        Pazarda yeni bir ak\u0131m yaratmak.\r\n      <\/li>\r\n      <li>\r\n        <div class=\"detay-liste-icon\"><svg viewbox=\"0 0 24 24\"><polyline points=\"20 6 9 17 4 12\"\/><\/svg><\/div>\r\n        Rakiplerinize g\u00f6re rekabet avantaj\u0131 kazand\u0131r\u0131r.\r\n      <\/li>\r\n    <\/ul>\r\n  <\/div>\r\n\r\n  <!-- AVANTAJLAR -->\r\n  <div class=\"detay-section\">\r\n    <div class=\"detay-section-title\">Neden WellHotel\u00ae?<\/div>\r\n    <div class=\"detay-avantajlar\">\r\n      <div class=\"detay-avantaj-kart-wrap\">\r\n        <div class=\"detay-avantaj-kart\">\r\n          <div class=\"detay-avantaj-icon\">\ud83c\udfe8<\/div>\r\n          <h4>Tesis M\u00fckemmelli\u011fi<\/h4>\r\n          <p>Wellness Oteli, Sa\u011fl\u0131k Tesisi veya Wellness Spa olarak m\u00fckemmelle\u015fin<\/p>\r\n        <\/div>\r\n      <\/div>\r\n      <div class=\"detay-avantaj-kart-wrap\">\r\n        <div class=\"detay-avantaj-kart\">\r\n          <div class=\"detay-avantaj-icon\">\ud83d\udcc8<\/div>\r\n          <h4>B\u00fcy\u00fcyen Pazar<\/h4>\r\n          <p>575 milyon+ wellness turizmi seyahati ve y\u00fczde 17'lik b\u00fcy\u00fcme oran\u0131<\/p>\r\n        <\/div>\r\n      <\/div>\r\n      <div class=\"detay-avantaj-kart-wrap\">\r\n        <div class=\"detay-avantaj-kart\">\r\n          <div class=\"detay-avantaj-icon\">\ud83c\udfaf<\/div>\r\n          <h4>Rekabet Avantaj\u0131<\/h4>\r\n          <p>Sa\u011fl\u0131k hizmetleri sunan di\u011fer tesislere k\u0131yasla \u00f6ne \u00e7\u0131k\u0131n<\/p>\r\n        <\/div>\r\n      <\/div>\r\n    <\/div>\r\n  <\/div>\r\n\r\n  <!-- CTA -->\r\n  <div class=\"detay-cta\">\r\n    <div class=\"detay-cta-inner\">\r\n      <h3>WellHotel\u00ae Sertifikas\u0131 Almak \u0130ster Misiniz?<\/h3>\r\n      <p>GRS Health Tourism olarak WellHotel\u00ae sertifikasyon s\u00fcrecinizde yan\u0131n\u0131zday\u0131z. Detayl\u0131 bilgi ve dan\u0131\u015fmanl\u0131k i\u00e7in bizimle ileti\u015fime ge\u00e7in.<\/p>\r\n      <a href=\"https:\/\/test.grshealthtourism.com\/de\/grs-htc-hizmet-talep-formu\/\" class=\"detay-cta-buton\">\r\n        Service anfordern\r\n        <svg width=\"18\" height=\"18\" viewbox=\"0 0 24 24\" fill=\"none\" stroke=\"currentColor\" stroke-width=\"2.5\" stroke-linecap=\"round\" stroke-linejoin=\"round\"><path d=\"M5 12h14\"\/><path d=\"m12 5 7 7-7 7\"\/><\/svg>\r\n      <\/a>\r\n    <\/div>\r\n  <\/div>\r\n\r\n<\/div>\r\n\t\t\t\t<\/div>\n\t\t\t\t<\/div>\n\t\t\t\t<\/div>","protected":false},"excerpt":{"rendered":"<p>T\u00fcm Akreditasyonlar WellHotel\u00ae Bir otel, tatil k\u00f6y\u00fc veya kapl\u0131calar\u0131n g\u00fcnl\u00fck hizmetlerini genel olarak art\u0131rabilir ve sa\u011fl\u0131k hizmetleri sunan di\u011ferlerine k\u0131yasla tesisin \u00f6ne \u00e7\u0131kmas\u0131na yard\u0131mc\u0131 olacak ara\u00e7lar sunan sertifikasyon program\u0131d\u0131r. WellHotel\u00ae Hakk\u0131nda WellHotel\u00ae; Tatil K\u00f6yleri, Oteller ve Apart Otelleriyle ilgili konaklama faaliyetlerini ve sa\u011fl\u0131k otellerini geli\u015ftirmek i\u00e7in tasarlanm\u0131\u015f bir sertifika program\u0131d\u0131r. WellHotel\u00ae Sertifikasyonuna yat\u0131r\u0131m yapmak, kurulu\u015funuzun [&hellip;]<\/p>","protected":false},"author":2,"featured_media":0,"parent":0,"menu_order":0,"comment_status":"closed","ping_status":"closed","template":"elementor_header_footer","meta":{"_eb_attr":"","_joinchat":[],"footnotes":""},"class_list":["post-2719","page","type-page","status-publish","hentry"],"_links":{"self":[{"href":"https:\/\/test.grshealthtourism.com\/de\/wp-json\/wp\/v2\/pages\/2719","targetHints":{"allow":["GET"]}}],"collection":[{"href":"https:\/\/test.grshealthtourism.com\/de\/wp-json\/wp\/v2\/pages"}],"about":[{"href":"https:\/\/test.grshealthtourism.com\/de\/wp-json\/wp\/v2\/types\/page"}],"author":[{"embeddable":true,"href":"https:\/\/test.grshealthtourism.com\/de\/wp-json\/wp\/v2\/users\/2"}],"replies":[{"embeddable":true,"href":"https:\/\/test.grshealthtourism.com\/de\/wp-json\/wp\/v2\/comments?post=2719"}],"version-history":[{"count":19,"href":"https:\/\/test.grshealthtourism.com\/de\/wp-json\/wp\/v2\/pages\/2719\/revisions"}],"predecessor-version":[{"id":3086,"href":"https:\/\/test.grshealthtourism.com\/de\/wp-json\/wp\/v2\/pages\/2719\/revisions\/3086"}],"wp:attachment":[{"href":"https:\/\/test.grshealthtourism.com\/de\/wp-json\/wp\/v2\/media?parent=2719"}],"curies":[{"name":"wp","href":"https:\/\/api.w.org\/{rel}","templated":true}]}}