{"id":2309,"date":"2025-12-16T23:12:12","date_gmt":"2025-12-16T20:12:12","guid":{"rendered":"https:\/\/test.grshealthtourism.com\/?page_id=2309"},"modified":"2026-02-27T09:45:28","modified_gmt":"2026-02-27T06:45:28","slug":"danismanlarimiz","status":"publish","type":"page","link":"https:\/\/test.grshealthtourism.com\/en\/danismanlarimiz\/","title":{"rendered":"Our consultants"},"content":{"rendered":"<div data-elementor-type=\"wp-page\" data-elementor-id=\"2309\" class=\"elementor elementor-2309\">\n\t\t\t\t<div class=\"elementor-element elementor-element-7db624c e-con-full e-flex e-con e-parent\" data-id=\"7db624c\" data-element_type=\"container\" data-settings=\"{&quot;background_background&quot;:&quot;classic&quot;}\">\n\t\t\t\t<div class=\"elementor-element elementor-element-2c554f7 elementor-widget elementor-widget-html\" data-id=\"2c554f7\" data-element_type=\"widget\" data-widget_type=\"html.default\">\n\t\t\t\t\t<style>\r\n  .detay-banner {\r\n    width: 100%;\r\n    min-height: 280px;\r\n    background: radial-gradient(ellipse at 50% 30%, rgba(180, 180, 180, 0.15) 0%, transparent 50%),\r\n                radial-gradient(ellipse at 30% 70%, rgba(120, 120, 120, 0.08) 0%, transparent 45%),\r\n                radial-gradient(ellipse at 70% 60%, rgba(200, 200, 200, 0.06) 0%, transparent 40%),\r\n                linear-gradient(to bottom, #2a2a2a 0%, #1a1a1a 40%, #0d0d0d 100%);\r\n    display: flex;\r\n    align-items: center;\r\n    justify-content: center;\r\n    position: relative;\r\n    overflow: hidden;\r\n  }\r\n  .detay-banner::before {\r\n    content: '';\r\n    position: absolute;\r\n    top: 0; left: 0; right: 0; bottom: 0;\r\n    background: radial-gradient(ellipse at 50% 40%, rgba(255, 255, 255, 0.05) 0%, transparent 60%);\r\n    pointer-events: none;\r\n  }\r\n  .detay-banner::after {\r\n    content: '';\r\n    position: absolute;\r\n    bottom: 0; left: 0; right: 0;\r\n    height: 2px;\r\n    background: linear-gradient(90deg, transparent 0%, rgba(255, 255, 255, 0.15) 30%, rgba(200, 200, 200, 0.15) 70%, transparent 100%);\r\n  }\r\n  .detay-banner-logo {\r\n    width: 180px;\r\n    height: 180px;\r\n    object-fit: contain;\r\n    position: relative;\r\n    z-index: 1;\r\n    filter: drop-shadow(0 0 40px rgba(255, 255, 255, 0.1)) drop-shadow(0 0 80px rgba(200, 200, 200, 0.05));\r\n  }\r\n  @media (max-width: 767px) {\r\n    .detay-banner { min-height: 200px; }\r\n    .detay-banner-logo { width: 120px; height: 120px; }\r\n  }\r\n  @media (min-width: 768px) and (max-width: 1024px) {\r\n    .detay-banner { min-height: 240px; }\r\n    .detay-banner-logo { width: 150px; height: 150px; }\r\n  }\r\n<\/style>\r\n<div class=\"detay-banner\">\r\n  <img decoding=\"async\" src=\"https:\/\/test.grshealthtourism.com\/wp-content\/uploads\/2025\/12\/grs-favicon.png\" alt=\"GRS Health Tourism\" class=\"detay-banner-logo\">\r\n<\/div>\r\n\t\t\t\t<\/div>\n\t\t\t\t<\/div>\n\t\t<div class=\"elementor-element elementor-element-7beac67 e-flex e-con-boxed e-con e-parent\" data-id=\"7beac67\" data-element_type=\"container\" data-settings=\"{&quot;background_background&quot;:&quot;classic&quot;}\">\n\t\t\t\t\t<div class=\"e-con-inner\">\n\t\t\t\t<div class=\"elementor-element elementor-element-09daaef elementor-widget elementor-widget-text-editor\" data-id=\"09daaef\" data-element_type=\"widget\" data-widget_type=\"text-editor.default\">\n\t\t\t\t\t\t\t\t\t<h3>Our Academic Advisors<\/h3><p>Are you ready to increase your facility&#039;s international patient share with the support of our professors, who serve as academic advisors for GRS Health Tourism and contribute to our work in the field of health tourism?<\/p>\t\t\t\t\t\t\t\t<\/div>\n\t\t\t\t\t<\/div>\n\t\t\t\t<\/div>\n\t\t<div class=\"elementor-element elementor-element-44e9a81 e-flex e-con-boxed e-con e-parent\" data-id=\"44e9a81\" data-element_type=\"container\" data-settings=\"{&quot;background_background&quot;:&quot;classic&quot;}\">\n\t\t\t\t\t<div class=\"e-con-inner\">\n\t\t<div class=\"elementor-element elementor-element-45f3450 e-con-full e-flex e-con e-child\" data-id=\"45f3450\" data-element_type=\"container\">\n\t\t\t\t<div class=\"elementor-element elementor-element-b8880ac elementor-widget elementor-widget-image\" data-id=\"b8880ac\" data-element_type=\"widget\" data-widget_type=\"image.default\">\n\t\t\t\t\t\t\t\t\t\t\t\t\t\t\t<img fetchpriority=\"high\" decoding=\"async\" width=\"258\" height=\"300\" src=\"https:\/\/test.grshealthtourism.com\/wp-content\/uploads\/2025\/12\/prof-dr-dilaver-tengilimoglu-258x300-1.jpg\" class=\"attachment-large size-large wp-image-2372\" alt=\"\" \/>\t\t\t\t\t\t\t\t\t\t\t\t\t\t\t<\/div>\n\t\t\t\t<div class=\"elementor-element elementor-element-bd71604 elementor-widget elementor-widget-text-editor\" data-id=\"bd71604\" data-element_type=\"widget\" data-widget_type=\"text-editor.default\">\n\t\t\t\t\t\t\t\t\t<h5>PROF. DR. DILAVER TENGILIMOGLU<\/h5><p><b>Academic Advisor<\/b><\/p><p>Atilim University<\/p><p>Institute of Social Sciences<\/p>\t\t\t\t\t\t\t\t<\/div>\n\t\t\t\t<\/div>\n\t\t<div class=\"elementor-element elementor-element-c35d451 e-con-full e-flex e-con e-child\" data-id=\"c35d451\" data-element_type=\"container\">\n\t\t\t\t<div class=\"elementor-element elementor-element-f69f18d elementor-widget elementor-widget-image\" data-id=\"f69f18d\" data-element_type=\"widget\" data-widget_type=\"image.default\">\n\t\t\t\t\t\t\t\t\t\t\t\t\t\t\t<img decoding=\"async\" width=\"258\" height=\"300\" src=\"https:\/\/test.grshealthtourism.com\/wp-content\/uploads\/2025\/12\/imbl-prof-dr-davut-cem-dikmen-258x300-1.jpg\" class=\"attachment-large size-large wp-image-2373\" alt=\"\" \/>\t\t\t\t\t\t\t\t\t\t\t\t\t\t\t<\/div>\n\t\t\t\t<div class=\"elementor-element elementor-element-8aa6b77 elementor-widget elementor-widget-text-editor\" data-id=\"8aa6b77\" data-element_type=\"widget\" data-widget_type=\"text-editor.default\">\n\t\t\t\t\t\t\t\t\t<h5>IMBL PROF. DR.<br \/>DAVUT CEM DIKMEN<\/h5><p><b>Academic Advisor<\/b><\/p><p>International Cyprus University<\/p><p>Deputy Dean of the Faculty of Health Sciences.<\/p>\t\t\t\t\t\t\t\t<\/div>\n\t\t\t\t<\/div>\n\t\t<div class=\"elementor-element elementor-element-e10e42f e-con-full e-flex e-con e-child\" data-id=\"e10e42f\" data-element_type=\"container\">\n\t\t\t\t<div class=\"elementor-element elementor-element-d398bae elementor-widget elementor-widget-image\" data-id=\"d398bae\" data-element_type=\"widget\" data-widget_type=\"image.default\">\n\t\t\t\t\t\t\t\t\t\t\t\t\t\t\t<img decoding=\"async\" width=\"258\" height=\"300\" src=\"https:\/\/test.grshealthtourism.com\/wp-content\/uploads\/2025\/12\/Hulya-HARUTOGLU-258x300-1.jpg\" class=\"attachment-large size-large wp-image-2374\" alt=\"\" \/>\t\t\t\t\t\t\t\t\t\t\t\t\t\t\t<\/div>\n\t\t\t\t<div class=\"elementor-element elementor-element-15aae64 elementor-widget elementor-widget-text-editor\" data-id=\"15aae64\" data-element_type=\"widget\" data-widget_type=\"text-editor.default\">\n\t\t\t\t\t\t\t\t\t<h5>PROF. DR.<br \/>H\u00dcLYA HARUTO\u011eLU<\/h5><p><b>Academic Advisor<\/b><\/p><p>Eastern Mediterranean University<\/p><p>Dean of the Faculty of Health Sciences<\/p>\t\t\t\t\t\t\t\t<\/div>\n\t\t\t\t<\/div>\n\t\t<div class=\"elementor-element elementor-element-49943b8 e-con-full e-flex e-con e-child\" data-id=\"49943b8\" data-element_type=\"container\">\n\t\t\t\t<div class=\"elementor-element elementor-element-9cc6a3c elementor-widget elementor-widget-image\" data-id=\"9cc6a3c\" data-element_type=\"widget\" data-widget_type=\"image.default\">\n\t\t\t\t\t\t\t\t\t\t\t\t\t\t\t<img loading=\"lazy\" decoding=\"async\" width=\"243\" height=\"300\" src=\"https:\/\/test.grshealthtourism.com\/wp-content\/uploads\/2025\/12\/KAI-ILLING-243x300-1.jpg\" class=\"attachment-large size-large wp-image-2375\" alt=\"\" \/>\t\t\t\t\t\t\t\t\t\t\t\t\t\t\t<\/div>\n\t\t\t\t<div class=\"elementor-element elementor-element-d8f62c1 elementor-widget elementor-widget-text-editor\" data-id=\"d8f62c1\" data-element_type=\"widget\" data-widget_type=\"text-editor.default\">\n\t\t\t\t\t\t\t\t\t<h5>PROF. DR.<br \/>KAI ILLING<\/h5><p><b>Academic Advisor<\/b><\/p><p>FH Johanneum University Faculty of Health<\/p><p>Tourism Management in Austria<\/p>\t\t\t\t\t\t\t\t<\/div>\n\t\t\t\t<\/div>\n\t\t\t\t\t<\/div>\n\t\t\t\t<\/div>\n\t\t<div class=\"elementor-element elementor-element-ac25c49 e-flex e-con-boxed e-con e-parent\" data-id=\"ac25c49\" data-element_type=\"container\" data-settings=\"{&quot;background_background&quot;:&quot;classic&quot;}\">\n\t\t\t\t\t<div class=\"e-con-inner\">\n\t\t<div class=\"elementor-element elementor-element-29cd2ca e-con-full e-flex e-con e-child\" data-id=\"29cd2ca\" data-element_type=\"container\">\n\t\t\t\t<div class=\"elementor-element elementor-element-e3caa6c elementor-widget elementor-widget-image\" data-id=\"e3caa6c\" data-element_type=\"widget\" data-widget_type=\"image.default\">\n\t\t\t\t\t\t\t\t\t\t\t\t\t\t\t<img loading=\"lazy\" decoding=\"async\" width=\"258\" height=\"300\" src=\"https:\/\/test.grshealthtourism.com\/wp-content\/uploads\/2025\/12\/bistra-360x419-1-360x419-1-258x300-1.jpg\" class=\"attachment-large size-large wp-image-2376\" alt=\"\" \/>\t\t\t\t\t\t\t\t\t\t\t\t\t\t\t<\/div>\n\t\t\t\t<div class=\"elementor-element elementor-element-5c0d3b2 elementor-widget elementor-widget-text-editor\" data-id=\"5c0d3b2\" data-element_type=\"widget\" data-widget_type=\"text-editor.default\">\n\t\t\t\t\t\t\t\t\t<h5>PROF. DR.<br \/>BISTRA DIMITROVA<\/h5><p><b>Academic Advisor<\/b><\/p><p>Balkan Water World Spa<\/p><p>Director of Wellness Association<\/p>\t\t\t\t\t\t\t\t<\/div>\n\t\t\t\t<\/div>\n\t\t<div class=\"elementor-element elementor-element-ac67382 e-con-full e-flex e-con e-child\" data-id=\"ac67382\" data-element_type=\"container\">\n\t\t\t\t<div class=\"elementor-element elementor-element-722d770 elementor-widget elementor-widget-image\" data-id=\"722d770\" data-element_type=\"widget\" data-widget_type=\"image.default\">\n\t\t\t\t\t\t\t\t\t\t\t\t\t\t\t<img loading=\"lazy\" decoding=\"async\" width=\"258\" height=\"300\" src=\"https:\/\/test.grshealthtourism.com\/wp-content\/uploads\/2025\/12\/dgd-360x419-1-258x300-1.jpg\" class=\"attachment-large size-large wp-image-2377\" alt=\"\" \/>\t\t\t\t\t\t\t\t\t\t\t\t\t\t\t<\/div>\n\t\t\t\t<div class=\"elementor-element elementor-element-f8b93e4 elementor-widget elementor-widget-text-editor\" data-id=\"f8b93e4\" data-element_type=\"widget\" data-widget_type=\"text-editor.default\">\n\t\t\t\t\t\t\t\t\t<h5>LEILA KRESIC \u2013 JURIC<\/h5><p>HTI \u2013 Health Tourism Industry, General Manager and Partner, Former Tourism Director, Former Member of the Expert Tourism Committee of the Croatian Chamber of Commerce, Croatian Parliament.<\/p>\t\t\t\t\t\t\t\t<\/div>\n\t\t\t\t<\/div>\n\t\t<div class=\"elementor-element elementor-element-fbc2b6e e-con-full e-flex e-con e-child\" data-id=\"fbc2b6e\" data-element_type=\"container\">\n\t\t\t\t<div class=\"elementor-element elementor-element-30af706 elementor-widget elementor-widget-image\" data-id=\"30af706\" data-element_type=\"widget\" data-widget_type=\"image.default\">\n\t\t\t\t\t\t\t\t\t\t\t\t\t\t\t<img loading=\"lazy\" decoding=\"async\" width=\"258\" height=\"300\" src=\"https:\/\/test.grshealthtourism.com\/wp-content\/uploads\/2025\/12\/1582101530.8039_23-360x419-1-258x300-1.jpg\" class=\"attachment-large size-large wp-image-2378\" alt=\"\" \/>\t\t\t\t\t\t\t\t\t\t\t\t\t\t\t<\/div>\n\t\t\t\t<div class=\"elementor-element elementor-element-672d015 elementor-widget elementor-widget-text-editor\" data-id=\"672d015\" data-element_type=\"widget\" data-widget_type=\"text-editor.default\">\n\t\t\t\t\t\t\t\t\t<h5>ANKE SPONSOR<\/h5><p>CSI CONSULTING \/ ITB NETWORKER\/TREAVELFIT MAGAZINE<\/p>\t\t\t\t\t\t\t\t<\/div>\n\t\t\t\t<\/div>\n\t\t<div class=\"elementor-element elementor-element-5e69181 e-con-full e-flex e-con e-child\" data-id=\"5e69181\" data-element_type=\"container\">\n\t\t\t\t<div class=\"elementor-element elementor-element-d74239d elementor-widget elementor-widget-image\" data-id=\"d74239d\" data-element_type=\"widget\" data-widget_type=\"image.default\">\n\t\t\t\t\t\t\t\t\t\t\t\t\t\t\t<img loading=\"lazy\" decoding=\"async\" width=\"258\" height=\"300\" src=\"https:\/\/test.grshealthtourism.com\/wp-content\/uploads\/2025\/12\/danisman-saglik-turizmi-11-360x419-1-258x300-1.jpg\" class=\"attachment-large size-large wp-image-2379\" alt=\"\" \/>\t\t\t\t\t\t\t\t\t\t\t\t\t\t\t<\/div>\n\t\t\t\t<div class=\"elementor-element elementor-element-3f42c76 elementor-widget elementor-widget-text-editor\" data-id=\"3f42c76\" data-element_type=\"widget\" data-widget_type=\"text-editor.default\">\n\t\t\t\t\t\t\t\t\t<h5>DR. MURAT GUMUS<\/h5><p>PROJECT AND MANAGEMENT SPECIALIST, AACI AUDITOR<\/p>\t\t\t\t\t\t\t\t<\/div>\n\t\t\t\t<\/div>\n\t\t\t\t\t<\/div>\n\t\t\t\t<\/div>\n\t\t\t\t<\/div>","protected":false},"excerpt":{"rendered":"<p>Akademik Dan\u0131\u015fmanlar\u0131m\u0131z Sa\u011fl\u0131k Turizmi alan\u0131ndaki \u00e7al\u0131\u015fmalar\u0131 ile GRS Health Tourism \u015firketimizin akademik dan\u0131\u015fmanlar\u0131 olarak bize destek veren hocalar\u0131m\u0131z ile birlikte tesisinizin uluslararas\u0131nda ki hasta pay\u0131n\u0131 y\u00fckseltmeye haz\u0131r m\u0131s\u0131n\u0131z ? PROF. DR. D\u0130LAVER TENG\u0130L\u0130MO\u011eLU Akademik Dan\u0131\u015fman At\u0131l\u0131m \u00dcniversitesi Sosyal Bilimler Enstit\u00fcs\u00fc \u0130MBL PROF. DR.DAVUT CEM D\u0130KMEN Akademik Dan\u0131\u015fman Uluslararas\u0131 K\u0131br\u0131s \u00dcniversitesi Sa\u011fl\u0131k Bilimleri Fak\u00fcltesi Dekan Yrd. [&hellip;]<\/p>","protected":false},"author":1,"featured_media":0,"parent":0,"menu_order":0,"comment_status":"closed","ping_status":"closed","template":"elementor_header_footer","meta":{"_eb_attr":"","_joinchat":[],"footnotes":""},"class_list":["post-2309","page","type-page","status-publish","hentry"],"_links":{"self":[{"href":"https:\/\/test.grshealthtourism.com\/en\/wp-json\/wp\/v2\/pages\/2309","targetHints":{"allow":["GET"]}}],"collection":[{"href":"https:\/\/test.grshealthtourism.com\/en\/wp-json\/wp\/v2\/pages"}],"about":[{"href":"https:\/\/test.grshealthtourism.com\/en\/wp-json\/wp\/v2\/types\/page"}],"author":[{"embeddable":true,"href":"https:\/\/test.grshealthtourism.com\/en\/wp-json\/wp\/v2\/users\/1"}],"replies":[{"embeddable":true,"href":"https:\/\/test.grshealthtourism.com\/en\/wp-json\/wp\/v2\/comments?post=2309"}],"version-history":[{"count":20,"href":"https:\/\/test.grshealthtourism.com\/en\/wp-json\/wp\/v2\/pages\/2309\/revisions"}],"predecessor-version":[{"id":3067,"href":"https:\/\/test.grshealthtourism.com\/en\/wp-json\/wp\/v2\/pages\/2309\/revisions\/3067"}],"wp:attachment":[{"href":"https:\/\/test.grshealthtourism.com\/en\/wp-json\/wp\/v2\/media?parent=2309"}],"curies":[{"name":"wp","href":"https:\/\/api.w.org\/{rel}","templated":true}]}}