{"id":2313,"date":"2025-12-16T23:12:43","date_gmt":"2025-12-16T20:12:43","guid":{"rendered":"https:\/\/test.grshealthtourism.com\/?page_id=2313"},"modified":"2026-02-27T09:46:23","modified_gmt":"2026-02-27T06:46:23","slug":"calisma-yapimiz","status":"publish","type":"page","link":"https:\/\/test.grshealthtourism.com\/en\/calisma-yapimiz\/","title":{"rendered":"Our Working Structure"},"content":{"rendered":"<div data-elementor-type=\"wp-page\" data-elementor-id=\"2313\" class=\"elementor elementor-2313\">\n\t\t\t\t<div class=\"elementor-element elementor-element-2c52593e e-con-full e-flex e-con e-parent\" data-id=\"2c52593e\" data-element_type=\"container\">\n\t\t\t\t<div class=\"elementor-element elementor-element-505e036a elementor-widget elementor-widget-html\" data-id=\"505e036a\" data-element_type=\"widget\" data-widget_type=\"html.default\">\n\t\t\t\t\t<style>\r\n  .detay-banner {\r\n    width: 100%;\r\n    min-height: 280px;\r\n    background: radial-gradient(ellipse at 50% 30%, rgba(180, 180, 180, 0.15) 0%, transparent 50%),\r\n                radial-gradient(ellipse at 30% 70%, rgba(120, 120, 120, 0.08) 0%, transparent 45%),\r\n                radial-gradient(ellipse at 70% 60%, rgba(200, 200, 200, 0.06) 0%, transparent 40%),\r\n                linear-gradient(to bottom, #2a2a2a 0%, #1a1a1a 40%, #0d0d0d 100%);\r\n    display: flex;\r\n    align-items: center;\r\n    justify-content: center;\r\n    position: relative;\r\n    overflow: hidden;\r\n  }\r\n  .detay-banner::before {\r\n    content: '';\r\n    position: absolute;\r\n    top: 0; left: 0; right: 0; bottom: 0;\r\n    background: radial-gradient(ellipse at 50% 40%, rgba(255, 255, 255, 0.05) 0%, transparent 60%);\r\n    pointer-events: none;\r\n  }\r\n  .detay-banner::after {\r\n    content: '';\r\n    position: absolute;\r\n    bottom: 0; left: 0; right: 0;\r\n    height: 2px;\r\n    background: linear-gradient(90deg, transparent 0%, rgba(255, 255, 255, 0.15) 30%, rgba(200, 200, 200, 0.15) 70%, transparent 100%);\r\n  }\r\n  .detay-banner-logo {\r\n    width: 180px;\r\n    height: 180px;\r\n    object-fit: contain;\r\n    position: relative;\r\n    z-index: 1;\r\n    filter: drop-shadow(0 0 40px rgba(255, 255, 255, 0.1)) drop-shadow(0 0 80px rgba(200, 200, 200, 0.05));\r\n  }\r\n  @media (max-width: 767px) {\r\n    .detay-banner { min-height: 200px; }\r\n    .detay-banner-logo { width: 120px; height: 120px; }\r\n  }\r\n  @media (min-width: 768px) and (max-width: 1024px) {\r\n    .detay-banner { min-height: 240px; }\r\n    .detay-banner-logo { width: 150px; height: 150px; }\r\n  }\r\n<\/style>\r\n<div class=\"detay-banner\">\r\n  <img decoding=\"async\" src=\"https:\/\/test.grshealthtourism.com\/wp-content\/uploads\/2025\/12\/grs-favicon.png\" alt=\"GRS Health Tourism\" class=\"detay-banner-logo\">\r\n<\/div>\r\n\t\t\t\t<\/div>\n\t\t\t\t<\/div>\n\t\t<div class=\"elementor-element elementor-element-680273fa e-flex e-con-boxed e-con e-parent\" data-id=\"680273fa\" data-element_type=\"container\" data-settings=\"{&quot;background_background&quot;:&quot;classic&quot;}\">\n\t\t\t\t\t<div class=\"e-con-inner\">\n\t\t<div class=\"elementor-element elementor-element-1108984b e-con-full e-flex e-con e-child\" data-id=\"1108984b\" data-element_type=\"container\">\n\t\t\t\t<div class=\"elementor-element elementor-element-33dbfa98 elementor-widget elementor-widget-text-editor\" data-id=\"33dbfa98\" data-element_type=\"widget\" data-widget_type=\"text-editor.default\">\n\t\t\t\t\t\t\t\t\t<h1 class=\"vw-page-title\">Our Working Structure<\/h1><p>Medical tourism is a rapidly growing trend both in Turkey and worldwide. For countries with well-developed healthcare infrastructure, it has become a significant source of income.<\/p><p><strong>We collaborate with expert companies both domestically and internationally to achieve excellent results.<\/strong><\/p><p>Medical tourism is the management of a process from the arrival of a patient from their country of origin to their return home after treatment. Regardless of the quality of our healthcare infrastructure, facilities, and physicians providing services, everything is expected to be flawless and perfect in this process management. In this sense, in addition to the provision of healthcare services, it is necessary to manage processes such as licensing in our country, utilizing health tourism incentives and state support, personnel training and employment, establishment and management of an International Health Unit, national accreditation, and international market analysis, international accreditation, intermediary organizations, and foreign partnerships.<\/p><p><strong>GRS Health Tourism Consultancy<\/strong>\u00a0With our expert consultants, we have obtained all the necessary national and international authorizations, and with our ability to benefit from state incentives and support, we strive to market our services in the best possible way and add value to our country and health tourism facilities.<\/p>\t\t\t\t\t\t\t\t<\/div>\n\t\t\t\t<\/div>\n\t\t<div class=\"elementor-element elementor-element-13e43fe8 e-con-full e-flex e-con e-child\" data-id=\"13e43fe8\" data-element_type=\"container\">\n\t\t\t\t<div class=\"elementor-element elementor-element-5e779f06 elementor-widget elementor-widget-image\" data-id=\"5e779f06\" data-element_type=\"widget\" data-widget_type=\"image.default\">\n\t\t\t\t\t\t\t\t\t\t\t\t\t\t\t<img fetchpriority=\"high\" decoding=\"async\" width=\"640\" height=\"412\" src=\"https:\/\/test.grshealthtourism.com\/wp-content\/uploads\/2025\/12\/Fotolia_53776842_V-1024x659-1.jpg\" class=\"attachment-large size-large wp-image-2403\" alt=\"\" srcset=\"https:\/\/test.grshealthtourism.com\/wp-content\/uploads\/2025\/12\/Fotolia_53776842_V-1024x659-1.jpg 1024w, https:\/\/test.grshealthtourism.com\/wp-content\/uploads\/2025\/12\/Fotolia_53776842_V-1024x659-1-300x193.jpg 300w, https:\/\/test.grshealthtourism.com\/wp-content\/uploads\/2025\/12\/Fotolia_53776842_V-1024x659-1-768x494.jpg 768w, https:\/\/test.grshealthtourism.com\/wp-content\/uploads\/2025\/12\/Fotolia_53776842_V-1024x659-1-600x386.jpg 600w\" sizes=\"(max-width: 640px) 100vw, 640px\" \/>\t\t\t\t\t\t\t\t\t\t\t\t\t\t\t<\/div>\n\t\t\t\t<\/div>\n\t\t\t\t\t<\/div>\n\t\t\t\t<\/div>\n\t\t<div class=\"elementor-element elementor-element-15008645 e-con-full e-flex e-con e-parent\" data-id=\"15008645\" data-element_type=\"container\" data-settings=\"{&quot;background_background&quot;:&quot;classic&quot;}\">\n\t\t\t\t<div class=\"elementor-element elementor-element-7a93cbc8 elementor-widget elementor-widget-html\" data-id=\"7a93cbc8\" data-element_type=\"widget\" data-widget_type=\"html.default\">\n\t\t\t\t\t<style>\r\n  .danismanlik-section {\r\n    max-width: 900px;\r\n    margin: 0 auto;\r\n    padding: 40px 20px;\r\n    font-family: 'Segoe UI', Arial, sans-serif;\r\n  }\r\n\r\n  .danismanlik-card {\r\n    background: #1a1a1a;\r\n    border-radius: 16px;\r\n    padding: 40px;\r\n    border: 1px solid rgba(255, 255, 255, 0.08);\r\n  }\r\n\r\n  .danismanlik-baslik-link {\r\n    display: inline-flex;\r\n    align-items: center;\r\n    gap: 10px;\r\n    margin-bottom: 8px;\r\n    text-decoration: none;\r\n    padding: 10px 20px;\r\n    border-radius: 10px;\r\n    background: rgba(255, 255, 255, 0.05);\r\n    border: 1px solid rgba(255, 255, 255, 0.12);\r\n    transition: all 0.3s ease;\r\n    cursor: pointer;\r\n  }\r\n\r\n  .danismanlik-baslik-link:hover {\r\n    background: rgba(255, 255, 255, 0.1);\r\n    border-color: rgba(255, 255, 255, 0.4);\r\n    transform: translateX(6px);\r\n    box-shadow: 0 4px 20px rgba(0, 0, 0, 0.3);\r\n    text-decoration: none;\r\n  }\r\n\r\n  .danismanlik-baslik-icon {\r\n    color: #ffffff;\r\n    font-size: 24px;\r\n  }\r\n\r\n  .danismanlik-baslik-link h3 {\r\n    font-size: 24px;\r\n    font-weight: 700;\r\n    color: #ffffff;\r\n    margin: 0;\r\n  }\r\n\r\n  .danismanlik-baslik-arrow {\r\n    margin-left: 6px;\r\n    transition: transform 0.3s ease;\r\n  }\r\n\r\n  .danismanlik-baslik-link:hover .danismanlik-baslik-arrow {\r\n    transform: translateX(4px);\r\n  }\r\n\r\n  .danismanlik-alt-baslik {\r\n    font-size: 15px;\r\n    color: #d4d4d4;\r\n    margin-bottom: 25px;\r\n    font-style: italic;\r\n  }\r\n\r\n  .danismanlik-aciklama {\r\n    font-size: 15px;\r\n    color: #d4d4d4;\r\n    line-height: 1.8;\r\n    margin-bottom: 28px;\r\n  }\r\n\r\n  .danismanlik-divider {\r\n    height: 1px;\r\n    background: rgba(255, 255, 255, 0.08);\r\n    margin-bottom: 28px;\r\n  }\r\n\r\n  .danismanlik-liste {\r\n    list-style: none;\r\n    padding: 0;\r\n    margin: 0;\r\n    display: flex;\r\n    flex-direction: column;\r\n    gap: 12px;\r\n  }\r\n\r\n  .danismanlik-liste li {\r\n    display: flex;\r\n    align-items: flex-start;\r\n    gap: 10px;\r\n    font-size: 14px;\r\n    color: #d4d4d4;\r\n    line-height: 1.7;\r\n    padding: 12px 16px;\r\n    background: rgba(255, 255, 255, 0.03);\r\n    border-radius: 10px;\r\n    border-left: 3px solid rgba(255, 255, 255, 0.3);\r\n  }\r\n\r\n  .danismanlik-liste-icon {\r\n    flex-shrink: 0;\r\n    color: #ffffff;\r\n    margin-top: 2px;\r\n  }\r\n\r\n  @media (max-width: 767px) {\r\n    .danismanlik-card {\r\n      padding: 25px 18px;\r\n    }\r\n\r\n    .danismanlik-baslik-link {\r\n      padding: 8px 14px;\r\n    }\r\n\r\n    .danismanlik-baslik-link h3 {\r\n      font-size: 18px;\r\n    }\r\n\r\n    .danismanlik-aciklama {\r\n      font-size: 14px;\r\n    }\r\n\r\n    .danismanlik-liste li {\r\n      font-size: 13px;\r\n      padding: 10px 12px;\r\n    }\r\n  }\r\n<\/style>\r\n\r\n<div class=\"danismanlik-section\">\r\n  <div class=\"danismanlik-card\">\r\n\r\n    <a href=\"#\" class=\"danismanlik-baslik-link\" id=\"danismanlikLink\">\r\n      <span class=\"danismanlik-baslik-icon\">\u2714\ufe0e<\/span>\r\n      <h3>Fill out our Consultation Request Form.<\/h3>\r\n      <svg class=\"danismanlik-baslik-arrow\" width=\"20\" height=\"20\" viewbox=\"0 0 24 24\" fill=\"none\" stroke=\"#ffffff\" stroke-width=\"2.5\" stroke-linecap=\"round\" stroke-linejoin=\"round\"><path d=\"M5 12h14\"\/><path d=\"m12 5 7 7-7 7\"\/><\/svg>\r\n    <\/a>\r\n\r\n    <p class=\"danismanlik-alt-baslik\">We will evaluate the situation and send our expert team to visit you as soon as possible.<\/p>\r\n\r\n    <p class=\"danismanlik-aciklama\">After registering on the consultation form, we send you a free preliminary assessment report tailored to your needs, including the requested services and company information. Following this, our consultants and team conduct a facility visit to evaluate the agreed-upon points within the scope of the requested service. During this visit, we define all processes, from licensing to the international market structure.<\/p>\r\n\r\n    <div class=\"danismanlik-divider\"><\/div>\r\n\r\n    <ul class=\"danismanlik-liste\">\r\n      <li>\r\n        <span class=\"danismanlik-liste-icon\">\u2022<\/span>\r\n        From the first stage onwards, a contract is signed between the consulting firm and the facility that includes the facility&#039;s obligations.\r\n      <\/li>\r\n      <li>\r\n        <span class=\"danismanlik-liste-icon\">\u2022<\/span>\r\n        A preliminary assessment report including a pre-contractual work plan is provided free of charge.\r\n      <\/li>\r\n      <li>\r\n        <span class=\"danismanlik-liste-icon\">\u2022<\/span>\r\n        The facility is responsible for providing the necessary information and documents to legal authorities (e-signature, mandatory personnel employment, etc.), and any delays arising from this are the facility&#039;s responsibility.\r\n      <\/li>\r\n      <li>\r\n        <span class=\"danismanlik-liste-icon\">\u2022<\/span>\r\n        Additional services requested by the facility during the project phase are considered as extras. Decisions are made by mutual agreement.\r\n      <\/li>\r\n      <li>\r\n        <span class=\"danismanlik-liste-icon\">\u2022<\/span>\r\n        Expenses paid for the facility&#039;s international marketing activities (interactive marketing, advertising, promotion, broadcasting organizations), documentation costs paid to accreditation bodies, and official fees paid to the government are the facility&#039;s responsibility and are not considered part of the consultancy service.\r\n      <\/li>\r\n      <li>\r\n        <span class=\"danismanlik-liste-icon\">\u2022<\/span>\r\n        In cases where facility visits are required, accommodation and transportation costs are covered by the facility.\r\n      <\/li>\r\n    <\/ul>\r\n\r\n  <\/div>\r\n<\/div>\r\n\r\n<script>\r\n(function() {\r\n  var path = window.location.pathname;\r\n  var langPrefix = '';\r\n  var slug = '\/grs-htc-hizmet-talep-formu\/';\r\n\r\n  if (path.indexOf('\/en\/') === 0) langPrefix = '\/en';\r\n  else if (path.indexOf('\/de\/') === 0) langPrefix = '\/de';\r\n  else if (path.indexOf('\/ru\/') === 0) langPrefix = '\/ru';\r\n\r\n  document.getElementById('danismanlikLink').href = langPrefix + slug;\r\n})();\r\n<\/script>\r\n\t\t\t\t<\/div>\n\t\t\t\t<\/div>\n\t\t\t\t<\/div>","protected":false},"excerpt":{"rendered":"<p>\u00c7al\u0131\u015fma Yap\u0131m\u0131z Sa\u011fl\u0131k turizmi \u00fclkemizde ve d\u00fcnyada yeni bir trend olmas\u0131 ile birlikte h\u0131zla b\u00fcy\u00fcyen bir yap\u0131ya sahiptir. Bu konuda sa\u011fl\u0131k altyap\u0131s\u0131n\u0131 tamamlam\u0131\u015f \u00fclkeler i\u00e7in ise \u00f6nemli bir gelir kayna\u011f\u0131 haline d\u00f6n\u00fc\u015fm\u00fc\u015ft\u00fcr. M\u00fckemmel sonu\u00e7lar elde etmek i\u00e7in yurtd\u0131\u015f\u0131nda ve \u00fclkemizde alan\u0131nda uzman \u015firketlerle birlikte \u00e7al\u0131\u015f\u0131yoruz. Sa\u011fl\u0131k turizmi, \u00fclkesinden al\u0131nan bir hastan\u0131n tedavi edilip \u00fclkesine gidene [&hellip;]<\/p>","protected":false},"author":1,"featured_media":0,"parent":0,"menu_order":0,"comment_status":"closed","ping_status":"closed","template":"elementor_header_footer","meta":{"_eb_attr":"","_joinchat":[],"footnotes":""},"class_list":["post-2313","page","type-page","status-publish","hentry"],"_links":{"self":[{"href":"https:\/\/test.grshealthtourism.com\/en\/wp-json\/wp\/v2\/pages\/2313","targetHints":{"allow":["GET"]}}],"collection":[{"href":"https:\/\/test.grshealthtourism.com\/en\/wp-json\/wp\/v2\/pages"}],"about":[{"href":"https:\/\/test.grshealthtourism.com\/en\/wp-json\/wp\/v2\/types\/page"}],"author":[{"embeddable":true,"href":"https:\/\/test.grshealthtourism.com\/en\/wp-json\/wp\/v2\/users\/1"}],"replies":[{"embeddable":true,"href":"https:\/\/test.grshealthtourism.com\/en\/wp-json\/wp\/v2\/comments?post=2313"}],"version-history":[{"count":14,"href":"https:\/\/test.grshealthtourism.com\/en\/wp-json\/wp\/v2\/pages\/2313\/revisions"}],"predecessor-version":[{"id":3073,"href":"https:\/\/test.grshealthtourism.com\/en\/wp-json\/wp\/v2\/pages\/2313\/revisions\/3073"}],"wp:attachment":[{"href":"https:\/\/test.grshealthtourism.com\/en\/wp-json\/wp\/v2\/media?parent=2313"}],"curies":[{"name":"wp","href":"https:\/\/api.w.org\/{rel}","templated":true}]}}