{"id":2337,"date":"2025-12-16T23:17:22","date_gmt":"2025-12-16T20:17:22","guid":{"rendered":"https:\/\/test.grshealthtourism.com\/?page_id=2337"},"modified":"2026-01-06T21:25:19","modified_gmt":"2026-01-06T18:25:19","slug":"iletisim","status":"publish","type":"page","link":"https:\/\/test.grshealthtourism.com\/en\/iletisim\/","title":{"rendered":"Communication"},"content":{"rendered":"<div data-elementor-type=\"wp-page\" data-elementor-id=\"2337\" class=\"elementor elementor-2337\">\n\t\t\t\t<div class=\"elementor-element elementor-element-c6ebea8 e-flex e-con-boxed e-con e-parent\" data-id=\"c6ebea8\" data-element_type=\"container\">\n\t\t\t\t\t<div class=\"e-con-inner\">\n\t\t<div class=\"elementor-element elementor-element-0e49cb7 e-con-full e-flex e-con e-child\" data-id=\"0e49cb7\" data-element_type=\"container\" data-settings=\"{&quot;background_background&quot;:&quot;classic&quot;}\">\n\t\t\t\t<div class=\"elementor-element elementor-element-81bc717 elementor-widget elementor-widget-text-editor\" data-id=\"81bc717\" data-element_type=\"widget\" data-widget_type=\"text-editor.default\">\n\t\t\t\t\t\t\t\t\t<header><h3 class=\"vw-page-title\">Contact us<\/h3><\/header><header>T\u00fcm soru, yorum ve \u00f6nerileriniz i\u00e7in bize a\u015fa\u011f\u0131daki ileti\u015fim bilgilerimizden ula\u015fabilirsiniz.<\/header><header><\/header><header><\/header><header><\/header><p><strong>Telefon:\u00a0<a href=\"tel:902428558112\">+90 242 855 8 112<\/a><\/strong><\/p><p><strong>GSM: <a href=\"tel:902428558112\">+90 242 855 8 112<\/a><\/strong><\/p><p><strong>E-Mail: <a href=\"mailto:info@grshealthtourism.com\">info@grshealthtourism.com<\/a><\/strong><\/p><hr \/><h6>\u00a0<\/h6><h6>Alanya Merkez Ofis<\/h6><h6>\u015e\u00fckr\u00fc K\u0131r Apartman\u0131, Oba, Fidanl\u0131k Cd. No: 64 \u0130\u00e7 Kap\u0131 No: 2, 07460 Alanya\/Antalya<\/h6>\t\t\t\t\t\t\t\t<\/div>\n\t\t\t\t<\/div>\n\t\t<div class=\"elementor-element elementor-element-9b31d4a e-con-full e-flex e-con e-child\" data-id=\"9b31d4a\" data-element_type=\"container\" data-settings=\"{&quot;background_background&quot;:&quot;classic&quot;}\">\n\t\t\t\t<div class=\"elementor-element elementor-element-0b3b02a elementor-widget elementor-widget-image\" data-id=\"0b3b02a\" data-element_type=\"widget\" data-widget_type=\"image.default\">\n\t\t\t\t\t\t\t\t\t\t\t\t\t\t\t<img fetchpriority=\"high\" decoding=\"async\" width=\"640\" height=\"756\" src=\"https:\/\/test.grshealthtourism.com\/wp-content\/uploads\/2025\/12\/grs-logo-1-867x1024.png\" class=\"attachment-large size-large wp-image-2241\" alt=\"\" srcset=\"https:\/\/test.grshealthtourism.com\/wp-content\/uploads\/2025\/12\/grs-logo-1-867x1024.png 867w, https:\/\/test.grshealthtourism.com\/wp-content\/uploads\/2025\/12\/grs-logo-1-254x300.png 254w, https:\/\/test.grshealthtourism.com\/wp-content\/uploads\/2025\/12\/grs-logo-1-768x907.png 768w, https:\/\/test.grshealthtourism.com\/wp-content\/uploads\/2025\/12\/grs-logo-1-600x709.png 600w, https:\/\/test.grshealthtourism.com\/wp-content\/uploads\/2025\/12\/grs-logo-1.png 1152w\" sizes=\"(max-width: 640px) 100vw, 640px\" \/>\t\t\t\t\t\t\t\t\t\t\t\t\t\t\t<\/div>\n\t\t\t\t<\/div>\n\t\t\t\t\t<\/div>\n\t\t\t\t<\/div>\n\t\t<div class=\"elementor-element elementor-element-5a8e95b e-flex e-con-boxed e-con e-parent\" data-id=\"5a8e95b\" data-element_type=\"container\">\n\t\t\t\t\t<div class=\"e-con-inner\">\n\t\t<div class=\"elementor-element elementor-element-311696f e-con-full e-flex e-con e-child\" data-id=\"311696f\" data-element_type=\"container\" data-settings=\"{&quot;background_background&quot;:&quot;classic&quot;}\">\n\t\t\t\t<div class=\"elementor-element elementor-element-fb9d1d8 elementor-widget elementor-widget-html\" data-id=\"fb9d1d8\" data-element_type=\"widget\" data-widget_type=\"html.default\">\n\t\t\t\t\t<iframe src=\"https:\/\/www.google.com\/maps\/embed?pb=!1m18!1m12!1m3!1d3205.5120642432903!2d32.0428859!3d36.54176439999999!2m3!1f0!2f0!3f0!3m2!1i1024!2i768!4f13.1!3m3!1m2!1s0x14dc99f9f9e98161%3A0x2133f0e03eb8adfe!2sGRS%20Health%20Tourism%20Seyahat%20Acentas%C4%B1!5e0!3m2!1str!2str!4v1766481091989!5m2!1str!2str\" width=\"600\" height=\"750\" style=\"border:0;\" allowfullscreen=\"\" loading=\"lazy\" referrerpolicy=\"no-referrer-when-downgrade\"><\/iframe>\t\t\t\t<\/div>\n\t\t\t\t<\/div>\n\t\t<div class=\"elementor-element elementor-element-3e24eea e-con-full e-flex e-con e-child\" data-id=\"3e24eea\" data-element_type=\"container\" data-settings=\"{&quot;background_background&quot;:&quot;classic&quot;}\">\n\t\t\t\t<div class=\"elementor-element elementor-element-0255501 elementor-widget elementor-widget-html\" data-id=\"0255501\" data-element_type=\"widget\" data-widget_type=\"html.default\">\n\t\t\t\t\t<script src=\"https:\/\/www.google.com\/recaptcha\/api.js\" async defer><\/script>\r\n\r\n<div style=\"max-width: 800px; margin: 0 auto; padding: 30px; font-family: -apple-system, BlinkMacSystemFont, 'Segoe UI', Roboto, 'Helvetica Neue', Arial, sans-serif; background-color: #ffffff; border-radius: 8px;\">\r\n    \r\n    <h2 style=\"font-size: 28px; font-weight: 700; color: #1a1a1a; margin-bottom: 30px;\">\u0130leti\u015fim Formu<\/h2>\r\n\r\n    <form id=\"contactForm\" method=\"post\" action=\"\" style=\"width: 100%;\" data-trp-original-action=\"\">\r\n        \r\n        <!-- Ad Soyad -->\r\n        <div style=\"margin-bottom: 24px;\">\r\n            <label style=\"display: block; font-size: 14px; font-weight: 600; color: #1a1a1a; margin-bottom: 8px;\">\r\n                Name Surname <span style=\"color: #dc2626;\">*<\/span>\r\n            <\/label>\r\n            <input type=\"text\" name=\"ad_soyad\" required style=\"width: 100%; padding: 12px 14px; font-size: 15px; border: 1px solid #d1d5db; border-radius: 4px; box-sizing: border-box; transition: border-color 0.2s; outline: none; background-color: #f9fafb;\" onfocus=\"this.style.borderColor='#3b82f6'; this.style.backgroundColor='#ffffff';\" onblur=\"this.style.borderColor='#d1d5db'; this.style.backgroundColor='#f9fafb';\">\r\n        <\/div>\r\n\r\n        <!-- Telefon -->\r\n        <div style=\"margin-bottom: 24px;\">\r\n            <label style=\"display: block; font-size: 14px; font-weight: 600; color: #1a1a1a; margin-bottom: 8px;\">\r\n                Telephone <span style=\"color: #dc2626;\">*<\/span>\r\n            <\/label>\r\n            <input type=\"tel\" name=\"telefon\" required style=\"width: 100%; padding: 12px 14px; font-size: 15px; border: 1px solid #d1d5db; border-radius: 4px; box-sizing: border-box; transition: border-color 0.2s; outline: none; background-color: #f9fafb;\" onfocus=\"this.style.borderColor='#3b82f6'; this.style.backgroundColor='#ffffff';\" onblur=\"this.style.borderColor='#d1d5db'; this.style.backgroundColor='#f9fafb';\">\r\n        <\/div>\r\n\r\n        <!-- E-mail -->\r\n        <div style=\"margin-bottom: 24px;\">\r\n            <label style=\"display: block; font-size: 14px; font-weight: 600; color: #1a1a1a; margin-bottom: 8px;\">\r\n                E-mail <span style=\"color: #dc2626;\">*<\/span>\r\n            <\/label>\r\n            <input type=\"email\" name=\"email\" required style=\"width: 100%; padding: 12px 14px; font-size: 15px; border: 1px solid #d1d5db; border-radius: 4px; box-sizing: border-box; transition: border-color 0.2s; outline: none; background-color: #f9fafb;\" onfocus=\"this.style.borderColor='#3b82f6'; this.style.backgroundColor='#ffffff';\" onblur=\"this.style.borderColor='#d1d5db'; this.style.backgroundColor='#f9fafb';\">\r\n        <\/div>\r\n\r\n        <!-- Konu -->\r\n        <div style=\"margin-bottom: 24px;\">\r\n            <label style=\"display: block; font-size: 14px; font-weight: 600; color: #1a1a1a; margin-bottom: 8px;\">\r\n                Konu <span style=\"color: #dc2626;\">*<\/span>\r\n            <\/label>\r\n            <input type=\"text\" name=\"konu\" required style=\"width: 100%; padding: 12px 14px; font-size: 15px; border: 1px solid #d1d5db; border-radius: 4px; box-sizing: border-box; transition: border-color 0.2s; outline: none; background-color: #f9fafb;\" onfocus=\"this.style.borderColor='#3b82f6'; this.style.backgroundColor='#ffffff';\" onblur=\"this.style.borderColor='#d1d5db'; this.style.backgroundColor='#f9fafb';\">\r\n        <\/div>\r\n\r\n        <!-- Mesaj\u0131n\u0131z -->\r\n        <div style=\"margin-bottom: 24px;\">\r\n            <label style=\"display: block; font-size: 14px; font-weight: 600; color: #1a1a1a; margin-bottom: 8px;\">\r\n                Mesaj\u0131n\u0131z <span style=\"color: #dc2626;\">*<\/span>\r\n            <\/label>\r\n            <textarea name=\"mesaj\" rows=\"6\" required style=\"width: 100%; padding: 12px 14px; font-size: 15px; border: 1px solid #d1d5db; border-radius: 4px; box-sizing: border-box; transition: border-color 0.2s; outline: none; resize: vertical; font-family: inherit; background-color: #f9fafb;\" onfocus=\"this.style.borderColor='#3b82f6'; this.style.backgroundColor='#ffffff';\" onblur=\"this.style.borderColor='#d1d5db'; this.style.backgroundColor='#f9fafb';\"><\/textarea>\r\n        <\/div>\r\n\r\n\r\n        <!-- Submit Button -->\r\n        <div>\r\n            <button type=\"submit\" style=\"padding: 12px 30px; font-size: 15px; font-weight: 600; color: #374151; background-color: #e5e7eb; border: none; border-radius: 4px; cursor: pointer; transition: all 0.2s;\" onmouseover=\"this.style.backgroundColor='#d1d5db'\" onmouseout=\"this.style.backgroundColor='#e5e7eb'\">\r\n                Kaydet\r\n            <\/button>\r\n        <\/div>\r\n\r\n    <input type=\"hidden\" name=\"trp-form-language\" value=\"en\"\/><\/form>\r\n\r\n<\/div>\t\t\t\t<\/div>\n\t\t\t\t<\/div>\n\t\t\t\t\t<\/div>\n\t\t\t\t<\/div>\n\t\t\t\t<\/div>","protected":false},"excerpt":{"rendered":"<p>Bize Ula\u015f\u0131n T\u00fcm soru, yorum ve \u00f6nerileriniz i\u00e7in bize a\u015fa\u011f\u0131daki ileti\u015fim bilgilerimizden ula\u015fabilirsiniz. Telefon:\u00a0+90 242 855 8 112 GSM: +90 242 855 8 112 E-Mail: info@grshealthtourism.com \u00a0 Alanya Merkez Ofis \u015e\u00fckr\u00fc K\u0131r Apartman\u0131, Oba, Fidanl\u0131k Cd. No: 64 \u0130\u00e7 Kap\u0131 No: 2, 07460 Alanya\/Antalya \u0130leti\u015fim Formu Ad Soyad * Telefon * E-mail * Konu * [&hellip;]<\/p>","protected":false},"author":1,"featured_media":0,"parent":0,"menu_order":0,"comment_status":"closed","ping_status":"closed","template":"elementor_header_footer","meta":{"_eb_attr":"","_joinchat":[],"footnotes":""},"class_list":["post-2337","page","type-page","status-publish","hentry"],"_links":{"self":[{"href":"https:\/\/test.grshealthtourism.com\/en\/wp-json\/wp\/v2\/pages\/2337","targetHints":{"allow":["GET"]}}],"collection":[{"href":"https:\/\/test.grshealthtourism.com\/en\/wp-json\/wp\/v2\/pages"}],"about":[{"href":"https:\/\/test.grshealthtourism.com\/en\/wp-json\/wp\/v2\/types\/page"}],"author":[{"embeddable":true,"href":"https:\/\/test.grshealthtourism.com\/en\/wp-json\/wp\/v2\/users\/1"}],"replies":[{"embeddable":true,"href":"https:\/\/test.grshealthtourism.com\/en\/wp-json\/wp\/v2\/comments?post=2337"}],"version-history":[{"count":13,"href":"https:\/\/test.grshealthtourism.com\/en\/wp-json\/wp\/v2\/pages\/2337\/revisions"}],"predecessor-version":[{"id":2636,"href":"https:\/\/test.grshealthtourism.com\/en\/wp-json\/wp\/v2\/pages\/2337\/revisions\/2636"}],"wp:attachment":[{"href":"https:\/\/test.grshealthtourism.com\/en\/wp-json\/wp\/v2\/media?parent=2337"}],"curies":[{"name":"wp","href":"https:\/\/api.w.org\/{rel}","templated":true}]}}