{"id":2321,"date":"2025-12-16T23:13:54","date_gmt":"2025-12-16T20:13:54","guid":{"rendered":"https:\/\/test.grshealthtourism.com\/?page_id=2321"},"modified":"2026-02-27T10:02:46","modified_gmt":"2026-02-27T07:02:46","slug":"saglik-turizmi-devlet-destekleri-ve-tesvikleri","status":"publish","type":"page","link":"https:\/\/test.grshealthtourism.com\/ru\/saglik-turizmi-devlet-destekleri-ve-tesvikleri\/","title":{"rendered":"\u0413\u043e\u0441\u0443\u0434\u0430\u0440\u0441\u0442\u0432\u0435\u043d\u043d\u0430\u044f \u043f\u043e\u0434\u0434\u0435\u0440\u0436\u043a\u0430 \u0438 \u0441\u0442\u0438\u043c\u0443\u043b\u044b \u0434\u043b\u044f \u043c\u0435\u0434\u0438\u0446\u0438\u043d\u0441\u043a\u043e\u0433\u043e \u0442\u0443\u0440\u0438\u0437\u043c\u0430"},"content":{"rendered":"<div data-elementor-type=\"wp-page\" data-elementor-id=\"2321\" class=\"elementor elementor-2321\">\n\t\t\t\t<div class=\"elementor-element elementor-element-25d22ab e-con-full e-flex e-con e-parent\" data-id=\"25d22ab\" data-element_type=\"container\" data-settings=\"{&quot;background_background&quot;:&quot;classic&quot;}\">\n\t\t\t\t<div class=\"elementor-element elementor-element-9158e2e elementor-widget elementor-widget-html\" data-id=\"9158e2e\" data-element_type=\"widget\" data-widget_type=\"html.default\">\n\t\t\t\t\t<style>\r\n  .detay-banner {\r\n    width: 100%;\r\n    min-height: 280px;\r\n    background: radial-gradient(ellipse at 50% 30%, rgba(180, 180, 180, 0.15) 0%, transparent 50%),\r\n                radial-gradient(ellipse at 30% 70%, rgba(120, 120, 120, 0.08) 0%, transparent 45%),\r\n                radial-gradient(ellipse at 70% 60%, rgba(200, 200, 200, 0.06) 0%, transparent 40%),\r\n                linear-gradient(to bottom, #2a2a2a 0%, #1a1a1a 40%, #0d0d0d 100%);\r\n    display: flex;\r\n    align-items: center;\r\n    justify-content: center;\r\n    position: relative;\r\n    overflow: hidden;\r\n  }\r\n  .detay-banner::before {\r\n    content: '';\r\n    position: absolute;\r\n    top: 0; left: 0; right: 0; bottom: 0;\r\n    background: radial-gradient(ellipse at 50% 40%, rgba(255, 255, 255, 0.05) 0%, transparent 60%);\r\n    pointer-events: none;\r\n  }\r\n  .detay-banner::after {\r\n    content: '';\r\n    position: absolute;\r\n    bottom: 0; left: 0; right: 0;\r\n    height: 2px;\r\n    background: linear-gradient(90deg, transparent 0%, rgba(255, 255, 255, 0.15) 30%, rgba(200, 200, 200, 0.15) 70%, transparent 100%);\r\n  }\r\n  .detay-banner-logo {\r\n    width: 180px;\r\n    height: 180px;\r\n    object-fit: contain;\r\n    position: relative;\r\n    z-index: 1;\r\n    filter: drop-shadow(0 0 40px rgba(255, 255, 255, 0.1)) drop-shadow(0 0 80px rgba(200, 200, 200, 0.05));\r\n  }\r\n  @media (max-width: 767px) {\r\n    .detay-banner { min-height: 200px; }\r\n    .detay-banner-logo { width: 120px; height: 120px; }\r\n  }\r\n  @media (min-width: 768px) and (max-width: 1024px) {\r\n    .detay-banner { min-height: 240px; }\r\n    .detay-banner-logo { width: 150px; height: 150px; }\r\n  }\r\n<\/style>\r\n<div class=\"detay-banner\">\r\n  <img decoding=\"async\" src=\"https:\/\/test.grshealthtourism.com\/wp-content\/uploads\/2025\/12\/grs-favicon.png\" alt=\"GRS Health Tourism\" class=\"detay-banner-logo\">\r\n<\/div>\r\n\t\t\t\t<\/div>\n\t\t\t\t<\/div>\n\t\t<div class=\"elementor-element elementor-element-098b226 e-con-full e-flex e-con e-parent\" data-id=\"098b226\" data-element_type=\"container\" data-settings=\"{&quot;background_background&quot;:&quot;classic&quot;}\">\n\t\t\t\t<div class=\"elementor-element elementor-element-4b94ac1 elementor-widget elementor-widget-html\" data-id=\"4b94ac1\" data-element_type=\"widget\" data-widget_type=\"html.default\">\n\t\t\t\t\t<style>\r\n  .destek-section {\r\n    max-width: 1200px;\r\n    margin: 0 auto;\r\n    padding: 60px 30px;\r\n    font-family: 'Segoe UI', Arial, sans-serif;\r\n  }\r\n\r\n  .destek-baslik {\r\n    text-align: center;\r\n    margin-bottom: 40px;\r\n  }\r\n\r\n  .destek-baslik h2 {\r\n    font-size: 32px;\r\n    font-weight: 700;\r\n    color: #111111;\r\n    margin: 0 0 12px 0;\r\n    letter-spacing: -0.5px;\r\n  }\r\n\r\n  .destek-baslik p {\r\n    font-size: 15px;\r\n    color: #666;\r\n    margin: 0;\r\n    max-width: 680px;\r\n    margin-left: auto;\r\n    margin-right: auto;\r\n    line-height: 1.6;\r\n  }\r\n\r\n  .destek-tabs {\r\n    display: flex;\r\n    gap: 12px;\r\n    margin-bottom: 28px;\r\n    flex-wrap: wrap;\r\n    justify-content: center;\r\n  }\r\n\r\n  .destek-tab {\r\n    padding: 14px 28px;\r\n    border-radius: 10px;\r\n    border: 1px solid rgba(0, 0, 0, 0.15);\r\n    background: #2a2a2a;\r\n    color: #e0e0e0;\r\n    font-size: 15px;\r\n    font-weight: 600;\r\n    cursor: pointer;\r\n    transition: all 0.3s ease;\r\n  }\r\n\r\n  .destek-tab:hover {\r\n    background: #333;\r\n    color: #fff;\r\n    border-color: rgba(255, 255, 255, 0.2);\r\n  }\r\n\r\n  .destek-tab.active {\r\n    background: #111;\r\n    color: #fff;\r\n    border-color: rgba(255, 255, 255, 0.25);\r\n    box-shadow: 0 4px 16px rgba(0, 0, 0, 0.3);\r\n  }\r\n\r\n  .destek-panel {\r\n    display: none;\r\n    background: #1a1a1a;\r\n    border: 1px solid rgba(255, 255, 255, 0.06);\r\n    border-radius: 16px;\r\n    padding: 40px 44px;\r\n    position: relative;\r\n    overflow: hidden;\r\n  }\r\n\r\n  .destek-panel.active {\r\n    display: block;\r\n  }\r\n\r\n  .destek-panel::before {\r\n    content: '';\r\n    position: absolute;\r\n    left: 0;\r\n    top: 0;\r\n    bottom: 0;\r\n    width: 3px;\r\n    background: linear-gradient(to bottom, rgba(255, 255, 255, 0.4), rgba(255, 255, 255, 0.05));\r\n    border-radius: 3px 0 0 3px;\r\n  }\r\n\r\n  .destek-panel-inner {\r\n    display: flex;\r\n    align-items: flex-start;\r\n    gap: 40px;\r\n  }\r\n\r\n  .destek-gorsel {\r\n    flex-shrink: 0;\r\n    width: 160px;\r\n    height: 160px;\r\n    border-radius: 14px;\r\n    background: #222;\r\n    border: 1px solid rgba(255, 255, 255, 0.08);\r\n    display: flex;\r\n    align-items: center;\r\n    justify-content: center;\r\n    padding: 20px;\r\n    box-sizing: border-box;\r\n  }\r\n\r\n  .destek-gorsel img {\r\n    max-width: 100%;\r\n    max-height: 100%;\r\n    object-fit: contain;\r\n    display: block;\r\n  }\r\n\r\n  .destek-panel-body {\r\n    flex: 1;\r\n    min-width: 0;\r\n  }\r\n\r\n  .destek-panel h3 {\r\n    font-size: 24px;\r\n    font-weight: 700;\r\n    color: #ffffff;\r\n    margin: 0 0 20px 0;\r\n  }\r\n\r\n  .destek-panel .destek-intro {\r\n    font-size: 14.5px;\r\n    color: #d4d4d4;\r\n    line-height: 1.8;\r\n    margin-bottom: 24px;\r\n  }\r\n\r\n  .destek-panel .destek-intro p {\r\n    margin: 0 0 12px 0;\r\n  }\r\n\r\n  .destek-panel .destek-intro p:last-child {\r\n    margin-bottom: 0;\r\n  }\r\n\r\n  .destek-panel ul {\r\n    margin: 0;\r\n    padding-left: 22px;\r\n    color: #d4d4d4;\r\n    font-size: 14.5px;\r\n    line-height: 1.9;\r\n  }\r\n\r\n  .destek-panel ul li {\r\n    margin-bottom: 6px;\r\n  }\r\n\r\n  .destek-panel .destek-outro {\r\n    font-size: 14.5px;\r\n    color: #d4d4d4;\r\n    line-height: 1.8;\r\n    margin-top: 22px;\r\n    padding-top: 18px;\r\n    border-top: 1px solid rgba(255, 255, 255, 0.06);\r\n  }\r\n\r\n  .destek-panel .destek-outro p {\r\n    margin: 0 0 10px 0;\r\n  }\r\n\r\n  @media (max-width: 767px) {\r\n    .destek-section {\r\n      padding: 40px 16px;\r\n    }\r\n\r\n    .destek-tabs {\r\n      gap: 8px;\r\n      margin-bottom: 20px;\r\n    }\r\n\r\n    .destek-tab {\r\n      padding: 12px 20px;\r\n      font-size: 14px;\r\n    }\r\n\r\n    .destek-panel {\r\n      padding: 28px 24px;\r\n    }\r\n\r\n    .destek-panel-inner {\r\n      flex-direction: column;\r\n      align-items: center;\r\n      text-align: center;\r\n    }\r\n\r\n    .destek-panel-body {\r\n      text-align: left;\r\n    }\r\n\r\n    .destek-gorsel {\r\n      width: 120px;\r\n      height: 120px;\r\n      padding: 16px;\r\n    }\r\n\r\n    .destek-panel h3 {\r\n      font-size: 20px;\r\n    }\r\n  }\r\n<\/style>\r\n\r\n<div class=\"destek-section\">\r\n  <div class=\"destek-baslik\">\r\n    <h2>\u0413\u043e\u0441\u0443\u0434\u0430\u0440\u0441\u0442\u0432\u0435\u043d\u043d\u0430\u044f \u043f\u043e\u0434\u0434\u0435\u0440\u0436\u043a\u0430 \u0438 \u0441\u0442\u0438\u043c\u0443\u043b\u044b \u0434\u043b\u044f \u043c\u0435\u0434\u0438\u0446\u0438\u043d\u0441\u043a\u043e\u0433\u043e \u0442\u0443\u0440\u0438\u0437\u043c\u0430<\/h2>\r\n    <p>5448 say\u0131l\u0131 Karar \u00e7er\u00e7evesinde sa\u011fl\u0131k tesisleri, sa\u011fl\u0131k otelleri ve seyahat acenteleri i\u00e7in devlet desteklerinden yararlanma s\u00fcre\u00e7lerinde yan\u0131n\u0131zday\u0131z.<\/p>\r\n  <\/div>\r\n\r\n  <div class=\"destek-tabs\">\r\n    <button type=\"button\" class=\"destek-tab active\" data-panel=\"panel-tesisleri\">Sa\u011fl\u0131k Tesisleri<\/button>\r\n    <button type=\"button\" class=\"destek-tab\" data-panel=\"panel-otelleri\">Sa\u011fl\u0131k Otelleri<\/button>\r\n    <button type=\"button\" class=\"destek-tab\" data-panel=\"panel-acente\">Seyahat Acenteleri<\/button>\r\n  <\/div>\r\n\r\n  <!-- Sa\u011fl\u0131k Tesisleri -->\r\n  <div class=\"destek-panel active\" id=\"panel-tesisleri\">\r\n    <div class=\"destek-panel-inner\">\r\n      <div class=\"destek-gorsel\">\r\n        <img decoding=\"async\" src=\"https:\/\/test.grshealthtourism.com\/wp-content\/uploads\/2026\/01\/hastane-logo.png\" alt=\"Sa\u011fl\u0131k Tesisleri\">\r\n      <\/div>\r\n      <div class=\"destek-panel-body\">\r\n    <h3>Sa\u011fl\u0131k Tesisleri<\/h3>\r\n    <div class=\"destek-intro\">\r\n      <p>Ticaret Bakanl\u0131\u011f\u0131 D\u00f6viz Kazand\u0131r\u0131c\u0131 Hizmet Ticaretinin Desteklenmesi Hakk\u0131ndaki 5448 say\u0131l\u0131 Hizmet \u0130hracat\u0131n\u0131n Tan\u0131mlanmas\u0131, S\u0131n\u0131fland\u0131r\u0131lmas\u0131 ve Desteklenmesi Hakk\u0131nda Karar \u00e7er\u00e7evesinde sa\u011fl\u0131k turizmi yapan sa\u011fl\u0131k tesisleri (klinikler, hastaneler, t\u0131p merkezleri, a\u011f\u0131z ve di\u015f sa\u011fl\u0131\u011f\u0131 merkezleri) sa\u011fl\u0131k turizmi devlet te\u015fviklerinden maksimum d\u00fczeyde yararlanabilirler. Bunun i\u00e7in H\u0130B'e (Hizmet \u0130hracat\u00e7\u0131lar Birli\u011fi) \u00fcyelik a\u015famas\u0131ndan sonra sa\u011fl\u0131k turizmi devlet te\u015fvikleri kapsam\u0131ndaki t\u00fcm te\u015fviklerden yararlanma kabiliyeti h\u0131zl\u0131ca kazand\u0131r\u0131l\u0131r. Ayr\u0131ca bu te\u015fviklerden efektif bir \u015fekilde, zaman\u0131nda ve kesintisiz yararlanman\u0131z\u0131 sa\u011flayacak dosya s\u00fcre\u00e7leri, dosyalar\u0131n g\u00f6nderim ve takip s\u00fcre\u00e7leri firmam\u0131z taraf\u0131ndan y\u00f6netilmektedir.<\/p>\r\n      <p><strong>Bu te\u015fvikler:<\/strong><\/p>\r\n    <\/div>\r\n    <ul>\r\n      <li>Tescil ve Koruma Deste\u011fi<\/li>\r\n      <li>Pazara Giri\u015f Belgeleri Deste\u011fi<\/li>\r\n      <li>Acente Komisyon Deste\u011fi<\/li>\r\n      <li>Komplikasyon ve Seyahat Sa\u011fl\u0131k Sigortas\u0131 Deste\u011fi<\/li>\r\n      <li>\u0130stihdam Deste\u011fi<\/li>\r\n      <li>Yabanc\u0131 Dil ve Sa\u011fl\u0131k Turizmi E\u011fitimi Deste\u011fi<\/li>\r\n      <li>Hasta Yol Deste\u011fi<\/li>\r\n      <li>Reklam Tan\u0131t\u0131m ve Pazarlama Deste\u011fi<\/li>\r\n      <li>Birim Deste\u011fi<\/li>\r\n      <li>Yurt D\u0131\u015f\u0131 Etkinlik Kat\u0131l\u0131m Deste\u011fi<\/li>\r\n      <li>Milli Kat\u0131l\u0131m Organizasyonunu Tan\u0131t\u0131m Deste\u011fi<\/li>\r\n      <li>Yurt \u0130\u00e7i Etkinlik Kat\u0131l\u0131m Deste\u011fi<\/li>\r\n      <li>Yurt \u0130\u00e7i Tan\u0131t\u0131m ve E\u011fitim Deste\u011fi<\/li>\r\n      <li>\u00dcr\u00fcn Yerle\u015ftirme Deste\u011fi<\/li>\r\n      <li>Sekt\u00f6rel Al\u0131m Heyeti ve Sekt\u00f6rel Ticaret Heyeti Deste\u011fi<\/li>\r\n      <li>H\u0130SER Proje Ba\u015fvurusu<\/li>\r\n      <li>H\u0130SER \u0130htiya\u00e7 Analizi<\/li>\r\n      <li>H\u0130SER Projesi \u0130stihdam<\/li>\r\n      <li>H\u0130SER Projesi E\u011fitim ve Dan\u0131\u015fmanl\u0131k Faaliyeti<\/li>\r\n      <li>H\u0130SER Sekt\u00f6rel Ticaret ve Al\u0131m Heyeti<\/li>\r\n      <li>H\u0130SER Tan\u0131t\u0131m<\/li>\r\n      <li>H\u0130SER \u0130zleme ve De\u011ferlendirme<\/li>\r\n      <li>Sanal Fuar Organizasyon Deste\u011fi<\/li>\r\n      <li>Sa\u011fl\u0131k ve Spor Turizmi Sekt\u00f6rlerinin Geli\u015ftirilmesi ve Tan\u0131t\u0131lmas\u0131 Deste\u011fi<\/li>\r\n      <li>Yar\u0131\u015fma ve Etkinlik Deste\u011fi<\/li>\r\n    <\/ul>\r\n      <\/div>\r\n    <\/div>\r\n  <\/div>\r\n\r\n  <!-- Sa\u011fl\u0131k Otelleri -->\r\n  <div class=\"destek-panel\" id=\"panel-otelleri\">\r\n    <div class=\"destek-panel-inner\">\r\n      <div class=\"destek-gorsel\">\r\n        <img decoding=\"async\" src=\"https:\/\/test.grshealthtourism.com\/wp-content\/uploads\/2026\/01\/hotel-logo.png\" alt=\"Sa\u011fl\u0131k Otelleri\">\r\n      <\/div>\r\n      <div class=\"destek-panel-body\">\r\n    <h3>Sa\u011fl\u0131k Otelleri<\/h3>\r\n    <div class=\"destek-intro\">\r\n      <p>Ticaret Bakanl\u0131\u011f\u0131 D\u00f6viz Kazand\u0131r\u0131c\u0131 Hizmet Ticaretinin Desteklenmesi Hakk\u0131ndaki 5448 say\u0131l\u0131 Hizmet \u0130hracat\u0131n\u0131n Tan\u0131mlanmas\u0131, S\u0131n\u0131fland\u0131r\u0131lmas\u0131 ve Desteklenmesi Hakk\u0131nda Karar \u00e7er\u00e7evesinde sa\u011fl\u0131k turizmi yapan, sa\u011fl\u0131k oteline d\u00f6n\u00fc\u015fm\u00fc\u015f (Sa\u011fl\u0131k Bakanl\u0131\u011f\u0131ndan Konaklamal\u0131 Fizik Tedavi Rehabilitasyon Ruhsat\u0131 alm\u0131\u015f oteller, termal tesis stat\u00fcs\u00fcnde olan t\u00fcm oteller) sa\u011fl\u0131k turizmi te\u015fviklerinden yararlanabilir hale gelmi\u015flerdir. Sa\u011fl\u0131k turizmi devlet te\u015fvikleri her ge\u00e7en g\u00fcn kapsam\u0131n\u0131 art\u0131rmaktad\u0131r. Genelge ilk \u00e7\u0131kt\u0131\u011f\u0131nda termal oteller bu kapsamda de\u011filken, \u00fclkemizde termal otel konseptinde hizmet veren termal otellerin sa\u011fl\u0131k turizmi te\u015fviklerinden yararlanmalar\u0131n\u0131n \u00f6n\u00fc a\u00e7\u0131lm\u0131\u015ft\u0131r. Bu konuda detayl\u0131 bilgi i\u00e7in firmam\u0131zla ileti\u015fime ge\u00e7menizi \u00f6neririz.<\/p>\r\n      <p><strong>Bu te\u015fvikler:<\/strong><\/p>\r\n    <\/div>\r\n    <ul>\r\n      <li>Tescil ve Koruma Deste\u011fi<\/li>\r\n      <li>Pazara Giri\u015f Belgeleri Deste\u011fi<\/li>\r\n      <li>Acente Komisyon Deste\u011fi<\/li>\r\n      <li>Komplikasyon ve Seyahat Sa\u011fl\u0131k Sigortas\u0131 Deste\u011fi<\/li>\r\n      <li>\u0130stihdam Deste\u011fi<\/li>\r\n      <li>Yabanc\u0131 Dil ve Sa\u011fl\u0131k Turizmi E\u011fitimi Deste\u011fi<\/li>\r\n      <li>Hasta Yol Deste\u011fi<\/li>\r\n      <li>Reklam Tan\u0131t\u0131m ve Pazarlama Deste\u011fi<\/li>\r\n      <li>Birim Deste\u011fi<\/li>\r\n      <li>Yurt D\u0131\u015f\u0131 Etkinlik Kat\u0131l\u0131m Deste\u011fi<\/li>\r\n      <li>Milli Kat\u0131l\u0131m Organizasyonunu Tan\u0131t\u0131m Deste\u011fi<\/li>\r\n      <li>Yurt \u0130\u00e7i Etkinlik Kat\u0131l\u0131m Deste\u011fi<\/li>\r\n      <li>Yurt \u0130\u00e7i Tan\u0131t\u0131m ve E\u011fitim Deste\u011fi<\/li>\r\n      <li>\u00dcr\u00fcn Yerle\u015ftirme Deste\u011fi<\/li>\r\n      <li>Sekt\u00f6rel Al\u0131m Heyeti ve Sekt\u00f6rel Ticaret Heyeti Deste\u011fi<\/li>\r\n      <li>H\u0130SER Proje Ba\u015fvurusu<\/li>\r\n      <li>H\u0130SER \u0130htiya\u00e7 Analizi<\/li>\r\n      <li>H\u0130SER Projesi \u0130stihdam<\/li>\r\n      <li>H\u0130SER Projesi E\u011fitim ve Dan\u0131\u015fmanl\u0131k Faaliyeti<\/li>\r\n      <li>H\u0130SER Sekt\u00f6rel Ticaret ve Al\u0131m Heyeti<\/li>\r\n      <li>H\u0130SER Tan\u0131t\u0131m<\/li>\r\n      <li>H\u0130SER \u0130zleme ve De\u011ferlendirme<\/li>\r\n      <li>Sanal Fuar Organizasyon Deste\u011fi<\/li>\r\n      <li>Sa\u011fl\u0131k ve Spor Turizmi Sekt\u00f6rlerinin Geli\u015ftirilmesi ve Tan\u0131t\u0131lmas\u0131 Deste\u011fi<\/li>\r\n      <li>Yar\u0131\u015fma ve Etkinlik Deste\u011fi<\/li>\r\n    <\/ul>\r\n      <\/div>\r\n    <\/div>\r\n  <\/div>\r\n\r\n  <!-- Seyahat Acenteleri -->\r\n  <div class=\"destek-panel\" id=\"panel-acente\">\r\n    <div class=\"destek-panel-inner\">\r\n      <div class=\"destek-gorsel\">\r\n        <img decoding=\"async\" src=\"https:\/\/test.grshealthtourism.com\/wp-content\/uploads\/2026\/01\/seyahat-acentasi.png\" alt=\"Seyahat Acenteleri\">\r\n      <\/div>\r\n      <div class=\"destek-panel-body\">\r\n    <h3>Seyahat Acenteleri<\/h3>\r\n    <div class=\"destek-intro\">\r\n      <p>Ticaret Bakanl\u0131\u011f\u0131 D\u00f6viz Kazand\u0131r\u0131c\u0131 Hizmet Ticaretinin Desteklenmesi Hakk\u0131ndaki 5448 say\u0131l\u0131 Hizmet \u0130hracat\u0131n\u0131n Tan\u0131mlanmas\u0131, S\u0131n\u0131fland\u0131r\u0131lmas\u0131 ve Desteklenmesi Hakk\u0131nda Karar \u00e7er\u00e7evesinde gerekli izinlerin al\u0131nmas\u0131 ve H\u0130B'e (Hizmet \u0130hracat\u00e7\u0131lar Birli\u011fi) \u00fcyelik a\u015famas\u0131ndan sonra sa\u011fl\u0131k turizmi te\u015fviklerinden maksimum d\u00fczeyde yararlanman\u0131z\u0131 sa\u011fl\u0131yoruz. Daha \u00f6nceki genelge kapsam\u0131nda sadece T\u00dcRSAB'a \u00fcye A s\u0131n\u0131f\u0131 seyahat acentas\u0131 belgesi olup sa\u011fl\u0131k turizmi alan\u0131nda faaliyet g\u00f6stermek isteyen seyahat acenteleri sa\u011fl\u0131k turizmi te\u015fviklerinden yararlanabiliyordu. En yeni d\u00fczenlemelere g\u00f6re \u00fclkemizde spor turizminin geli\u015fmesi amac\u0131yla spor kamplar\u0131n\u0131 \u00fclkemize getiren ve spor turizmi alan\u0131nda faaliyet g\u00f6steren spor turizmi seyahat acenteleri de sa\u011fl\u0131k turizmi yetki belgesi almas\u0131na gerek kalmaks\u0131z\u0131n sa\u011fl\u0131k ve spor turizmi te\u015fviklerinden yararlanabileceklerdir.<\/p>\r\n      <p><strong>Desteklerden yararlanmalar\u0131 i\u00e7in t\u00fcm s\u00fcre\u00e7leri i\u00e7eren dan\u0131\u015fmanl\u0131k hizmeti veriyoruz; ayr\u0131ca bu desteklerin uygulanmas\u0131 ve desteklerden yararlanmalar\u0131na dair kabiliyet kazand\u0131r\u0131yoruz. T\u00fcm te\u015fviklerin b\u00fct\u00fcn a\u015famalar\u0131 konusunda e\u011fitimler veriyoruz.<\/strong><\/p>\r\n      <p>A\u015fa\u011f\u0131daki desteklerden yararlan\u0131labilir:<\/p>\r\n    <\/div>\r\n    <ul>\r\n      <li>\u00dcr\u00fcn-Hizmet Tescil Deste\u011fi<\/li>\r\n      <li>Marka Yurtd\u0131\u015f\u0131 Tescil ve Korunma Deste\u011fi<\/li>\r\n      <li>Rapor ve Yurtd\u0131\u015f\u0131 \u015eirket Al\u0131m\u0131na Y\u00f6nelik Dan\u0131\u015fmanl\u0131k Deste\u011fi<\/li>\r\n      <li>Belgelendirme Deste\u011fi<\/li>\r\n      <li>Reklam, Tan\u0131t\u0131m ve Pazarlama Deste\u011fi<\/li>\r\n      <li>Yurtd\u0131\u015f\u0131 Birim Deste\u011fi<\/li>\r\n      <li>Dan\u0131\u015fmanl\u0131k Deste\u011fi<\/li>\r\n      <li>Acenta Komisyon Deste\u011fi<\/li>\r\n      <li>Hasta Yol Deste\u011fi<\/li>\r\n      <li>Yurti\u00e7i Tan\u0131t\u0131m-E\u011fitim Deste\u011fi<\/li>\r\n      <li>Bireysel Fuar Kat\u0131l\u0131m Deste\u011fi<\/li>\r\n      <li>Milli Kat\u0131l\u0131m Organizasyonlar\u0131n\u0131n Desteklenmesi<\/li>\r\n      <li>Sanal Ticaret Heyeti Deste\u011fi<\/li>\r\n      <li>Sanal Fuar Kat\u0131l\u0131m Deste\u011fi<\/li>\r\n      <li>Sanal Fuar Organizasyonu Deste\u011fi<\/li>\r\n    <\/ul>\r\n    <div class=\"destek-outro\">\r\n      <p>Desteklerden yararlanmalar\u0131 ad\u0131na t\u00fcm te\u015fviklerin b\u00fct\u00fcn a\u015famalar\u0131 konusunda e\u011fitimler veriyoruz.<\/p>\r\n    <\/div>\r\n      <\/div>\r\n    <\/div>\r\n  <\/div>\r\n<\/div>\r\n\r\n<script>\r\n(function() {\r\n  var tabs = document.querySelectorAll('.destek-tab');\r\n  var panels = document.querySelectorAll('.destek-panel');\r\n  for (var i = 0; i < tabs.length; i++) {\r\n    tabs[i].addEventListener('click', function() {\r\n      var panelId = this.getAttribute('data-panel');\r\n      for (var t = 0; t < tabs.length; t++) {\r\n        tabs[t].classList.remove('active');\r\n        panels[t].classList.remove('active');\r\n      }\r\n      this.classList.add('active');\r\n      var panel = document.getElementById(panelId);\r\n      if (panel) panel.classList.add('active');\r\n    });\r\n  }\r\n})();\r\n<\/script>\r\n\t\t\t\t<\/div>\n\t\t\t\t<\/div>\n\t\t\t\t<\/div>","protected":false},"excerpt":{"rendered":"<p>Sa\u011fl\u0131k Turizmi Devlet Destekleri ve Te\u015fvikleri 5448 say\u0131l\u0131 Karar \u00e7er\u00e7evesinde sa\u011fl\u0131k tesisleri, sa\u011fl\u0131k otelleri ve seyahat acenteleri i\u00e7in devlet desteklerinden yararlanma s\u00fcre\u00e7lerinde yan\u0131n\u0131zday\u0131z. Sa\u011fl\u0131k Tesisleri Sa\u011fl\u0131k Otelleri Seyahat Acenteleri Sa\u011fl\u0131k Tesisleri Ticaret Bakanl\u0131\u011f\u0131 D\u00f6viz Kazand\u0131r\u0131c\u0131 Hizmet Ticaretinin Desteklenmesi Hakk\u0131ndaki 5448 say\u0131l\u0131 Hizmet \u0130hracat\u0131n\u0131n Tan\u0131mlanmas\u0131, S\u0131n\u0131fland\u0131r\u0131lmas\u0131 ve Desteklenmesi Hakk\u0131nda Karar \u00e7er\u00e7evesinde sa\u011fl\u0131k turizmi yapan sa\u011fl\u0131k tesisleri [&hellip;]<\/p>","protected":false},"author":1,"featured_media":0,"parent":0,"menu_order":0,"comment_status":"closed","ping_status":"closed","template":"elementor_header_footer","meta":{"_eb_attr":"","_joinchat":[],"footnotes":""},"class_list":["post-2321","page","type-page","status-publish","hentry"],"_links":{"self":[{"href":"https:\/\/test.grshealthtourism.com\/ru\/wp-json\/wp\/v2\/pages\/2321","targetHints":{"allow":["GET"]}}],"collection":[{"href":"https:\/\/test.grshealthtourism.com\/ru\/wp-json\/wp\/v2\/pages"}],"about":[{"href":"https:\/\/test.grshealthtourism.com\/ru\/wp-json\/wp\/v2\/types\/page"}],"author":[{"embeddable":true,"href":"https:\/\/test.grshealthtourism.com\/ru\/wp-json\/wp\/v2\/users\/1"}],"replies":[{"embeddable":true,"href":"https:\/\/test.grshealthtourism.com\/ru\/wp-json\/wp\/v2\/comments?post=2321"}],"version-history":[{"count":17,"href":"https:\/\/test.grshealthtourism.com\/ru\/wp-json\/wp\/v2\/pages\/2321\/revisions"}],"predecessor-version":[{"id":3107,"href":"https:\/\/test.grshealthtourism.com\/ru\/wp-json\/wp\/v2\/pages\/2321\/revisions\/3107"}],"wp:attachment":[{"href":"https:\/\/test.grshealthtourism.com\/ru\/wp-json\/wp\/v2\/media?parent=2321"}],"curies":[{"name":"wp","href":"https:\/\/api.w.org\/{rel}","templated":true}]}}